{"id":97,"date":"2020-09-22T15:38:41","date_gmt":"2020-09-22T14:38:41","guid":{"rendered":"https:\/\/www.viperfish.eu\/slow-venice\/?page_id=97"},"modified":"2026-03-15T08:54:23","modified_gmt":"2026-03-15T07:54:23","slug":"venice-renaissance-bellini-titian-and-tintoretto","status":"publish","type":"page","link":"https:\/\/www.slow-venice.com\/de\/slow-venice-itineraries\/venice-renaissance-bellini-titian-and-tintoretto\/","title":{"rendered":"Die K\u00fcnstler der Renaissance: Bellini, Tizian und Tintoretto in der Frari Kirche und in der Scuola di San Rocco"},"content":{"rendered":"<div class=\"text-box-inner-wrap\"><div class=\"none\" style=\"padding: 30px 0 0;margin: 0 0 0;background-color: ;color: ;border-width:0px;border-color:;border-style:solid;\"><\/p>\n<p><img loading=\"lazy\" decoding=\"async\" class=\"aligncenter wp-image-259 size-full\" src=\"https:\/\/www.slow-venice.com\/wp-content\/uploads\/2020\/09\/san-rocco-1800x960-1.jpg\" alt=\"San Rocco - Venice\" width=\"1800\" height=\"960\" srcset=\"https:\/\/www.slow-venice.com\/wp-content\/uploads\/2020\/09\/san-rocco-1800x960-1.jpg 1800w, https:\/\/www.slow-venice.com\/wp-content\/uploads\/2020\/09\/san-rocco-1800x960-1-300x160.jpg 300w, https:\/\/www.slow-venice.com\/wp-content\/uploads\/2020\/09\/san-rocco-1800x960-1-1024x546.jpg 1024w, https:\/\/www.slow-venice.com\/wp-content\/uploads\/2020\/09\/san-rocco-1800x960-1-768x410.jpg 768w, https:\/\/www.slow-venice.com\/wp-content\/uploads\/2020\/09\/san-rocco-1800x960-1-1536x819.jpg 1536w, https:\/\/www.slow-venice.com\/wp-content\/uploads\/2020\/09\/san-rocco-1800x960-1-1400x747.jpg 1400w, https:\/\/www.slow-venice.com\/wp-content\/uploads\/2020\/09\/san-rocco-1800x960-1-800x427.jpg 800w\" sizes=\"auto, (max-width: 1800px) 100vw, 1800px\" \/><\/p>\n<p>\n<\/div><\/div>\n<div class=\"text-box-inner-wrap\"><div class=\"none\" style=\"padding: 0 0 0;margin: 0 0 0;background-color: ;color: ;border-width:0px;border-color:;border-style:solid;\"><\/p>\n<h3>Die K\u00fcnstler der Renaissance: Bellini, Tizian und Tintoretto in der Frari Kirche und in der Scuola di San Rocco<\/h3>\n<p>Die venezianischen K\u00fcnstler wurden \u2014 sogar von Michelangelo \u2014 einst daf\u00fcr kritisiert, nicht zeichnen zu k\u00f6nnen. Doch in Venedig war Farbe niemals blo\u00df eine Oberfl\u00e4che: Sie war eine Denkweise, ein Mittel, Raum, Licht und Emotion zu formen. Als ob sich die Form, in Atmosph\u00e4re aufl\u00f6sen w\u00fcrde.<\/p>\n<p>Mit diesem Rundgang tauchen wir ein in die venezianische Renaissance, begleitet von Meisterwerken dreier gro\u00dfer K\u00fcnstler, die den Lauf der europ\u00e4ischen Kunst nachhaltig beeinflusst haben: Bellini, Tizian und Tintoretto.<\/p>\n<p class=\"translation-block\">In der Kirche Santa Maria Gloriosa dei Frari begegnen wir zwei der k\u00fchnsten Kompositionen Tizians: der Himmelfahrt Mariens, einer dramatischen Szene voller Licht und Energie, und der Pesaro-Madonna, in der sich heiliger Raum und famili\u00e4rer Stolz auf vollkommene Weise verbinden.<\/p>\n<p class=\"translation-block\">In der Pesaro-Kapelle strahlt Bellinis Madonna mit Heiligen bis heute eine stille Erhabenheit aus. Das Bild, in Auftrag gegeben von einer Familie, die eng mit der Republik verbunden war, vereint geistige Ideale mit b\u00fcrgerlicher Treue \u2013 ein Spiegel der Werte des 15. Jahrhunderts.<\/p>\n<p>In the Scuola Grande di San Rocco, a different vision awaits. This was the seat of a brotherhood that cared for plague victims. Here, Tintoretto created one of the most daring and immersive painting cycles of the Late Renaissance. His vast, shadow-filled canvases still surround visitors with intensity, mystery, and a sense of the sublime.<br \/>\nThese scenes \u2014 of suffering, healing, sacrifice and redemption \u2014 echoed the spiritual responsibilities and anxieties of the brotherhood, and remain deeply human in their emotional impact.<\/p>\n<p><img loading=\"lazy\" decoding=\"async\" class=\"size-large wp-image-337 aligncenter\" src=\"https:\/\/www.slow-venice.com\/wp-content\/uploads\/2020\/12\/Trittico_dei_frari_01-955x1024.jpg\" alt=\"\" width=\"756\" height=\"811\" \/><\/p>\n<p><img loading=\"lazy\" decoding=\"async\" class=\"size-full wp-image-338 aligncenter\" src=\"https:\/\/www.slow-venice.com\/wp-content\/uploads\/2020\/12\/Frari-interno.jpg\" alt=\"\" width=\"750\" height=\"544\" srcset=\"https:\/\/www.slow-venice.com\/wp-content\/uploads\/2020\/12\/Frari-interno.jpg 750w, https:\/\/www.slow-venice.com\/wp-content\/uploads\/2020\/12\/Frari-interno-300x218.jpg 300w, https:\/\/www.slow-venice.com\/wp-content\/uploads\/2020\/12\/Frari-interno-16x12.jpg 16w\" sizes=\"auto, (max-width: 750px) 100vw, 750px\" \/><\/p>\n<\/div><\/div>\n<div id=\"sidebar\" class=\"sidebar-pagebuilder\">\n<div class=\"sidebar\">\n<div class=\"sidebar-widget\">\n<aside id=\"nav_menu-2\" class=\"widget widget_nav_menu\">\n<h3>Reiserouten<\/h3>\n<div class=\"menu-itineraries-container\">\n<ul id=\"menu-itineraries\" class=\"menu\">\n<li id=\"menu-item-91\" class=\"menu-item menu-item-type-custom menu-item-object-custom menu-item-has-children menu-item-91\"><a href=\"#\">Kunst und Geschichte Venedigs<\/a>\n<ul class=\"sub-menu\">\n<li id=\"menu-item-88\" class=\"menu-item menu-item-type-post_type menu-item-object-page menu-item-88\"><a href=\"https:\/\/www.slow-venice.com\/de\/slow-venice-itineraries\/st-marks-square-the-doges-palace-and-the-basilica\/\">St. Mark\u2019s Square, the Doge\u2019s Palace and the Basilica<\/a><\/li>\n<li id=\"menu-item-87\" class=\"menu-item menu-item-type-post_type menu-item-object-page menu-item-87\"><a href=\"https:\/\/www.slow-venice.com\/de\/slow-venice-itineraries\/secret-itineraries-of-the-doges-palace\/\">Die Geheimen Wege im Dogenpalast<\/a><\/li>\n<li id=\"menu-item-99\" class=\"menu-item menu-item-type-post_type menu-item-object-page menu-item-99\"><a href=\"https:\/\/www.slow-venice.com\/de\/slow-venice-itineraries\/venice-renaissance-bellini-titian-and-tintoretto\/\">Die K\u00fcnstler der Renaissance: Bellini, Tizian und Tintoretto in der Frari Kirche und in der Scuola di San Rocco<\/a><\/li>\n<li id=\"menu-item-110\" class=\"menu-item menu-item-type-post_type menu-item-object-page menu-item-110\"><a href=\"https:\/\/www.slow-venice.com\/de\/slow-venice-itineraries\/venetian-masters-at-the-accademia-galleries-light-colour-and-legacy\/\">Die Accademia-Galerie: Venezianische Kunst durch die Jahrhunderte<\/a><\/li>\n<li id=\"menu-item-109\" class=\"menu-item menu-item-type-post_type menu-item-object-page menu-item-109\"><a href=\"https:\/\/www.slow-venice.com\/de\/slow-venice-itineraries\/carpaccio-and-venetian-gothic-architecture\/\">Der fabelhafte Orient von Carpaccio in der Scuola degli Schiavoni und die venezianische Gotik<\/a><\/li>\n<li id=\"menu-item-401\" class=\"menu-item menu-item-type-post_type menu-item-object-page menu-item-401\"><a href=\"https:\/\/www.slow-venice.com\/de\/slow-venice-itineraries\/palatial-art-architecture-grimani-querini-stampalia\/\">Palatial Art and Architecture: Grimani and Querini Stampalia<\/a><\/li>\n<li id=\"menu-item-400\" class=\"menu-item menu-item-type-post_type menu-item-object-page menu-item-400\"><a href=\"https:\/\/www.slow-venice.com\/de\/slow-venice-itineraries\/art-architecture-of-the-sacred-churches\/\">Kunst und Architektur in den Kirchen von der Renaissance zum Neuklassizismus.<\/a><\/li>\n<\/ul>\n<\/li>\n<li id=\"menu-item-124\" class=\"menu-item menu-item-type-custom menu-item-object-custom menu-item-has-children menu-item-124\"><a href=\"#\">Venedig entdecken<\/a>\n<ul class=\"sub-menu\">\n<li id=\"menu-item-125\" class=\"menu-item menu-item-type-post_type menu-item-object-page menu-item-125\"><a href=\"https:\/\/www.slow-venice.com\/de\/slow-venice-itineraries\/venice-insights-and-highlights-a-first-orientation\/\">Venedig f\u00fcr Anf\u00e4nger: eine erste Orientierung<\/a><\/li>\n<li id=\"menu-item-178\" class=\"menu-item menu-item-type-post_type menu-item-object-page menu-item-178\"><a href=\"https:\/\/www.slow-venice.com\/de\/slow-venice-itineraries\/cannaregio-and-the-jewish-ghetto\/\">Cannaregio und das j\u00fcdische Ghetto<\/a><\/li>\n<li id=\"menu-item-177\" class=\"menu-item menu-item-type-post_type menu-item-object-page menu-item-177\"><a href=\"https:\/\/www.slow-venice.com\/de\/slow-venice-itineraries\/dorsoduro\/\">Dorsoduro<\/a><\/li>\n<li id=\"menu-item-176\" class=\"menu-item menu-item-type-post_type menu-item-object-page menu-item-176\"><a href=\"https:\/\/www.slow-venice.com\/de\/slow-venice-itineraries\/castello\/\">Castello<\/a><\/li>\n<li id=\"menu-item-175\" class=\"menu-item menu-item-type-post_type menu-item-object-page menu-item-175\"><a href=\"https:\/\/www.slow-venice.com\/de\/slow-venice-itineraries\/san-polo-meander-santa-croce-strolling\/\">San Polo und Santa Croce<\/a><\/li>\n<li id=\"menu-item-174\" class=\"menu-item menu-item-type-post_type menu-item-object-page menu-item-174\"><a href=\"https:\/\/www.slow-venice.com\/de\/slow-venice-itineraries\/tour-of-the-giudecca-island\/\">Tour \u00fcber die Insel Giudecca<\/a><\/li>\n<\/ul>\n<\/li>\n<li id=\"menu-item-179\" class=\"menu-item menu-item-type-custom menu-item-object-custom menu-item-has-children menu-item-179\"><a href=\"#\">Besonderes<\/a>\n<ul class=\"sub-menu\">\n<li id=\"menu-item-606\" class=\"menu-item menu-item-type-post_type menu-item-object-page menu-item-606\"><a href=\"https:\/\/www.slow-venice.com\/de\/slow-venice-itineraries\/art-biennale-2026\/\">Kunst-Biennale 2026<\/a><\/li>\n<li id=\"menu-item-180\" class=\"menu-item menu-item-type-post_type menu-item-object-page menu-item-180\"><a href=\"https:\/\/www.slow-venice.com\/de\/slow-venice-itineraries\/from-modern-to-contemporary-venice-and-the-art-of-today\/\">Wege zur Gegenwartskunst und Moderne: Venedig und die K\u00fcnste von heute<\/a><\/li>\n<li id=\"menu-item-185\" class=\"menu-item menu-item-type-post_type menu-item-object-page menu-item-185\"><a href=\"https:\/\/www.slow-venice.com\/de\/slow-venice-itineraries\/venetian-rococo-ca-rezzonico-and-the-carmini\/\">Venezianisches Rokoko: Ca\u2019 Rezzonico und Scuola dei Carmini<\/a><\/li>\n<li id=\"menu-item-184\" class=\"menu-item menu-item-type-post_type menu-item-object-page menu-item-184\"><a href=\"https:\/\/www.slow-venice.com\/de\/slow-venice-itineraries\/vivaldi-baroque-music-tour-venice\/\">Theater und Musik in Venedig<\/a><\/li>\n<li id=\"menu-item-183\" class=\"menu-item menu-item-type-post_type menu-item-object-page menu-item-183\"><a href=\"https:\/\/www.slow-venice.com\/de\/slow-venice-itineraries\/the-blue-green-lagoon\/\">Die Lagune<\/a><\/li>\n<li id=\"menu-item-182\" class=\"menu-item menu-item-type-post_type menu-item-object-page menu-item-182\"><a href=\"https:\/\/www.slow-venice.com\/de\/slow-venice-itineraries\/architecture-of-the-60ies-carlo-scarpa-olivetti-querini-stampalia\/\">Die Architektur der 60iger: Carlo Scarpa, Olivetti und die Fondazione Querini Stampalia<\/a><\/li>\n<li id=\"menu-item-394\" class=\"menu-item menu-item-type-post_type menu-item-object-page menu-item-394\"><a href=\"https:\/\/www.slow-venice.com\/de\/slow-venice-itineraries\/coco-chanel-in-venice\/\">Auf den Spuren von Coco Chanel in Venedig<\/a><\/li>\n<\/ul>\n<\/li>\n<\/ul>\n<\/div>\n<\/aside>\n<\/div>\n<\/div>\n<\/div>","protected":false},"excerpt":{"rendered":"<p>Itineraries Art and History St. Mark\u2019s Square, the Doge\u2019s Palace and the Basilica Secret Itineraries of the Doge\u2019s Palace The Venetian Renaissance of Bellini, Titian and Tintoretto Venetian Masters at the Accademia Galleries: Light, Colour, and Legacy Carpaccio at the Scuola degli Schiavoni and Gothic Venice Palatial Art and Architecture: Grimani and Querini Stampalia Art &#038; Architecture of the Sacred: Churches The Six Districts Venice Insights and Highlights: a first orientation Cannaregio and the Jewish Ghetto Dorsoduro Castello San Polo [&hellip;]<\/p>\n","protected":false},"author":1,"featured_media":0,"parent":60,"menu_order":0,"comment_status":"closed","ping_status":"open","template":"","meta":{"cybocfi_hide_featured_image":"","footnotes":""},"class_list":["post-97","page","type-page","status-publish","hentry"],"yoast_head":"<!-- This site is optimized with the Yoast SEO plugin v27.5 - https:\/\/yoast.com\/product\/yoast-seo-wordpress\/ -->\n<title>The Venetian Renaissance of Bellini, Titian and Tintoretto - Slow Venice<\/title>\n<meta name=\"description\" content=\"Venice Renaissance art by Bellini, Titian and Tintoretto \u2014 a private guided tour through the Frari church and the Scuola di San Rocco\" \/>\n<meta name=\"robots\" content=\"index, follow, max-snippet:-1, max-image-preview:large, max-video-preview:-1\" \/>\n<link rel=\"canonical\" href=\"https:\/\/www.slow-venice.com\/de\/slow-venice-itineraries\/venice-renaissance-bellini-titian-and-tintoretto\/\" \/>\n<meta property=\"og:locale\" content=\"de_DE\" \/>\n<meta property=\"og:type\" content=\"article\" \/>\n<meta property=\"og:title\" content=\"The Venetian Renaissance of Bellini, Titian and Tintoretto - Slow Venice\" \/>\n<meta property=\"og:description\" content=\"Venice Renaissance art by Bellini, Titian and Tintoretto \u2014 a private guided tour through the Frari church and the Scuola di San Rocco\" \/>\n<meta property=\"og:url\" content=\"https:\/\/www.slow-venice.com\/de\/slow-venice-itineraries\/venice-renaissance-bellini-titian-and-tintoretto\/\" \/>\n<meta property=\"og:site_name\" content=\"Slow Venice\" \/>\n<meta property=\"article:modified_time\" content=\"2026-03-15T07:54:23+00:00\" \/>\n<meta property=\"og:image\" content=\"https:\/\/www.slow-venice.com\/wp-content\/uploads\/2020\/09\/san-rocco-1800x960-1.jpg\" \/>\n\t<meta property=\"og:image:width\" content=\"1800\" \/>\n\t<meta property=\"og:image:height\" content=\"960\" \/>\n\t<meta property=\"og:image:type\" content=\"image\/jpeg\" \/>\n<meta name=\"twitter:card\" content=\"summary_large_image\" \/>\n<meta name=\"twitter:label1\" content=\"Gesch\u00e4tzte Lesezeit\" \/>\n\t<meta name=\"twitter:data1\" content=\"3\u00a0Minuten\" \/>\n<script type=\"application\/ld+json\" class=\"yoast-schema-graph\">{\"@context\":\"https:\\\/\\\/schema.org\",\"@graph\":[{\"@type\":\"WebPage\",\"@id\":\"https:\\\/\\\/www.slow-venice.com\\\/slow-venice-itineraries\\\/venice-renaissance-bellini-titian-and-tintoretto\\\/\",\"url\":\"https:\\\/\\\/www.slow-venice.com\\\/slow-venice-itineraries\\\/venice-renaissance-bellini-titian-and-tintoretto\\\/\",\"name\":\"The Venetian Renaissance of Bellini, Titian and Tintoretto - Slow Venice\",\"isPartOf\":{\"@id\":\"https:\\\/\\\/www.slow-venice.com\\\/#website\"},\"primaryImageOfPage\":{\"@id\":\"https:\\\/\\\/www.slow-venice.com\\\/slow-venice-itineraries\\\/venice-renaissance-bellini-titian-and-tintoretto\\\/#primaryimage\"},\"image\":{\"@id\":\"https:\\\/\\\/www.slow-venice.com\\\/slow-venice-itineraries\\\/venice-renaissance-bellini-titian-and-tintoretto\\\/#primaryimage\"},\"thumbnailUrl\":\"https:\\\/\\\/www.slow-venice.com\\\/wp-content\\\/uploads\\\/2020\\\/09\\\/san-rocco-1800x960-1.jpg\",\"datePublished\":\"2020-09-22T14:38:41+00:00\",\"dateModified\":\"2026-03-15T07:54:23+00:00\",\"description\":\"Venice Renaissance art by Bellini, Titian and Tintoretto \u2014 a private guided tour through the Frari church and the Scuola di San Rocco\",\"breadcrumb\":{\"@id\":\"https:\\\/\\\/www.slow-venice.com\\\/slow-venice-itineraries\\\/venice-renaissance-bellini-titian-and-tintoretto\\\/#breadcrumb\"},\"inLanguage\":\"de\",\"potentialAction\":[{\"@type\":\"ReadAction\",\"target\":[\"https:\\\/\\\/www.slow-venice.com\\\/slow-venice-itineraries\\\/venice-renaissance-bellini-titian-and-tintoretto\\\/\"]}]},{\"@type\":\"ImageObject\",\"inLanguage\":\"de\",\"@id\":\"https:\\\/\\\/www.slow-venice.com\\\/slow-venice-itineraries\\\/venice-renaissance-bellini-titian-and-tintoretto\\\/#primaryimage\",\"url\":\"https:\\\/\\\/www.slow-venice.com\\\/wp-content\\\/uploads\\\/2020\\\/09\\\/san-rocco-1800x960-1.jpg\",\"contentUrl\":\"https:\\\/\\\/www.slow-venice.com\\\/wp-content\\\/uploads\\\/2020\\\/09\\\/san-rocco-1800x960-1.jpg\"},{\"@type\":\"BreadcrumbList\",\"@id\":\"https:\\\/\\\/www.slow-venice.com\\\/slow-venice-itineraries\\\/venice-renaissance-bellini-titian-and-tintoretto\\\/#breadcrumb\",\"itemListElement\":[{\"@type\":\"ListItem\",\"position\":1,\"name\":\"Home\",\"item\":\"https:\\\/\\\/www.slow-venice.com\\\/\"},{\"@type\":\"ListItem\",\"position\":2,\"name\":\"Slow Venice &#8211; itineraries\",\"item\":\"https:\\\/\\\/www.slow-venice.com\\\/slow-venice-itineraries\\\/\"},{\"@type\":\"ListItem\",\"position\":3,\"name\":\"The Venetian Renaissance of Bellini, Titian and Tintoretto\"}]},{\"@type\":\"WebSite\",\"@id\":\"https:\\\/\\\/www.slow-venice.com\\\/#website\",\"url\":\"https:\\\/\\\/www.slow-venice.com\\\/\",\"name\":\"Slow Venice\",\"description\":\"Unique Venice tours for travellers who want to slow down and expereince more\",\"potentialAction\":[{\"@type\":\"SearchAction\",\"target\":{\"@type\":\"EntryPoint\",\"urlTemplate\":\"https:\\\/\\\/www.slow-venice.com\\\/?s={search_term_string}\"},\"query-input\":{\"@type\":\"PropertyValueSpecification\",\"valueRequired\":true,\"valueName\":\"search_term_string\"}}],\"inLanguage\":\"de\"}]}<\/script>\n<!-- \/ Yoast SEO plugin. -->","yoast_head_json":{"title":"The Venetian Renaissance of Bellini, Titian and Tintoretto - Slow Venice","description":"Venice Renaissance art by Bellini, Titian and Tintoretto \u2014 a private guided tour through the Frari church and the Scuola di San Rocco","robots":{"index":"index","follow":"follow","max-snippet":"max-snippet:-1","max-image-preview":"max-image-preview:large","max-video-preview":"max-video-preview:-1"},"canonical":"https:\/\/www.slow-venice.com\/de\/slow-venice-itineraries\/venice-renaissance-bellini-titian-and-tintoretto\/","og_locale":"de_DE","og_type":"article","og_title":"The Venetian Renaissance of Bellini, Titian and Tintoretto - Slow Venice","og_description":"Venice Renaissance art by Bellini, Titian and Tintoretto \u2014 a private guided tour through the Frari church and the Scuola di San Rocco","og_url":"https:\/\/www.slow-venice.com\/de\/slow-venice-itineraries\/venice-renaissance-bellini-titian-and-tintoretto\/","og_site_name":"Slow Venice","article_modified_time":"2026-03-15T07:54:23+00:00","og_image":[{"width":1800,"height":960,"url":"https:\/\/www.slow-venice.com\/wp-content\/uploads\/2020\/09\/san-rocco-1800x960-1.jpg","type":"image\/jpeg"}],"twitter_card":"summary_large_image","twitter_misc":{"Gesch\u00e4tzte Lesezeit":"3\u00a0Minuten"},"schema":{"@context":"https:\/\/schema.org","@graph":[{"@type":"WebPage","@id":"https:\/\/www.slow-venice.com\/slow-venice-itineraries\/venice-renaissance-bellini-titian-and-tintoretto\/","url":"https:\/\/www.slow-venice.com\/slow-venice-itineraries\/venice-renaissance-bellini-titian-and-tintoretto\/","name":"The Venetian Renaissance of Bellini, Titian and Tintoretto - Slow Venice","isPartOf":{"@id":"https:\/\/www.slow-venice.com\/#website"},"primaryImageOfPage":{"@id":"https:\/\/www.slow-venice.com\/slow-venice-itineraries\/venice-renaissance-bellini-titian-and-tintoretto\/#primaryimage"},"image":{"@id":"https:\/\/www.slow-venice.com\/slow-venice-itineraries\/venice-renaissance-bellini-titian-and-tintoretto\/#primaryimage"},"thumbnailUrl":"https:\/\/www.slow-venice.com\/wp-content\/uploads\/2020\/09\/san-rocco-1800x960-1.jpg","datePublished":"2020-09-22T14:38:41+00:00","dateModified":"2026-03-15T07:54:23+00:00","description":"Venice Renaissance art by Bellini, Titian and Tintoretto \u2014 a private guided tour through the Frari church and the Scuola di San Rocco","breadcrumb":{"@id":"https:\/\/www.slow-venice.com\/slow-venice-itineraries\/venice-renaissance-bellini-titian-and-tintoretto\/#breadcrumb"},"inLanguage":"de","potentialAction":[{"@type":"ReadAction","target":["https:\/\/www.slow-venice.com\/slow-venice-itineraries\/venice-renaissance-bellini-titian-and-tintoretto\/"]}]},{"@type":"ImageObject","inLanguage":"de","@id":"https:\/\/www.slow-venice.com\/slow-venice-itineraries\/venice-renaissance-bellini-titian-and-tintoretto\/#primaryimage","url":"https:\/\/www.slow-venice.com\/wp-content\/uploads\/2020\/09\/san-rocco-1800x960-1.jpg","contentUrl":"https:\/\/www.slow-venice.com\/wp-content\/uploads\/2020\/09\/san-rocco-1800x960-1.jpg"},{"@type":"BreadcrumbList","@id":"https:\/\/www.slow-venice.com\/slow-venice-itineraries\/venice-renaissance-bellini-titian-and-tintoretto\/#breadcrumb","itemListElement":[{"@type":"ListItem","position":1,"name":"Home","item":"https:\/\/www.slow-venice.com\/"},{"@type":"ListItem","position":2,"name":"Slow Venice &#8211; itineraries","item":"https:\/\/www.slow-venice.com\/slow-venice-itineraries\/"},{"@type":"ListItem","position":3,"name":"The Venetian Renaissance of Bellini, Titian and Tintoretto"}]},{"@type":"WebSite","@id":"https:\/\/www.slow-venice.com\/#website","url":"https:\/\/www.slow-venice.com\/","name":"Slow Venice","description":"Unique Venice tours for travellers who want to slow down and expereince more","potentialAction":[{"@type":"SearchAction","target":{"@type":"EntryPoint","urlTemplate":"https:\/\/www.slow-venice.com\/?s={search_term_string}"},"query-input":{"@type":"PropertyValueSpecification","valueRequired":true,"valueName":"search_term_string"}}],"inLanguage":"de"}]}},"_links":{"self":[{"href":"https:\/\/www.slow-venice.com\/de\/wp-json\/wp\/v2\/pages\/97","targetHints":{"allow":["GET"]}}],"collection":[{"href":"https:\/\/www.slow-venice.com\/de\/wp-json\/wp\/v2\/pages"}],"about":[{"href":"https:\/\/www.slow-venice.com\/de\/wp-json\/wp\/v2\/types\/page"}],"author":[{"embeddable":true,"href":"https:\/\/www.slow-venice.com\/de\/wp-json\/wp\/v2\/users\/1"}],"replies":[{"embeddable":true,"href":"https:\/\/www.slow-venice.com\/de\/wp-json\/wp\/v2\/comments?post=97"}],"version-history":[{"count":5,"href":"https:\/\/www.slow-venice.com\/de\/wp-json\/wp\/v2\/pages\/97\/revisions"}],"predecessor-version":[{"id":1059,"href":"https:\/\/www.slow-venice.com\/de\/wp-json\/wp\/v2\/pages\/97\/revisions\/1059"}],"up":[{"embeddable":true,"href":"https:\/\/www.slow-venice.com\/de\/wp-json\/wp\/v2\/pages\/60"}],"wp:attachment":[{"href":"https:\/\/www.slow-venice.com\/de\/wp-json\/wp\/v2\/media?parent=97"}],"curies":[{"name":"wp","href":"https:\/\/api.w.org\/{rel}","templated":true}]}}