{"id":819,"date":"2024-11-19T09:16:15","date_gmt":"2024-11-19T08:16:15","guid":{"rendered":"https:\/\/www.slow-venice.com\/?page_id=819"},"modified":"2026-03-15T09:27:48","modified_gmt":"2026-03-15T08:27:48","slug":"blog","status":"publish","type":"page","link":"https:\/\/www.slow-venice.com\/de\/blog\/","title":{"rendered":"Venice Blog"},"content":{"rendered":"<div class=\"gridblock-columns-wrap clearfix\"><div id=\"gridblock-container\" class=\"portfolio-gutter-spaced gridblock-three\"><div class=\"blog-grid-element animation-standby-portfolio animated fadeInUpSlow gridblock-element gridblock-col-1\"><div class=\"blog-grid-element-inner\"><a class=\"gridblock-image-link blog-grid-element-has-image gridblock-columns\" href=\"https:\/\/www.slow-venice.com\/de\/2026\/03\/19\/the-venice-biennale-between-censorship-and-propaganda-long-live-harmless-art\/\" rel=\"bookmark\"><span class=\"grid-icon-status\"><i class=\"ion-ios-compose-outline fa-2x\"><\/i><\/span><img decoding=\"async\" src=\"https:\/\/www.slow-venice.com\/wp-content\/themes\/kinatrix\/images\/placeholders\/placeholder-770x550.gif\" data-src=\"https:\/\/www.slow-venice.com\/wp-content\/uploads\/2026\/03\/image-2-770x550.jpeg\" alt=\"Biennale 2026\" class=\"preload-image displayed-image lazyload\"\/><\/a><div class=\"summary-info\"><div class=\"summary-date\"><i class=\"feather-icon-clock\"><\/i> 19 M\u00e4rz 2026<\/div><\/div><div class=\"blog-grid-element-content\"><div class=\"work-details\"><h4><a href=\"https:\/\/www.slow-venice.com\/de\/2026\/03\/19\/the-venice-biennale-between-censorship-and-propaganda-long-live-harmless-art\/\" rel=\"bookmark\" title=\"Die Biennale zwischen Zensur und Propaganda \u2014 Her mit der analgetischen Kunst!\">Die Biennale zwischen Zensur und Propaganda \u2014 Her mit der analgetischen Kunst!<\/a><\/h4><div class=\"entry-content work-description\">&nbsp; In the Arsenale, on the first floor of the Sale d&#8217;Armi, the Republic of South Africa&#8217;s pavilion will remain empty this year. The Russian Federation&#8217;s pavilion, closed since 2022, might on the other...<\/div><\/div><div class=\"button-blog-continue\"><a href=\"https:\/\/www.slow-venice.com\/de\/2026\/03\/19\/the-venice-biennale-between-censorship-and-propaganda-long-live-harmless-art\/\">Continue reading<\/a><\/div><\/div><\/div><\/div><div class=\"blog-grid-element animation-standby-portfolio animated fadeInUpSlow gridblock-element gridblock-col-2\"><div class=\"blog-grid-element-inner\"><a class=\"gridblock-image-link blog-grid-element-has-image gridblock-columns\" href=\"https:\/\/www.slow-venice.com\/de\/2024\/12\/16\/the-timeless-stories-of-carpaccio\/\" rel=\"bookmark\"><span class=\"grid-icon-status\"><i class=\"ion-ios-compose-outline fa-2x\"><\/i><\/span><img decoding=\"async\" src=\"https:\/\/www.slow-venice.com\/wp-content\/themes\/kinatrix\/images\/placeholders\/placeholder-770x550.gif\" data-src=\"https:\/\/www.slow-venice.com\/wp-content\/uploads\/2024\/12\/image-770x426.jpeg\" alt=\"Scuola of the Dalmatians, Interior\" class=\"preload-image displayed-image lazyload\"\/><\/a><div class=\"summary-info\"><div class=\"summary-date\"><i class=\"feather-icon-clock\"><\/i> 16 Dezember 2024<\/div><\/div><div class=\"blog-grid-element-content\"><div class=\"work-details\"><h4><a href=\"https:\/\/www.slow-venice.com\/de\/2024\/12\/16\/the-timeless-stories-of-carpaccio\/\" rel=\"bookmark\" title=\"Die zeitlosen Geschichten von Carpaccio\">Die zeitlosen Geschichten von Carpaccio<\/a><\/h4><div class=\"entry-content work-description\">Ich erinnere mich nicht mehr genau daran, wann ich die Scuola degli Schiavoni zum ersten Mal besuchte. Doch an das Gef\u00fchl erinnere ich mich sehr wohl.\u2028Als ich eintrat, f\u00fchlte es sich an, als w\u00e4re ich in die Geschichte eingetaucht.\u2028In der kleinen Halle, mit ihren h\u00f6lzernen Deckenbalken ...<\/div><\/div><div class=\"button-blog-continue\"><a href=\"https:\/\/www.slow-venice.com\/de\/2024\/12\/16\/the-timeless-stories-of-carpaccio\/\">Continue reading<\/a><\/div><\/div><\/div><\/div><div class=\"blog-grid-element animation-standby-portfolio animated fadeInUpSlow gridblock-element gridblock-col-3\"><div class=\"blog-grid-element-inner\"><a class=\"gridblock-image-link blog-grid-element-has-image gridblock-columns\" href=\"https:\/\/www.slow-venice.com\/de\/2024\/12\/02\/venetian-reds\/\" rel=\"bookmark\"><span class=\"grid-icon-status\"><i class=\"ion-ios-compose-outline fa-2x\"><\/i><\/span><img decoding=\"async\" src=\"https:\/\/www.slow-venice.com\/wp-content\/themes\/kinatrix\/images\/placeholders\/placeholder-770x550.gif\" data-src=\"https:\/\/www.slow-venice.com\/wp-content\/uploads\/2024\/11\/Giov.-Bellini-Presentazione-Gesu-al-Tempio-770x550.jpeg\" alt=\"Giovanni Bellini, Presentazione di Ges\u00f9 al Tempio, 1460-64, Pinacoteca Querini Stampalia, Venezia\" class=\"preload-image displayed-image lazyload\"\/><\/a><div class=\"summary-info\"><div class=\"summary-date\"><i class=\"feather-icon-clock\"><\/i> 2 Dezember 2024<\/div><\/div><div class=\"blog-grid-element-content\"><div class=\"work-details\"><h4><a href=\"https:\/\/www.slow-venice.com\/de\/2024\/12\/02\/venetian-reds\/\" rel=\"bookmark\" title=\"Venezianische Rotkl\u00e4nge\">Venezianische Rotkl\u00e4nge<\/a><\/h4><div class=\"entry-content work-description\">&nbsp; Es ist nicht nur Karmesin, Purpur oder Scharlachrot. Das venezianische Rot ist mehr: Es ist unbestimmbar. \u00dcbereinanderliegende Schattierungen, transparente Lacke, warme, einh\u00fcllende Sinnlichkeit rufen die wechselnden Lichtspiele einer Kerzenflamme hervor und lassen Oberfl\u00e4chen bei jedem Lichtwechsel lebendig erscheinen.<\/div><\/div><div class=\"button-blog-continue\"><a href=\"https:\/\/www.slow-venice.com\/de\/2024\/12\/02\/venetian-reds\/\">Continue reading<\/a><\/div><\/div><\/div><\/div><div class=\"blog-grid-element animation-standby-portfolio animated fadeInUpSlow gridblock-element gridblock-col-1\"><div class=\"blog-grid-element-inner\"><a class=\"gridblock-image-link blog-grid-element-has-image gridblock-columns\" href=\"https:\/\/www.slow-venice.com\/de\/2024\/11\/16\/fire-and-stone-the-salamander-of-palazzo-grimani\/\" rel=\"bookmark\"><span class=\"grid-icon-status\"><i class=\"ion-ios-compose-outline fa-2x\"><\/i><\/span><img decoding=\"async\" src=\"https:\/\/www.slow-venice.com\/wp-content\/themes\/kinatrix\/images\/placeholders\/placeholder-770x550.gif\" data-src=\"https:\/\/www.slow-venice.com\/wp-content\/uploads\/2024\/11\/palazzo-grimani-salamandre-2-770x550.jpg\" alt=\"Palazzo Grimani, Salamandra\" class=\"preload-image displayed-image lazyload\"\/><\/a><div class=\"summary-info\"><div class=\"summary-date\"><i class=\"feather-icon-clock\"><\/i> 16 November 2024<\/div><\/div><div class=\"blog-grid-element-content\"><div class=\"work-details\"><h4><a href=\"https:\/\/www.slow-venice.com\/de\/2024\/11\/16\/fire-and-stone-the-salamander-of-palazzo-grimani\/\" rel=\"bookmark\" title=\"Salamander 4: Feuer und Stein: Der Salamander im Palazzo Grimani\">Salamander 4: Feuer und Stein: Der Salamander im Palazzo Grimani<\/a><\/h4><div class=\"entry-content work-description\">In front of a burning salamander, can one truly approach the secret of desire? This is the mystery that envelops the meaning of the salamander carved into a fireplace in one of the rooms...<\/div><\/div><div class=\"button-blog-continue\"><a href=\"https:\/\/www.slow-venice.com\/de\/2024\/11\/16\/fire-and-stone-the-salamander-of-palazzo-grimani\/\">Continue reading<\/a><\/div><\/div><\/div><\/div><div class=\"blog-grid-element animation-standby-portfolio animated fadeInUpSlow gridblock-element gridblock-col-2\"><div class=\"blog-grid-element-inner\"><a class=\"gridblock-image-link blog-grid-element-has-image gridblock-columns\" href=\"https:\/\/www.slow-venice.com\/de\/2024\/11\/03\/the-poetry-of-passion-by-gaspara-stampa\/\" rel=\"bookmark\"><span class=\"grid-icon-status\"><i class=\"ion-ios-compose-outline fa-2x\"><\/i><\/span><img decoding=\"async\" src=\"https:\/\/www.slow-venice.com\/wp-content\/themes\/kinatrix\/images\/placeholders\/placeholder-770x550.gif\" data-src=\"https:\/\/www.slow-venice.com\/wp-content\/uploads\/2024\/11\/gaspara-stampa-770x550.jpg\" alt=\"Portrait by Titian embodying classical Renaissance beauty\" class=\"preload-image displayed-image lazyload\"\/><\/a><div class=\"summary-info\"><div class=\"summary-date\"><i class=\"feather-icon-clock\"><\/i> 3 November 2024<\/div><\/div><div class=\"blog-grid-element-content\"><div class=\"work-details\"><h4><a href=\"https:\/\/www.slow-venice.com\/de\/2024\/11\/03\/the-poetry-of-passion-by-gaspara-stampa\/\" rel=\"bookmark\" title=\"Salamander 3: Die Poesie der Leidenschaft von Gaspara Stampa\">Salamander 3: Die Poesie der Leidenschaft von Gaspara Stampa<\/a><\/h4><div class=\"entry-content work-description\">&nbsp; Stellen wir uns eine junge Frau vor, sch\u00f6n und selbstbewusst: Manche w\u00fcrden sie unerschrocken nennen.\nSie muss bezaubernd gewesen sein, wenn sie sang oder die Viola da Gamba spielte, oft zusammen mit ihrer Schwester Cassandra...<\/div><\/div><div class=\"button-blog-continue\"><a href=\"https:\/\/www.slow-venice.com\/de\/2024\/11\/03\/the-poetry-of-passion-by-gaspara-stampa\/\">Continue reading<\/a><\/div><\/div><\/div><\/div><div class=\"blog-grid-element animation-standby-portfolio animated fadeInUpSlow gridblock-element gridblock-col-3\"><div class=\"blog-grid-element-inner\"><a class=\"gridblock-image-link blog-grid-element-has-image gridblock-columns\" href=\"https:\/\/www.slow-venice.com\/de\/2024\/10\/17\/the-melancholy-gentleman-by-lorenzo-lotto\/\" rel=\"bookmark\"><span class=\"grid-icon-status\"><i class=\"ion-ios-compose-outline fa-2x\"><\/i><\/span><img decoding=\"async\" src=\"https:\/\/www.slow-venice.com\/wp-content\/themes\/kinatrix\/images\/placeholders\/placeholder-770x550.gif\" data-src=\"https:\/\/www.slow-venice.com\/wp-content\/uploads\/2024\/11\/il-gentiluomo-triste-770x550.jpg\" alt=\"\" class=\"preload-image displayed-image lazyload\"\/><\/a><div class=\"summary-info\"><div class=\"summary-date\"><i class=\"feather-icon-clock\"><\/i> 17 Oktober 2024<\/div><\/div><div class=\"blog-grid-element-content\"><div class=\"work-details\"><h4><a href=\"https:\/\/www.slow-venice.com\/de\/2024\/10\/17\/the-melancholy-gentleman-by-lorenzo-lotto\/\" rel=\"bookmark\" title=\"Salamander 2: Der traurige Edelmann von Lorenzo Lotto\">Salamander 2: Der traurige Edelmann von Lorenzo Lotto<\/a><\/h4><div class=\"entry-content work-description\">Blass, ausgezehrt, angespannt; die Augen blicken ins Leere, der K\u00f6rper lehnt schief gegen den Tisch.\nLange Finger bl\u00e4ttern mechanisch in einem schweren Kontobuch, w\u00e4hrend hinter ihm ein Jagdhorn und eine Laute an der Wand ...<\/div><\/div><div class=\"button-blog-continue\"><a href=\"https:\/\/www.slow-venice.com\/de\/2024\/10\/17\/the-melancholy-gentleman-by-lorenzo-lotto\/\">Continue reading<\/a><\/div><\/div><\/div><\/div><div class=\"blog-grid-element animation-standby-portfolio animated fadeInUpSlow gridblock-element gridblock-col-1\"><div class=\"blog-grid-element-inner\"><a class=\"gridblock-image-link blog-grid-element-has-image gridblock-columns\" href=\"https:\/\/www.slow-venice.com\/de\/2024\/10\/02\/salamander-the-myth\/\" rel=\"bookmark\"><span class=\"grid-icon-status\"><i class=\"ion-ios-compose-outline fa-2x\"><\/i><\/span><img decoding=\"async\" src=\"https:\/\/www.slow-venice.com\/wp-content\/themes\/kinatrix\/images\/placeholders\/placeholder-770x550.gif\" data-src=\"https:\/\/www.slow-venice.com\/wp-content\/uploads\/2024\/11\/salamandre-il-mito-770x550.jpg\" alt=\"Salamander - The Myth\" class=\"preload-image displayed-image lazyload\"\/><\/a><div class=\"summary-info\"><div class=\"summary-date\"><i class=\"feather-icon-clock\"><\/i> 2 Oktober 2024<\/div><\/div><div class=\"blog-grid-element-content\"><div class=\"work-details\"><h4><a href=\"https:\/\/www.slow-venice.com\/de\/2024\/10\/02\/salamander-the-myth\/\" rel=\"bookmark\" title=\"Salamander 1: der Mythos\">Salamander 1: der Mythos<\/a><\/h4><div class=\"entry-content work-description\">Seit der Antike verk\u00f6rpert dieser kleine, schwarz-gelb gefleckte Amphibien die au\u00dfergew\u00f6hnliche Tugend, der zerst\u00f6rerischen Kraft des Feuers unversehrt zu widerstehen. Ein kaltbl\u00fctiges Wesen und Liebhaber feuchter Umgebungen...<\/div><\/div><div class=\"button-blog-continue\"><a href=\"https:\/\/www.slow-venice.com\/de\/2024\/10\/02\/salamander-the-myth\/\">Continue reading<\/a><\/div><\/div><\/div><\/div><div class=\"blog-grid-element animation-standby-portfolio animated fadeInUpSlow gridblock-element gridblock-col-2\"><div class=\"blog-grid-element-inner\"><a class=\"gridblock-image-link blog-grid-element-has-image gridblock-columns\" href=\"https:\/\/www.slow-venice.com\/de\/2024\/09\/18\/caterina-of-cyprus-an-inconvenient-queen\/\" rel=\"bookmark\"><span class=\"grid-icon-status\"><i class=\"ion-ios-compose-outline fa-2x\"><\/i><\/span><img decoding=\"async\" src=\"https:\/\/www.slow-venice.com\/wp-content\/themes\/kinatrix\/images\/placeholders\/placeholder-770x550.gif\" data-src=\"https:\/\/www.slow-venice.com\/wp-content\/uploads\/2024\/11\/Regata-Storica.jpeg\" alt=\"Regata Storica Since the 1950s, the water parade has recreated the triumphant reception of Caterina Cornaro, Queen of Cyprus, upon her arrival in Venice in 1489 after her abdication in favor of the Republic.\" class=\"preload-image displayed-image lazyload\"\/><\/a><div class=\"summary-info\"><div class=\"summary-date\"><i class=\"feather-icon-clock\"><\/i> 18 September 2024<\/div><\/div><div class=\"blog-grid-element-content\"><div class=\"work-details\"><h4><a href=\"https:\/\/www.slow-venice.com\/de\/2024\/09\/18\/caterina-of-cyprus-an-inconvenient-queen\/\" rel=\"bookmark\" title=\"Caterina of Cyprus: An Inconvenient Queen\">Caterina of Cyprus: An Inconvenient Queen<\/a><\/h4><div class=\"entry-content work-description\">Die Vorstellung einer K\u00f6nigin f\u00fcr die Republik Venedig konnte nur als inszenierte Fiktion existieren \u2013 eine \u00e4sthetische und symbolische Darstellung von Macht, die tats\u00e4chlich in den H\u00e4nden eines kleinen m\u00e4nnlichen Rates lag...<\/div><\/div><div class=\"button-blog-continue\"><a href=\"https:\/\/www.slow-venice.com\/de\/2024\/09\/18\/caterina-of-cyprus-an-inconvenient-queen\/\">Continue reading<\/a><\/div><\/div><\/div><\/div><div class=\"blog-grid-element animation-standby-portfolio animated fadeInUpSlow gridblock-element gridblock-col-3\"><div class=\"blog-grid-element-inner\"><a class=\"gridblock-image-link blog-grid-element-has-image gridblock-columns\" href=\"https:\/\/www.slow-venice.com\/de\/2024\/09\/04\/venice-queen-of-the-seas-at-the-doges-palace-a-dialogue-between-art-beauty-and-power\/\" rel=\"bookmark\"><span class=\"grid-icon-status\"><i class=\"ion-ios-compose-outline fa-2x\"><\/i><\/span><img decoding=\"async\" src=\"https:\/\/www.slow-venice.com\/wp-content\/themes\/kinatrix\/images\/placeholders\/placeholder-770x550.gif\" data-src=\"https:\/\/www.slow-venice.com\/wp-content\/uploads\/2024\/11\/Tiepolo-Venezia-e-Nettuno-1745-1024x451-1-770x451.jpg\" alt=\"Venice, Queen of the Seas at the Doge\u2019s Palace: A Dialogue Between Art, Beauty, and Power\" class=\"preload-image displayed-image lazyload\"\/><\/a><div class=\"summary-info\"><div class=\"summary-date\"><i class=\"feather-icon-clock\"><\/i> 4 September 2024<\/div><\/div><div class=\"blog-grid-element-content\"><div class=\"work-details\"><h4><a href=\"https:\/\/www.slow-venice.com\/de\/2024\/09\/04\/venice-queen-of-the-seas-at-the-doges-palace-a-dialogue-between-art-beauty-and-power\/\" rel=\"bookmark\" title=\"Venedig, die K\u00f6nigin, die es nie gab: Kunst und politische Bildsprache im Dogenpalast\">Venedig, die K\u00f6nigin, die es nie gab: Kunst und politische Bildsprache im Dogenpalast<\/a><\/h4><div class=\"entry-content work-description\">Beim Durchschreiten des Dogenpalastes gibt es Momente, in denen die Zeit stillzustehen scheint. Der Blick hebt sich, und zwischen den goldenen Rahmen der Decken erscheint Venedig...<\/div><\/div><div class=\"button-blog-continue\"><a href=\"https:\/\/www.slow-venice.com\/de\/2024\/09\/04\/venice-queen-of-the-seas-at-the-doges-palace-a-dialogue-between-art-beauty-and-power\/\">Continue reading<\/a><\/div><\/div><\/div><\/div><div class=\"blog-grid-element animation-standby-portfolio animated fadeInUpSlow gridblock-element gridblock-col-1\"><div class=\"blog-grid-element-inner\"><a class=\"gridblock-image-link blog-grid-element-has-image gridblock-columns\" href=\"https:\/\/www.slow-venice.com\/de\/2024\/01\/09\/why-you-cant-miss-the-venice-biennale\/\" rel=\"bookmark\"><span class=\"grid-icon-status\"><i class=\"ion-ios-compose-outline fa-2x\"><\/i><\/span><img decoding=\"async\" src=\"https:\/\/www.slow-venice.com\/wp-content\/themes\/kinatrix\/images\/placeholders\/placeholder-770x550.gif\" data-src=\"https:\/\/www.slow-venice.com\/wp-content\/uploads\/2024\/01\/image-770x550.jpeg\" alt=\"Venice Biennale 2024\" class=\"preload-image displayed-image lazyload\"\/><\/a><div class=\"summary-info\"><div class=\"summary-date\"><i class=\"feather-icon-clock\"><\/i> 9 Januar 2024<\/div><\/div><div class=\"blog-grid-element-content\"><div class=\"work-details\"><h4><a href=\"https:\/\/www.slow-venice.com\/de\/2024\/01\/09\/why-you-cant-miss-the-venice-biennale\/\" rel=\"bookmark\" title=\"Warum man die Venedig Biennale besuchen sollte\">Warum man die Venedig Biennale besuchen sollte<\/a><\/h4><div class=\"entry-content work-description\">&nbsp; The Venice Biennale is more than just an exhibition &#8211; it&#8217;s an immersive art experience. Held every two years, this event transforms Venice into a dynamic canvas of creativity. The Venues: Giardini and...<\/div><\/div><div class=\"button-blog-continue\"><a href=\"https:\/\/www.slow-venice.com\/de\/2024\/01\/09\/why-you-cant-miss-the-venice-biennale\/\">Continue reading<\/a><\/div><\/div><\/div><\/div><\/div><\/div>","protected":false},"excerpt":{"rendered":"","protected":false},"author":1,"featured_media":0,"parent":0,"menu_order":0,"comment_status":"closed","ping_status":"closed","template":"","meta":{"cybocfi_hide_featured_image":"","footnotes":""},"class_list":["post-819","page","type-page","status-publish","hentry"],"yoast_head":"<!-- This site is optimized with the Yoast SEO plugin v27.4 - https:\/\/yoast.com\/product\/yoast-seo-wordpress\/ -->\n<title>Venice Blog - Slow Venice<\/title>\n<meta name=\"description\" content=\"A Venice travel blog by private guide Cristina Gregorin \u2014 stories, insights and inspiration for curious travelers\" \/>\n<meta name=\"robots\" content=\"index, follow, max-snippet:-1, max-image-preview:large, max-video-preview:-1\" \/>\n<link rel=\"canonical\" href=\"https:\/\/www.slow-venice.com\/de\/blog\/\" \/>\n<meta property=\"og:locale\" content=\"de_DE\" \/>\n<meta property=\"og:type\" content=\"article\" \/>\n<meta property=\"og:title\" content=\"Venice Blog - Slow Venice\" \/>\n<meta property=\"og:description\" content=\"A Venice travel blog by private guide Cristina Gregorin \u2014 stories, insights and inspiration for curious travelers\" \/>\n<meta property=\"og:url\" content=\"https:\/\/www.slow-venice.com\/de\/blog\/\" \/>\n<meta property=\"og:site_name\" content=\"Slow Venice\" \/>\n<meta property=\"article:modified_time\" content=\"2026-03-15T08:27:48+00:00\" \/>\n<meta name=\"twitter:card\" content=\"summary_large_image\" \/>\n<meta name=\"twitter:label1\" content=\"Gesch\u00e4tzte Lesezeit\" \/>\n\t<meta name=\"twitter:data1\" content=\"1\u00a0Minute\" \/>\n<script type=\"application\/ld+json\" class=\"yoast-schema-graph\">{\"@context\":\"https:\\\/\\\/schema.org\",\"@graph\":[{\"@type\":\"WebPage\",\"@id\":\"https:\\\/\\\/www.slow-venice.com\\\/blog\\\/\",\"url\":\"https:\\\/\\\/www.slow-venice.com\\\/blog\\\/\",\"name\":\"Venice Blog - Slow Venice\",\"isPartOf\":{\"@id\":\"https:\\\/\\\/www.slow-venice.com\\\/#website\"},\"datePublished\":\"2024-11-19T08:16:15+00:00\",\"dateModified\":\"2026-03-15T08:27:48+00:00\",\"description\":\"A Venice travel blog by private guide Cristina Gregorin \u2014 stories, insights and inspiration for curious travelers\",\"breadcrumb\":{\"@id\":\"https:\\\/\\\/www.slow-venice.com\\\/blog\\\/#breadcrumb\"},\"inLanguage\":\"de\",\"potentialAction\":[{\"@type\":\"ReadAction\",\"target\":[\"https:\\\/\\\/www.slow-venice.com\\\/blog\\\/\"]}]},{\"@type\":\"BreadcrumbList\",\"@id\":\"https:\\\/\\\/www.slow-venice.com\\\/blog\\\/#breadcrumb\",\"itemListElement\":[{\"@type\":\"ListItem\",\"position\":1,\"name\":\"Home\",\"item\":\"https:\\\/\\\/www.slow-venice.com\\\/\"},{\"@type\":\"ListItem\",\"position\":2,\"name\":\"Venice Blog\"}]},{\"@type\":\"WebSite\",\"@id\":\"https:\\\/\\\/www.slow-venice.com\\\/#website\",\"url\":\"https:\\\/\\\/www.slow-venice.com\\\/\",\"name\":\"Slow Venice\",\"description\":\"Unique Venice tours for travellers who want to slow down and expereince more\",\"potentialAction\":[{\"@type\":\"SearchAction\",\"target\":{\"@type\":\"EntryPoint\",\"urlTemplate\":\"https:\\\/\\\/www.slow-venice.com\\\/?s={search_term_string}\"},\"query-input\":{\"@type\":\"PropertyValueSpecification\",\"valueRequired\":true,\"valueName\":\"search_term_string\"}}],\"inLanguage\":\"de\"}]}<\/script>\n<!-- \/ Yoast SEO plugin. -->","yoast_head_json":{"title":"Venice Blog - Slow Venice","description":"A Venice travel blog by private guide Cristina Gregorin \u2014 stories, insights and inspiration for curious travelers","robots":{"index":"index","follow":"follow","max-snippet":"max-snippet:-1","max-image-preview":"max-image-preview:large","max-video-preview":"max-video-preview:-1"},"canonical":"https:\/\/www.slow-venice.com\/de\/blog\/","og_locale":"de_DE","og_type":"article","og_title":"Venice Blog - Slow Venice","og_description":"A Venice travel blog by private guide Cristina Gregorin \u2014 stories, insights and inspiration for curious travelers","og_url":"https:\/\/www.slow-venice.com\/de\/blog\/","og_site_name":"Slow Venice","article_modified_time":"2026-03-15T08:27:48+00:00","twitter_card":"summary_large_image","twitter_misc":{"Gesch\u00e4tzte Lesezeit":"1\u00a0Minute"},"schema":{"@context":"https:\/\/schema.org","@graph":[{"@type":"WebPage","@id":"https:\/\/www.slow-venice.com\/blog\/","url":"https:\/\/www.slow-venice.com\/blog\/","name":"Venice Blog - Slow Venice","isPartOf":{"@id":"https:\/\/www.slow-venice.com\/#website"},"datePublished":"2024-11-19T08:16:15+00:00","dateModified":"2026-03-15T08:27:48+00:00","description":"A Venice travel blog by private guide Cristina Gregorin \u2014 stories, insights and inspiration for curious travelers","breadcrumb":{"@id":"https:\/\/www.slow-venice.com\/blog\/#breadcrumb"},"inLanguage":"de","potentialAction":[{"@type":"ReadAction","target":["https:\/\/www.slow-venice.com\/blog\/"]}]},{"@type":"BreadcrumbList","@id":"https:\/\/www.slow-venice.com\/blog\/#breadcrumb","itemListElement":[{"@type":"ListItem","position":1,"name":"Home","item":"https:\/\/www.slow-venice.com\/"},{"@type":"ListItem","position":2,"name":"Venice Blog"}]},{"@type":"WebSite","@id":"https:\/\/www.slow-venice.com\/#website","url":"https:\/\/www.slow-venice.com\/","name":"Slow Venice","description":"Unique Venice tours for travellers who want to slow down and expereince more","potentialAction":[{"@type":"SearchAction","target":{"@type":"EntryPoint","urlTemplate":"https:\/\/www.slow-venice.com\/?s={search_term_string}"},"query-input":{"@type":"PropertyValueSpecification","valueRequired":true,"valueName":"search_term_string"}}],"inLanguage":"de"}]}},"_links":{"self":[{"href":"https:\/\/www.slow-venice.com\/de\/wp-json\/wp\/v2\/pages\/819","targetHints":{"allow":["GET"]}}],"collection":[{"href":"https:\/\/www.slow-venice.com\/de\/wp-json\/wp\/v2\/pages"}],"about":[{"href":"https:\/\/www.slow-venice.com\/de\/wp-json\/wp\/v2\/types\/page"}],"author":[{"embeddable":true,"href":"https:\/\/www.slow-venice.com\/de\/wp-json\/wp\/v2\/users\/1"}],"replies":[{"embeddable":true,"href":"https:\/\/www.slow-venice.com\/de\/wp-json\/wp\/v2\/comments?post=819"}],"version-history":[{"count":6,"href":"https:\/\/www.slow-venice.com\/de\/wp-json\/wp\/v2\/pages\/819\/revisions"}],"predecessor-version":[{"id":1063,"href":"https:\/\/www.slow-venice.com\/de\/wp-json\/wp\/v2\/pages\/819\/revisions\/1063"}],"wp:attachment":[{"href":"https:\/\/www.slow-venice.com\/de\/wp-json\/wp\/v2\/media?parent=819"}],"curies":[{"name":"wp","href":"https:\/\/api.w.org\/{rel}","templated":true}]}}