{"id":42,"date":"2020-09-09T15:47:26","date_gmt":"2020-09-09T14:47:26","guid":{"rendered":"https:\/\/www.viperfish.eu\/slow-venice\/?page_id=42"},"modified":"2025-05-06T09:38:05","modified_gmt":"2025-05-06T07:38:05","slug":"cristina-gregorin-venice-guide","status":"publish","type":"page","link":"https:\/\/www.slow-venice.com\/de\/cristina-gregorin-venice-guide\/","title":{"rendered":"Cristina Gregorin &#8211; Venice Guide"},"content":{"rendered":"<div class=\"text-box-inner-wrap\"><div class=\"none\" style=\"padding: 0 15px 15px;margin: 30px 0 0;background-color: ;color: ;border-width:0px;border-color:;border-style:solid;\"><\/div><\/div>\n<div class=\"text-box-inner-wrap\"><div class=\"none\" style=\"padding: 15px 15px 15px;margin: 30px 0 0;background-color: rgba(0,0,0,0.8);color: ;border-width:0px;border-color:;border-style:solid;\"><\/p>\n<h3 class=\"headpages f-fp\"><span class=\"style11\">Cristina Gregorin<br \/>\nAutorin und Guide-Lecturer<\/span><\/h3>\n<p><img loading=\"lazy\" decoding=\"async\" class=\"alignleft wp-image-1026\" src=\"https:\/\/www.slow-venice.com\/wp-content\/uploads\/2025\/05\/CR-20250504-901x1024.jpg\" alt=\"\" width=\"360\" height=\"409\" \/>I\u2019m a Venice tour guide who\u2019s been living in the city for over thirty years \u2013 and yet, I keep discovering it every day.<br \/>\nSince 1991 I\u2019ve been working as a licensed guide, with a background in literature and a doctoral degree focused on Venice as a place of memory. For decades, I\u2019ve dedicated myself to studying and sharing the city\u2019s history, art, and traditions with my guests \u2013 sometimes with a touch of irony.<\/p>\n<p class=\"translation-block\">Im Laufe der Jahre habe ich \u00fcber viele Facetten Venedigs geschrieben: \u00fcber Kunsthandwerk, geheime G\u00e4rten und religi\u00f6se Traditionen.\nDas Erz\u00e4hlen von Geschichten ist f\u00fcr mich zur zweiten Natur geworden und hat mich schlie\u00dflich dazu gebracht, einen historischen Roman zu ver\u00f6ffentlichen, der in meiner Geburtsstadt Triest spielt.<\/p>\n<p>Meine F\u00fchrungen richten sich an G\u00e4ste, die Venedig abseits der \u00fcblichen Pfade entdecken m\u00f6chten.\nLangsamer, pers\u00f6nlicher und mit einem Blick f\u00fcr das, was hinter den Fassaden liegt \u2013 von Renaissancekunst \u00fcber verborgene Details bis hin zur  Guggenheim-Sammlung oder der zeitgen\u00f6ssischen Kunst in der Biennale.<\/p>\n<p>If you\u2019d like to discover Venice with someone who has spent a lifetime exploring it, I\u2019d be glad to guide you.<\/p>\n<p>In meinem Blog finden Sie zus\u00e4tzliche Einblicke, pers\u00f6nliche Gedanken und weniger bekannte Geschichten \u00fcber diese au\u00dfergew\u00f6hnliche Stadt.<\/p>\n<\/div><\/div>\n<div class=\"text-box-inner-wrap\"><div class=\"none\" style=\"padding: 0 15px 15px;margin: 30px 0 0;background-color: ;color: ;border-width:0px;border-color:;border-style:solid;\"><\/div><\/div>\n<div class=\"text-box-inner-wrap\"><div class=\"none\" style=\"padding: 15px 15px 15px;margin: 30px 0 0;background-color: rgba(0,0,0,0.8);color: ;border-width:0px;border-color:;border-style:solid;\"><p class=\"translation-block\">Besuchen Sie meinen <a href=\"http:\/\/blog.slow-venice.com\/\" target=\"_blank\">Blog<\/a><\/p>\n<\/div><\/div>\n<div class=\"text-box-inner-wrap\"><div class=\"none\" style=\"padding: 0 15px 0;margin: 30px 0 0;background-color: ;color: ;border-width:0px;border-color:#555555;border-style:solid;\"><\/div><\/div>\n<div class=\"text-box-inner-wrap\"><div class=\"none\" style=\"padding: 15px 15px 15px;margin: 30px 0 0;background-color: rgba(0,0,0,0.8);color: ;border-width:0px;border-color:;border-style:solid;\"><\/p>\n<h3 class=\"textVenedigBody\">Ver\u00f6ffentlichungen:<\/h3>\n<p><a href=\"https:\/\/www.garzanti.it\/libri\/cristina-gregorin-lultima-testimone-9788811812128\/\" target=\"_blank\" rel=\"noopener\">L\u2019ultima testimone<\/a>. 2020 (novel)<\/p>\n<p class=\"textVenedigBody\"><a href=\"https:\/\/shop.claudius.de\/ketzerisches-venedig.html\" target=\"_blank\" rel=\"noopener\">Ketzerisches Venedig. Zwischen Reformation und Inquisition.<\/a> 2018<\/p>\n<p class=\"textVenedigBody\"><a href=\"https:\/\/www.herbig.net\/seiten\/produktdetails-buch\/product\/2840\/Die%20G%E4rten%20von%20Venedig\/\" target=\"_blank\" rel=\"noopener\">Die G\u00e4rten von Venedig.<\/a> 2017<\/p>\n<p class=\"textVenedigBody\"><a href=\"http:\/\/norbertheyl.com\/en\/work\/artbookluciobuba.html\" target=\"_blank\" rel=\"noopener\">Lucio Bubacco. Eternal Temptation.<\/a> 2008<\/p>\n<p class=\"textVenedigBody\"><a href=\"http:\/\/norbertheyl.com\/en\/work\/unescotraditiona.html\" target=\"_blank\" rel=\"noopener\">Traditional Arts and Crafts in Bosnia and Herzegovina<\/a>. 2005<\/p>\n<p class=\"textVenedigBody\"><a href=\"http:\/\/norbertheyl.com\/en\/work\/editorialvenedig.html\" target=\"_blank\" rel=\"noopener\">Venedig in der deutschen Literatur des 20. Jahrhunderts. Ein Motiv des europ\u00e4ischen kulturellen Ged\u00e4chtnisses.<\/a> 2005<\/p>\n<p class=\"textVenedigBody\"><a href=\"http:\/\/norbertheyl.com\/en\/work\/editoralvenicema.html\" target=\"_blank\" rel=\"noopener\">Venice Master Artisans<\/a>. 2003<\/p>\n<p>\n<\/div><\/div>\n<div class=\"clearfix divider-common default-divider  divider-blank\" style=\"padding-top:600px;\"><\/div>","protected":false},"excerpt":{"rendered":"","protected":false},"author":1,"featured_media":0,"parent":0,"menu_order":0,"comment_status":"closed","ping_status":"open","template":"","meta":{"cybocfi_hide_featured_image":"","footnotes":""},"class_list":["post-42","page","type-page","status-publish","hentry"],"yoast_head":"<!-- This site is optimized with the Yoast SEO plugin v27.5 - https:\/\/yoast.com\/product\/yoast-seo-wordpress\/ -->\n<title>Cristina Gregorin - Venice Guide - Slow Venice<\/title>\n<meta name=\"description\" content=\"Cristina Gregorin. I offer a multifaceted experience\u00a0of Venice that recounts the history\u00a0of this city in a way that brings the past alive.\" \/>\n<meta name=\"robots\" content=\"index, follow, max-snippet:-1, max-image-preview:large, max-video-preview:-1\" \/>\n<link rel=\"canonical\" href=\"https:\/\/www.slow-venice.com\/de\/cristina-gregorin-venice-guide\/\" \/>\n<meta property=\"og:locale\" content=\"de_DE\" \/>\n<meta property=\"og:type\" content=\"article\" \/>\n<meta property=\"og:title\" content=\"Cristina Gregorin - Venice Guide - Slow Venice\" \/>\n<meta property=\"og:description\" content=\"Cristina Gregorin. I offer a multifaceted experience\u00a0of Venice that recounts the history\u00a0of this city in a way that brings the past alive.\" \/>\n<meta property=\"og:url\" content=\"https:\/\/www.slow-venice.com\/de\/cristina-gregorin-venice-guide\/\" \/>\n<meta property=\"og:site_name\" content=\"Slow Venice\" \/>\n<meta property=\"article:modified_time\" content=\"2025-05-06T07:38:05+00:00\" \/>\n<meta property=\"og:image\" content=\"https:\/\/www.slow-venice.com\/wp-content\/uploads\/2025\/05\/CR-20250504-e1746513692485.jpg\" \/>\n\t<meta property=\"og:image:width\" content=\"680\" \/>\n\t<meta property=\"og:image:height\" content=\"773\" \/>\n\t<meta property=\"og:image:type\" content=\"image\/jpeg\" \/>\n<meta name=\"twitter:card\" content=\"summary_large_image\" \/>\n<meta name=\"twitter:label1\" content=\"Gesch\u00e4tzte Lesezeit\" \/>\n\t<meta name=\"twitter:data1\" content=\"2\u00a0Minuten\" \/>\n<script type=\"application\/ld+json\" class=\"yoast-schema-graph\">{\"@context\":\"https:\\\/\\\/schema.org\",\"@graph\":[{\"@type\":\"WebPage\",\"@id\":\"https:\\\/\\\/www.slow-venice.com\\\/cristina-gregorin-venice-guide\\\/\",\"url\":\"https:\\\/\\\/www.slow-venice.com\\\/cristina-gregorin-venice-guide\\\/\",\"name\":\"Cristina Gregorin - Venice Guide - Slow Venice\",\"isPartOf\":{\"@id\":\"https:\\\/\\\/www.slow-venice.com\\\/#website\"},\"primaryImageOfPage\":{\"@id\":\"https:\\\/\\\/www.slow-venice.com\\\/cristina-gregorin-venice-guide\\\/#primaryimage\"},\"image\":{\"@id\":\"https:\\\/\\\/www.slow-venice.com\\\/cristina-gregorin-venice-guide\\\/#primaryimage\"},\"thumbnailUrl\":\"https:\\\/\\\/www.slow-venice.com\\\/wp-content\\\/uploads\\\/2025\\\/05\\\/CR-20250504-901x1024.jpg\",\"datePublished\":\"2020-09-09T14:47:26+00:00\",\"dateModified\":\"2025-05-06T07:38:05+00:00\",\"description\":\"Cristina Gregorin. I offer a multifaceted experience\u00a0of Venice that recounts the history\u00a0of this city in a way that brings the past alive.\",\"breadcrumb\":{\"@id\":\"https:\\\/\\\/www.slow-venice.com\\\/cristina-gregorin-venice-guide\\\/#breadcrumb\"},\"inLanguage\":\"de\",\"potentialAction\":[{\"@type\":\"ReadAction\",\"target\":[\"https:\\\/\\\/www.slow-venice.com\\\/cristina-gregorin-venice-guide\\\/\"]}]},{\"@type\":\"ImageObject\",\"inLanguage\":\"de\",\"@id\":\"https:\\\/\\\/www.slow-venice.com\\\/cristina-gregorin-venice-guide\\\/#primaryimage\",\"url\":\"https:\\\/\\\/www.slow-venice.com\\\/wp-content\\\/uploads\\\/2025\\\/05\\\/CR-20250504-901x1024.jpg\",\"contentUrl\":\"https:\\\/\\\/www.slow-venice.com\\\/wp-content\\\/uploads\\\/2025\\\/05\\\/CR-20250504-901x1024.jpg\"},{\"@type\":\"BreadcrumbList\",\"@id\":\"https:\\\/\\\/www.slow-venice.com\\\/cristina-gregorin-venice-guide\\\/#breadcrumb\",\"itemListElement\":[{\"@type\":\"ListItem\",\"position\":1,\"name\":\"Home\",\"item\":\"https:\\\/\\\/www.slow-venice.com\\\/\"},{\"@type\":\"ListItem\",\"position\":2,\"name\":\"Cristina Gregorin &#8211; Venice Guide\"}]},{\"@type\":\"WebSite\",\"@id\":\"https:\\\/\\\/www.slow-venice.com\\\/#website\",\"url\":\"https:\\\/\\\/www.slow-venice.com\\\/\",\"name\":\"Slow Venice\",\"description\":\"Unique Venice tours for travellers who want to slow down and expereince more\",\"potentialAction\":[{\"@type\":\"SearchAction\",\"target\":{\"@type\":\"EntryPoint\",\"urlTemplate\":\"https:\\\/\\\/www.slow-venice.com\\\/?s={search_term_string}\"},\"query-input\":{\"@type\":\"PropertyValueSpecification\",\"valueRequired\":true,\"valueName\":\"search_term_string\"}}],\"inLanguage\":\"de\"}]}<\/script>\n<!-- \/ Yoast SEO plugin. -->","yoast_head_json":{"title":"Cristina Gregorin - Venice Guide - Slow Venice","description":"Cristina Gregorin. I offer a multifaceted experience\u00a0of Venice that recounts the history\u00a0of this city in a way that brings the past alive.","robots":{"index":"index","follow":"follow","max-snippet":"max-snippet:-1","max-image-preview":"max-image-preview:large","max-video-preview":"max-video-preview:-1"},"canonical":"https:\/\/www.slow-venice.com\/de\/cristina-gregorin-venice-guide\/","og_locale":"de_DE","og_type":"article","og_title":"Cristina Gregorin - Venice Guide - Slow Venice","og_description":"Cristina Gregorin. I offer a multifaceted experience\u00a0of Venice that recounts the history\u00a0of this city in a way that brings the past alive.","og_url":"https:\/\/www.slow-venice.com\/de\/cristina-gregorin-venice-guide\/","og_site_name":"Slow Venice","article_modified_time":"2025-05-06T07:38:05+00:00","og_image":[{"width":680,"height":773,"url":"https:\/\/www.slow-venice.com\/wp-content\/uploads\/2025\/05\/CR-20250504-e1746513692485.jpg","type":"image\/jpeg"}],"twitter_card":"summary_large_image","twitter_misc":{"Gesch\u00e4tzte Lesezeit":"2\u00a0Minuten"},"schema":{"@context":"https:\/\/schema.org","@graph":[{"@type":"WebPage","@id":"https:\/\/www.slow-venice.com\/cristina-gregorin-venice-guide\/","url":"https:\/\/www.slow-venice.com\/cristina-gregorin-venice-guide\/","name":"Cristina Gregorin - Venice Guide - Slow Venice","isPartOf":{"@id":"https:\/\/www.slow-venice.com\/#website"},"primaryImageOfPage":{"@id":"https:\/\/www.slow-venice.com\/cristina-gregorin-venice-guide\/#primaryimage"},"image":{"@id":"https:\/\/www.slow-venice.com\/cristina-gregorin-venice-guide\/#primaryimage"},"thumbnailUrl":"https:\/\/www.slow-venice.com\/wp-content\/uploads\/2025\/05\/CR-20250504-901x1024.jpg","datePublished":"2020-09-09T14:47:26+00:00","dateModified":"2025-05-06T07:38:05+00:00","description":"Cristina Gregorin. I offer a multifaceted experience\u00a0of Venice that recounts the history\u00a0of this city in a way that brings the past alive.","breadcrumb":{"@id":"https:\/\/www.slow-venice.com\/cristina-gregorin-venice-guide\/#breadcrumb"},"inLanguage":"de","potentialAction":[{"@type":"ReadAction","target":["https:\/\/www.slow-venice.com\/cristina-gregorin-venice-guide\/"]}]},{"@type":"ImageObject","inLanguage":"de","@id":"https:\/\/www.slow-venice.com\/cristina-gregorin-venice-guide\/#primaryimage","url":"https:\/\/www.slow-venice.com\/wp-content\/uploads\/2025\/05\/CR-20250504-901x1024.jpg","contentUrl":"https:\/\/www.slow-venice.com\/wp-content\/uploads\/2025\/05\/CR-20250504-901x1024.jpg"},{"@type":"BreadcrumbList","@id":"https:\/\/www.slow-venice.com\/cristina-gregorin-venice-guide\/#breadcrumb","itemListElement":[{"@type":"ListItem","position":1,"name":"Home","item":"https:\/\/www.slow-venice.com\/"},{"@type":"ListItem","position":2,"name":"Cristina Gregorin &#8211; Venice Guide"}]},{"@type":"WebSite","@id":"https:\/\/www.slow-venice.com\/#website","url":"https:\/\/www.slow-venice.com\/","name":"Slow Venice","description":"Unique Venice tours for travellers who want to slow down and expereince more","potentialAction":[{"@type":"SearchAction","target":{"@type":"EntryPoint","urlTemplate":"https:\/\/www.slow-venice.com\/?s={search_term_string}"},"query-input":{"@type":"PropertyValueSpecification","valueRequired":true,"valueName":"search_term_string"}}],"inLanguage":"de"}]}},"_links":{"self":[{"href":"https:\/\/www.slow-venice.com\/de\/wp-json\/wp\/v2\/pages\/42","targetHints":{"allow":["GET"]}}],"collection":[{"href":"https:\/\/www.slow-venice.com\/de\/wp-json\/wp\/v2\/pages"}],"about":[{"href":"https:\/\/www.slow-venice.com\/de\/wp-json\/wp\/v2\/types\/page"}],"author":[{"embeddable":true,"href":"https:\/\/www.slow-venice.com\/de\/wp-json\/wp\/v2\/users\/1"}],"replies":[{"embeddable":true,"href":"https:\/\/www.slow-venice.com\/de\/wp-json\/wp\/v2\/comments?post=42"}],"version-history":[{"count":40,"href":"https:\/\/www.slow-venice.com\/de\/wp-json\/wp\/v2\/pages\/42\/revisions"}],"predecessor-version":[{"id":1028,"href":"https:\/\/www.slow-venice.com\/de\/wp-json\/wp\/v2\/pages\/42\/revisions\/1028"}],"wp:attachment":[{"href":"https:\/\/www.slow-venice.com\/de\/wp-json\/wp\/v2\/media?parent=42"}],"curies":[{"name":"wp","href":"https:\/\/api.w.org\/{rel}","templated":true}]}}