{"id":171,"date":"2020-09-28T19:17:50","date_gmt":"2020-09-28T18:17:50","guid":{"rendered":"https:\/\/www.viperfish.eu\/slow-venice\/?page_id=171"},"modified":"2026-03-13T18:46:31","modified_gmt":"2026-03-13T17:46:31","slug":"from-modern-to-contemporary-venice-and-the-art-of-today","status":"publish","type":"page","link":"https:\/\/www.slow-venice.com\/de\/slow-venice-itineraries\/from-modern-to-contemporary-venice-and-the-art-of-today\/","title":{"rendered":"Wege zur Gegenwartskunst und Moderne: Venedig und die K\u00fcnste von heute"},"content":{"rendered":"<div class=\"text-box-inner-wrap\"><div class=\"none\" style=\"padding: 30px 0 0;margin: 0 0 0;background-color: ;color: ;border-width:0px;border-color:;border-style:solid;\"><\/p>\n<p><img loading=\"lazy\" decoding=\"async\" class=\"aligncenter wp-image-224 size-full\" src=\"https:\/\/www.slow-venice.com\/wp-content\/uploads\/2020\/10\/Peggy-Guggenheim-Collection.jpg\" alt=\"Modern and contemporary art in Venice - The Peggy Guggenheim Collection\" width=\"1800\" height=\"900\" srcset=\"https:\/\/www.slow-venice.com\/wp-content\/uploads\/2020\/10\/Peggy-Guggenheim-Collection.jpg 1800w, https:\/\/www.slow-venice.com\/wp-content\/uploads\/2020\/10\/Peggy-Guggenheim-Collection-300x150.jpg 300w, https:\/\/www.slow-venice.com\/wp-content\/uploads\/2020\/10\/Peggy-Guggenheim-Collection-1024x512.jpg 1024w, https:\/\/www.slow-venice.com\/wp-content\/uploads\/2020\/10\/Peggy-Guggenheim-Collection-768x384.jpg 768w, https:\/\/www.slow-venice.com\/wp-content\/uploads\/2020\/10\/Peggy-Guggenheim-Collection-1536x768.jpg 1536w, https:\/\/www.slow-venice.com\/wp-content\/uploads\/2020\/10\/Peggy-Guggenheim-Collection-1400x700.jpg 1400w, https:\/\/www.slow-venice.com\/wp-content\/uploads\/2020\/10\/Peggy-Guggenheim-Collection-800x400.jpg 800w\" sizes=\"auto, (max-width: 1800px) 100vw, 1800px\" \/><\/p>\n<p>\n<\/div><\/div>\n<div class=\"text-box-inner-wrap\"><div class=\"none\" style=\"padding: 0 0 0;margin: 0 0 0;background-color: ;color: ;border-width:0px;border-color:;border-style:solid;\"><\/p>\n<h3>Wege zur Gegenwartskunst und Moderne: Venedig und die K\u00fcnste von heute<\/h3>\n<p class=\"textrundgaenge translation-block\">Venedig ist nicht nur eine Stadt der Vergangenheit \u2013 sie ist auch ein Ort, an dem die Kunst von heute ihren Raum findet.\nNeben alten Kirchen und Meisterwerken der Renaissance bietet die Stadt ein dichtes und wachsendes Panorama moderner und zeitgen\u00f6ssischer Kunst, mit Museumssammlungen, tempor\u00e4ren Ausstellungen, Stiftungen und unabh\u00e4ngigen Projektr\u00e4umen.<\/p>\n<p class=\"textrundgaenge\">Von Klimt, Klee und Picasso (noch heute in Ca\u2019 Pesaro und in der Guggenheim Collection zu sehen) bis zu den evokativen Installationen im Museo Fortuny und den ber hochkar\u00e4tigen Ausstellungen in Palazzo Grassi und der Punta della Dogana \u2013 Venedig \u00fcberrascht immer wieder jene, die bereit sind, Vergangenheit und Gegenwart gemeinsam zu denken.<\/p>\n<p class=\"\" data-start=\"380\" data-end=\"575\">Viele weitere Stiftungen in der Stadt pr\u00e4sentieren spannende Ausstellungen, besonders in den Monaten der Biennale, wenn Venedig zur B\u00fchne f\u00fcr k\u00fcnstlerische Experimente wird.<\/p>\n<p class=\"\" data-start=\"577\" data-end=\"740\">Zeitgen\u00f6ssische Kunst in Venedig zu entdecken hei\u00dft, die Kultur von heute durch eine Stadt zu erleben, die das Neue annimmt, ohne ihr Erbe zu verleugnen.<\/p>\n<p class=\"textrundgaenge\">Wenn Sie sich f\u00fcr F\u00fchrungen durch Wechselausstellungen oder st\u00e4ndige Sammlungen interessieren, k\u00f6nnen Sie mich gerne per E-Mail kontaktieren.<\/p>\n<p class=\"textrundgaenge\">\n<p>\n<\/div><\/div>\n<div id=\"sidebar\" class=\"sidebar-pagebuilder\">\n<div class=\"sidebar\">\n<div class=\"sidebar-widget\">\n<aside id=\"nav_menu-2\" class=\"widget widget_nav_menu\">\n<h3>Reiserouten<\/h3>\n<div class=\"menu-itineraries-container\">\n<ul id=\"menu-itineraries\" class=\"menu\">\n<li id=\"menu-item-91\" class=\"menu-item menu-item-type-custom menu-item-object-custom menu-item-has-children menu-item-91\"><a href=\"#\">Kunst und Geschichte Venedigs<\/a>\n<ul class=\"sub-menu\">\n<li id=\"menu-item-88\" class=\"menu-item menu-item-type-post_type menu-item-object-page menu-item-88\"><a href=\"https:\/\/www.slow-venice.com\/de\/slow-venice-itineraries\/st-marks-square-the-doges-palace-and-the-basilica\/\">St. Mark\u2019s Square, the Doge\u2019s Palace and the Basilica<\/a><\/li>\n<li id=\"menu-item-87\" class=\"menu-item menu-item-type-post_type menu-item-object-page menu-item-87\"><a href=\"https:\/\/www.slow-venice.com\/de\/slow-venice-itineraries\/secret-itineraries-of-the-doges-palace\/\">Die Geheimen Wege im Dogenpalast<\/a><\/li>\n<li id=\"menu-item-99\" class=\"menu-item menu-item-type-post_type menu-item-object-page menu-item-99\"><a href=\"https:\/\/www.slow-venice.com\/de\/slow-venice-itineraries\/the-venetian-renaissance-of-bellini-titian-and-tintoretto\/\">Die K\u00fcnstler der Renaissance: Bellini, Tizian und Tintoretto in der Frari Kirche und in der Scuola di San Rocco<\/a><\/li>\n<li id=\"menu-item-110\" class=\"menu-item menu-item-type-post_type menu-item-object-page menu-item-110\"><a href=\"https:\/\/www.slow-venice.com\/de\/slow-venice-itineraries\/venetian-masters-at-the-accademia-galleries-light-colour-and-legacy\/\">Die Accademia-Galerie: Venezianische Kunst durch die Jahrhunderte<\/a><\/li>\n<li id=\"menu-item-109\" class=\"menu-item menu-item-type-post_type menu-item-object-page menu-item-109\"><a href=\"https:\/\/www.slow-venice.com\/de\/slow-venice-itineraries\/carpaccio-and-venetian-gothic-architecture\/\">Der fabelhafte Orient von Carpaccio in der Scuola degli Schiavoni und die venezianische Gotik<\/a><\/li>\n<li id=\"menu-item-401\" class=\"menu-item menu-item-type-post_type menu-item-object-page menu-item-401\"><a href=\"https:\/\/www.slow-venice.com\/de\/slow-venice-itineraries\/palatial-art-architecture-grimani-querini-stampalia\/\">Palatial Art and Architecture: Grimani and Querini Stampalia<\/a><\/li>\n<li id=\"menu-item-400\" class=\"menu-item menu-item-type-post_type menu-item-object-page menu-item-400\"><a href=\"https:\/\/www.slow-venice.com\/de\/slow-venice-itineraries\/art-architecture-of-the-sacred-churches\/\">Kunst und Architektur in den Kirchen von der Renaissance zum Neuklassizismus.<\/a><\/li>\n<\/ul>\n<\/li>\n<li id=\"menu-item-124\" class=\"menu-item menu-item-type-custom menu-item-object-custom menu-item-has-children menu-item-124\"><a href=\"#\">Venedig entdecken<\/a>\n<ul class=\"sub-menu\">\n<li id=\"menu-item-125\" class=\"menu-item menu-item-type-post_type menu-item-object-page menu-item-125\"><a href=\"https:\/\/www.slow-venice.com\/de\/slow-venice-itineraries\/venice-insights-and-highlights-a-first-orientation\/\">Venedig f\u00fcr Anf\u00e4nger: eine erste Orientierung<\/a><\/li>\n<li id=\"menu-item-178\" class=\"menu-item menu-item-type-post_type menu-item-object-page menu-item-178\"><a href=\"https:\/\/www.slow-venice.com\/de\/slow-venice-itineraries\/cannaregio-and-the-jewish-ghetto\/\">Cannaregio und das j\u00fcdische Ghetto<\/a><\/li>\n<li id=\"menu-item-177\" class=\"menu-item menu-item-type-post_type menu-item-object-page menu-item-177\"><a href=\"https:\/\/www.slow-venice.com\/de\/slow-venice-itineraries\/dorsoduro\/\">Dorsoduro<\/a><\/li>\n<li id=\"menu-item-176\" class=\"menu-item menu-item-type-post_type menu-item-object-page menu-item-176\"><a href=\"https:\/\/www.slow-venice.com\/de\/slow-venice-itineraries\/castello\/\">Castello<\/a><\/li>\n<li id=\"menu-item-175\" class=\"menu-item menu-item-type-post_type menu-item-object-page menu-item-175\"><a href=\"https:\/\/www.slow-venice.com\/de\/slow-venice-itineraries\/san-polo-meander-santa-croce-strolling\/\">San Polo und Santa Croce<\/a><\/li>\n<li id=\"menu-item-174\" class=\"menu-item menu-item-type-post_type menu-item-object-page menu-item-174\"><a href=\"https:\/\/www.slow-venice.com\/de\/slow-venice-itineraries\/tour-of-the-giudecca-island\/\">Tour \u00fcber die Insel Giudecca<\/a><\/li>\n<\/ul>\n<\/li>\n<li id=\"menu-item-179\" class=\"menu-item menu-item-type-custom menu-item-object-custom menu-item-has-children menu-item-179\"><a href=\"#\">Besonderes<\/a>\n<ul class=\"sub-menu\">\n<li id=\"menu-item-606\" class=\"menu-item menu-item-type-post_type menu-item-object-page menu-item-606\"><a href=\"https:\/\/www.slow-venice.com\/de\/slow-venice-itineraries\/art-biennale-2026\/\">Kunst-Biennale 2026<\/a><\/li>\n<li id=\"menu-item-180\" class=\"menu-item menu-item-type-post_type menu-item-object-page menu-item-180\"><a href=\"https:\/\/www.slow-venice.com\/de\/slow-venice-itineraries\/from-modern-to-contemporary-venice-and-the-art-of-today\/\">Wege zur Gegenwartskunst und Moderne: Venedig und die K\u00fcnste von heute<\/a><\/li>\n<li id=\"menu-item-185\" class=\"menu-item menu-item-type-post_type menu-item-object-page menu-item-185\"><a href=\"https:\/\/www.slow-venice.com\/de\/slow-venice-itineraries\/venetian-rococo-ca-rezzonico-and-the-carmini\/\">Venezianisches Rokoko: Ca\u2019 Rezzonico und Scuola dei Carmini<\/a><\/li>\n<li id=\"menu-item-184\" class=\"menu-item menu-item-type-post_type menu-item-object-page menu-item-184\"><a href=\"https:\/\/www.slow-venice.com\/de\/slow-venice-itineraries\/the-venice-of-theater-and-music\/\">Theater und Musik in Venedig<\/a><\/li>\n<li id=\"menu-item-183\" class=\"menu-item menu-item-type-post_type menu-item-object-page menu-item-183\"><a href=\"https:\/\/www.slow-venice.com\/de\/slow-venice-itineraries\/the-blue-green-lagoon\/\">Die Lagune<\/a><\/li>\n<li id=\"menu-item-182\" class=\"menu-item menu-item-type-post_type menu-item-object-page menu-item-182\"><a href=\"https:\/\/www.slow-venice.com\/de\/slow-venice-itineraries\/architecture-of-the-60ies-carlo-scarpa-olivetti-querini-stampalia\/\">Die Architektur der 60iger: Carlo Scarpa, Olivetti und die Fondazione Querini Stampalia<\/a><\/li>\n<li id=\"menu-item-394\" class=\"menu-item menu-item-type-post_type menu-item-object-page menu-item-394\"><a href=\"https:\/\/www.slow-venice.com\/de\/slow-venice-itineraries\/coco-chanel-in-venice\/\">Auf den Spuren von Coco Chanel in Venedig<\/a><\/li>\n<\/ul>\n<\/li>\n<\/ul>\n<\/div>\n<\/aside>\n<\/div>\n<\/div>\n<\/div>","protected":false},"excerpt":{"rendered":"<p>Itineraries Art and History St. Mark\u2019s Square, the Doge\u2019s Palace and the Basilica Secret Itineraries of the Doge\u2019s Palace The Venetian Renaissance of Bellini, Titian and Tintoretto Venetian Masters at the Accademia Galleries: Light, Colour, and Legacy Carpaccio at the Scuola degli Schiavoni and Gothic Venice Palatial Art and Architecture: Grimani and Querini Stampalia Art &#038; Architecture of the Sacred: Churches The Six Districts Venice Insights and Highlights: a first orientation Cannaregio and the Jewish Ghetto Dorsoduro Castello San Polo [&hellip;]<\/p>\n","protected":false},"author":1,"featured_media":0,"parent":60,"menu_order":0,"comment_status":"closed","ping_status":"open","template":"","meta":{"cybocfi_hide_featured_image":"","footnotes":""},"class_list":["post-171","page","type-page","status-publish","hentry"],"yoast_head":"<!-- This site is optimized with the Yoast SEO plugin v27.5 - https:\/\/yoast.com\/product\/yoast-seo-wordpress\/ -->\n<title>From Modern to Contemporary: Venice and the Art of Today - Slow Venice<\/title>\n<meta name=\"description\" content=\"Modern and contemporary art in Venice. The city has a wide selection of museums with works by some of the world\u2019s most illustrious artists.\" \/>\n<meta name=\"robots\" content=\"index, follow, max-snippet:-1, max-image-preview:large, max-video-preview:-1\" \/>\n<link rel=\"canonical\" href=\"https:\/\/www.slow-venice.com\/de\/slow-venice-itineraries\/from-modern-to-contemporary-venice-and-the-art-of-today\/\" \/>\n<meta property=\"og:locale\" content=\"de_DE\" \/>\n<meta property=\"og:type\" content=\"article\" \/>\n<meta property=\"og:title\" content=\"From Modern to Contemporary: Venice and the Art of Today - Slow Venice\" \/>\n<meta property=\"og:description\" content=\"Modern and contemporary art in Venice. The city has a wide selection of museums with works by some of the world\u2019s most illustrious artists.\" \/>\n<meta property=\"og:url\" content=\"https:\/\/www.slow-venice.com\/de\/slow-venice-itineraries\/from-modern-to-contemporary-venice-and-the-art-of-today\/\" \/>\n<meta property=\"og:site_name\" content=\"Slow Venice\" \/>\n<meta property=\"article:modified_time\" content=\"2026-03-13T17:46:31+00:00\" \/>\n<meta property=\"og:image\" content=\"https:\/\/www.slow-venice.com\/wp-content\/uploads\/2020\/10\/Peggy-Guggenheim-Collection.jpg\" \/>\n\t<meta property=\"og:image:width\" content=\"1800\" \/>\n\t<meta property=\"og:image:height\" content=\"900\" \/>\n\t<meta property=\"og:image:type\" content=\"image\/jpeg\" \/>\n<meta name=\"twitter:card\" content=\"summary_large_image\" \/>\n<meta name=\"twitter:label1\" content=\"Gesch\u00e4tzte Lesezeit\" \/>\n\t<meta name=\"twitter:data1\" content=\"2\u00a0Minuten\" \/>\n<script type=\"application\/ld+json\" class=\"yoast-schema-graph\">{\"@context\":\"https:\\\/\\\/schema.org\",\"@graph\":[{\"@type\":\"WebPage\",\"@id\":\"https:\\\/\\\/www.slow-venice.com\\\/slow-venice-itineraries\\\/from-modern-to-contemporary-venice-and-the-art-of-today\\\/\",\"url\":\"https:\\\/\\\/www.slow-venice.com\\\/slow-venice-itineraries\\\/from-modern-to-contemporary-venice-and-the-art-of-today\\\/\",\"name\":\"From Modern to Contemporary: Venice and the Art of Today - Slow Venice\",\"isPartOf\":{\"@id\":\"https:\\\/\\\/www.slow-venice.com\\\/#website\"},\"primaryImageOfPage\":{\"@id\":\"https:\\\/\\\/www.slow-venice.com\\\/slow-venice-itineraries\\\/from-modern-to-contemporary-venice-and-the-art-of-today\\\/#primaryimage\"},\"image\":{\"@id\":\"https:\\\/\\\/www.slow-venice.com\\\/slow-venice-itineraries\\\/from-modern-to-contemporary-venice-and-the-art-of-today\\\/#primaryimage\"},\"thumbnailUrl\":\"https:\\\/\\\/www.slow-venice.com\\\/wp-content\\\/uploads\\\/2020\\\/10\\\/Peggy-Guggenheim-Collection.jpg\",\"datePublished\":\"2020-09-28T18:17:50+00:00\",\"dateModified\":\"2026-03-13T17:46:31+00:00\",\"description\":\"Modern and contemporary art in Venice. The city has a wide selection of museums with works by some of the world\u2019s most illustrious artists.\",\"breadcrumb\":{\"@id\":\"https:\\\/\\\/www.slow-venice.com\\\/slow-venice-itineraries\\\/from-modern-to-contemporary-venice-and-the-art-of-today\\\/#breadcrumb\"},\"inLanguage\":\"de\",\"potentialAction\":[{\"@type\":\"ReadAction\",\"target\":[\"https:\\\/\\\/www.slow-venice.com\\\/slow-venice-itineraries\\\/from-modern-to-contemporary-venice-and-the-art-of-today\\\/\"]}]},{\"@type\":\"ImageObject\",\"inLanguage\":\"de\",\"@id\":\"https:\\\/\\\/www.slow-venice.com\\\/slow-venice-itineraries\\\/from-modern-to-contemporary-venice-and-the-art-of-today\\\/#primaryimage\",\"url\":\"https:\\\/\\\/www.slow-venice.com\\\/wp-content\\\/uploads\\\/2020\\\/10\\\/Peggy-Guggenheim-Collection.jpg\",\"contentUrl\":\"https:\\\/\\\/www.slow-venice.com\\\/wp-content\\\/uploads\\\/2020\\\/10\\\/Peggy-Guggenheim-Collection.jpg\"},{\"@type\":\"BreadcrumbList\",\"@id\":\"https:\\\/\\\/www.slow-venice.com\\\/slow-venice-itineraries\\\/from-modern-to-contemporary-venice-and-the-art-of-today\\\/#breadcrumb\",\"itemListElement\":[{\"@type\":\"ListItem\",\"position\":1,\"name\":\"Home\",\"item\":\"https:\\\/\\\/www.slow-venice.com\\\/\"},{\"@type\":\"ListItem\",\"position\":2,\"name\":\"Slow Venice &#8211; itineraries\",\"item\":\"https:\\\/\\\/www.slow-venice.com\\\/slow-venice-itineraries\\\/\"},{\"@type\":\"ListItem\",\"position\":3,\"name\":\"From Modern to Contemporary: Venice and the Art of Today\"}]},{\"@type\":\"WebSite\",\"@id\":\"https:\\\/\\\/www.slow-venice.com\\\/#website\",\"url\":\"https:\\\/\\\/www.slow-venice.com\\\/\",\"name\":\"Slow Venice\",\"description\":\"Unique Venice tours for travellers who want to slow down and expereince more\",\"potentialAction\":[{\"@type\":\"SearchAction\",\"target\":{\"@type\":\"EntryPoint\",\"urlTemplate\":\"https:\\\/\\\/www.slow-venice.com\\\/?s={search_term_string}\"},\"query-input\":{\"@type\":\"PropertyValueSpecification\",\"valueRequired\":true,\"valueName\":\"search_term_string\"}}],\"inLanguage\":\"de\"}]}<\/script>\n<!-- \/ Yoast SEO plugin. -->","yoast_head_json":{"title":"From Modern to Contemporary: Venice and the Art of Today - Slow Venice","description":"Modern and contemporary art in Venice. The city has a wide selection of museums with works by some of the world\u2019s most illustrious artists.","robots":{"index":"index","follow":"follow","max-snippet":"max-snippet:-1","max-image-preview":"max-image-preview:large","max-video-preview":"max-video-preview:-1"},"canonical":"https:\/\/www.slow-venice.com\/de\/slow-venice-itineraries\/from-modern-to-contemporary-venice-and-the-art-of-today\/","og_locale":"de_DE","og_type":"article","og_title":"From Modern to Contemporary: Venice and the Art of Today - Slow Venice","og_description":"Modern and contemporary art in Venice. The city has a wide selection of museums with works by some of the world\u2019s most illustrious artists.","og_url":"https:\/\/www.slow-venice.com\/de\/slow-venice-itineraries\/from-modern-to-contemporary-venice-and-the-art-of-today\/","og_site_name":"Slow Venice","article_modified_time":"2026-03-13T17:46:31+00:00","og_image":[{"width":1800,"height":900,"url":"https:\/\/www.slow-venice.com\/wp-content\/uploads\/2020\/10\/Peggy-Guggenheim-Collection.jpg","type":"image\/jpeg"}],"twitter_card":"summary_large_image","twitter_misc":{"Gesch\u00e4tzte Lesezeit":"2\u00a0Minuten"},"schema":{"@context":"https:\/\/schema.org","@graph":[{"@type":"WebPage","@id":"https:\/\/www.slow-venice.com\/slow-venice-itineraries\/from-modern-to-contemporary-venice-and-the-art-of-today\/","url":"https:\/\/www.slow-venice.com\/slow-venice-itineraries\/from-modern-to-contemporary-venice-and-the-art-of-today\/","name":"From Modern to Contemporary: Venice and the Art of Today - Slow Venice","isPartOf":{"@id":"https:\/\/www.slow-venice.com\/#website"},"primaryImageOfPage":{"@id":"https:\/\/www.slow-venice.com\/slow-venice-itineraries\/from-modern-to-contemporary-venice-and-the-art-of-today\/#primaryimage"},"image":{"@id":"https:\/\/www.slow-venice.com\/slow-venice-itineraries\/from-modern-to-contemporary-venice-and-the-art-of-today\/#primaryimage"},"thumbnailUrl":"https:\/\/www.slow-venice.com\/wp-content\/uploads\/2020\/10\/Peggy-Guggenheim-Collection.jpg","datePublished":"2020-09-28T18:17:50+00:00","dateModified":"2026-03-13T17:46:31+00:00","description":"Modern and contemporary art in Venice. The city has a wide selection of museums with works by some of the world\u2019s most illustrious artists.","breadcrumb":{"@id":"https:\/\/www.slow-venice.com\/slow-venice-itineraries\/from-modern-to-contemporary-venice-and-the-art-of-today\/#breadcrumb"},"inLanguage":"de","potentialAction":[{"@type":"ReadAction","target":["https:\/\/www.slow-venice.com\/slow-venice-itineraries\/from-modern-to-contemporary-venice-and-the-art-of-today\/"]}]},{"@type":"ImageObject","inLanguage":"de","@id":"https:\/\/www.slow-venice.com\/slow-venice-itineraries\/from-modern-to-contemporary-venice-and-the-art-of-today\/#primaryimage","url":"https:\/\/www.slow-venice.com\/wp-content\/uploads\/2020\/10\/Peggy-Guggenheim-Collection.jpg","contentUrl":"https:\/\/www.slow-venice.com\/wp-content\/uploads\/2020\/10\/Peggy-Guggenheim-Collection.jpg"},{"@type":"BreadcrumbList","@id":"https:\/\/www.slow-venice.com\/slow-venice-itineraries\/from-modern-to-contemporary-venice-and-the-art-of-today\/#breadcrumb","itemListElement":[{"@type":"ListItem","position":1,"name":"Home","item":"https:\/\/www.slow-venice.com\/"},{"@type":"ListItem","position":2,"name":"Slow Venice &#8211; itineraries","item":"https:\/\/www.slow-venice.com\/slow-venice-itineraries\/"},{"@type":"ListItem","position":3,"name":"From Modern to Contemporary: Venice and the Art of Today"}]},{"@type":"WebSite","@id":"https:\/\/www.slow-venice.com\/#website","url":"https:\/\/www.slow-venice.com\/","name":"Slow Venice","description":"Unique Venice tours for travellers who want to slow down and expereince more","potentialAction":[{"@type":"SearchAction","target":{"@type":"EntryPoint","urlTemplate":"https:\/\/www.slow-venice.com\/?s={search_term_string}"},"query-input":{"@type":"PropertyValueSpecification","valueRequired":true,"valueName":"search_term_string"}}],"inLanguage":"de"}]}},"_links":{"self":[{"href":"https:\/\/www.slow-venice.com\/de\/wp-json\/wp\/v2\/pages\/171","targetHints":{"allow":["GET"]}}],"collection":[{"href":"https:\/\/www.slow-venice.com\/de\/wp-json\/wp\/v2\/pages"}],"about":[{"href":"https:\/\/www.slow-venice.com\/de\/wp-json\/wp\/v2\/types\/page"}],"author":[{"embeddable":true,"href":"https:\/\/www.slow-venice.com\/de\/wp-json\/wp\/v2\/users\/1"}],"replies":[{"embeddable":true,"href":"https:\/\/www.slow-venice.com\/de\/wp-json\/wp\/v2\/comments?post=171"}],"version-history":[{"count":9,"href":"https:\/\/www.slow-venice.com\/de\/wp-json\/wp\/v2\/pages\/171\/revisions"}],"predecessor-version":[{"id":1044,"href":"https:\/\/www.slow-venice.com\/de\/wp-json\/wp\/v2\/pages\/171\/revisions\/1044"}],"up":[{"embeddable":true,"href":"https:\/\/www.slow-venice.com\/de\/wp-json\/wp\/v2\/pages\/60"}],"wp:attachment":[{"href":"https:\/\/www.slow-venice.com\/de\/wp-json\/wp\/v2\/media?parent=171"}],"curies":[{"name":"wp","href":"https:\/\/api.w.org\/{rel}","templated":true}]}}