{"id":155,"date":"2020-09-28T16:55:49","date_gmt":"2020-09-28T15:55:49","guid":{"rendered":"https:\/\/www.viperfish.eu\/slow-venice\/?page_id=155"},"modified":"2024-10-14T16:28:15","modified_gmt":"2024-10-14T14:28:15","slug":"architecture-of-the-60ies-carlo-scarpa-olivetti-querini-stampalia","status":"publish","type":"page","link":"https:\/\/www.slow-venice.com\/de\/slow-venice-itineraries\/architecture-of-the-60ies-carlo-scarpa-olivetti-querini-stampalia\/","title":{"rendered":"Die Architektur der 60iger: Carlo Scarpa, Olivetti und die Fondazione Querini Stampalia"},"content":{"rendered":"<div class=\"text-box-inner-wrap\"><div class=\"none\" style=\"padding: 30px 0 0;margin: 0 0 0;background-color: ;color: ;border-width:0px;border-color:;border-style:solid;\"><p><img loading=\"lazy\" decoding=\"async\" class=\"alignleft size-full wp-image-220\" src=\"https:\/\/www.slow-venice.com\/wp-content\/uploads\/2020\/10\/Olivetti-ingresso.jpg\" alt=\"Olivetti Shop by Carlo Scarpa\" width=\"1024\" height=\"768\" srcset=\"https:\/\/www.slow-venice.com\/wp-content\/uploads\/2020\/10\/Olivetti-ingresso.jpg 1024w, https:\/\/www.slow-venice.com\/wp-content\/uploads\/2020\/10\/Olivetti-ingresso-300x225.jpg 300w, https:\/\/www.slow-venice.com\/wp-content\/uploads\/2020\/10\/Olivetti-ingresso-768x576.jpg 768w, https:\/\/www.slow-venice.com\/wp-content\/uploads\/2020\/10\/Olivetti-ingresso-800x600.jpg 800w\" sizes=\"auto, (max-width: 1024px) 100vw, 1024px\" \/><\/p>\n<\/div><\/div>\n<div class=\"text-box-inner-wrap\"><div class=\"none\" style=\"padding: 30px 0 0;margin: 0 0 0;background-color: ;color: ;border-width:0px;border-color:;border-style:solid;\"><p><img loading=\"lazy\" decoding=\"async\" class=\"aligncenter wp-image-157 size-full\" src=\"https:\/\/www.slow-venice.com\/wp-content\/uploads\/2020\/09\/querini-giardino.jpg\" alt=\"Carlo Scarpa - Querini Stampalia\" width=\"1024\" height=\"768\" srcset=\"https:\/\/www.slow-venice.com\/wp-content\/uploads\/2020\/09\/querini-giardino.jpg 1024w, https:\/\/www.slow-venice.com\/wp-content\/uploads\/2020\/09\/querini-giardino-300x225.jpg 300w, https:\/\/www.slow-venice.com\/wp-content\/uploads\/2020\/09\/querini-giardino-768x576.jpg 768w, https:\/\/www.slow-venice.com\/wp-content\/uploads\/2020\/09\/querini-giardino-800x600.jpg 800w\" sizes=\"auto, (max-width: 1024px) 100vw, 1024px\" \/><\/p>\n<\/div><\/div>\n<div class=\"text-box-inner-wrap\"><div class=\"none\" style=\"padding: 0 0 0;margin: 0 0 0;background-color: ;color: ;border-width:0px;border-color:;border-style:solid;\"><\/p>\n<h3>Die Architektur der 60iger: Carlo Scarpa, Olivetti und die Fondazione Querini Stampalia<\/h3>\n<p class=\"textrundgaenge\">The great architect\u00a0Carlo Scarpa (Venice 1902 \u2013 Sendai 1978) had a unique ability to \u201cread\u201d historic places, and\u00a0to understand\u00a0the particular force and meaning they had in their contemporary urban settings. the transformation of a building occurred always in this harmonious context.<\/p>\n<p class=\"textrundgaenge\">Gerade in seiner Heimatstadt Venedig gelang Scarpa ein au\u00dfergew\u00f6hnliche Balanceakt zwischen der \u00fcberw\u00e4ltigenden Geschichte der venezianischen Architektur und seinem pers\u00f6nlichen Gef\u00fchl f\u00fcr die Gegenwart. Meine Tour bietet eine historische Perspektive, die zeigt, wie die Natur der venezianischen Architektur in das Werk von Scarpa einflie\u00dft und sich mit seiner modernen Vision verbindet.<\/p>\n<p class=\"textrundgaenge\">In the Olivetti Shop in Piazza San Marco, that was intended by Adriano Olivetti, who commissioned the work, to be a \u201ccalling card\u201d for his typewriter industry, scarpa transformed a long and narrow room into an elegant, vertical space. Although he uses traditional materials such as mosaic, terrazzo, brass\u00a0and white stone, he gives them a modern twist through the way he handles them.<\/p>\n<p class=\"textrundgaenge\">Im Erdgeschoss des Palazzo Querini Stampalia aus dem 16. Jahrhundert verband Scarpa drei R\u00e4ume zu einer harmonische Einheit: die neue Zugangsbr\u00fccke, den Kanal auf der Vorderseite und den Innenhof mit Garten. Materialien wie Stein und Marmor interagieren dort mit ihrer nat\u00fcrlichen Umgebung: Wasser, Pflanzen und Licht.<\/p>\n<p class=\"textrundgaenge\">A more comprehensive overview \u00a0of the work of Carlo Scarpa include the Correr Museum, where there are rooms that preserve the original setting and the entrances to the Faculty of Humanities in San Sebastiano and to the Faculty of Architecture at the Tolentini. Both entrances were completed posthumously by Scarpa's collaborators, based on his original designs.<\/p>\n<p>\n<\/div><\/div>\n<div id=\"sidebar\" class=\"sidebar-pagebuilder\">\n<div class=\"sidebar\">\n<div class=\"sidebar-widget\">\n<aside id=\"nav_menu-2\" class=\"widget widget_nav_menu\">\n<h3>Reiserouten<\/h3>\n<div class=\"menu-itineraries-container\">\n<ul id=\"menu-itineraries\" class=\"menu\">\n<li id=\"menu-item-91\" class=\"menu-item menu-item-type-custom menu-item-object-custom menu-item-has-children menu-item-91\"><a href=\"#\">Kunst und Geschichte Venedigs<\/a>\n<ul class=\"sub-menu\">\n<li id=\"menu-item-88\" class=\"menu-item menu-item-type-post_type menu-item-object-page menu-item-88\"><a href=\"https:\/\/www.slow-venice.com\/de\/slow-venice-itineraries\/st-marks-square-the-doges-palace-and-the-basilica\/\">St. Mark\u2019s Square, the Doge\u2019s Palace and the Basilica<\/a><\/li>\n<li id=\"menu-item-87\" class=\"menu-item menu-item-type-post_type menu-item-object-page menu-item-87\"><a href=\"https:\/\/www.slow-venice.com\/de\/slow-venice-itineraries\/secret-itineraries-of-the-doges-palace\/\">Die Geheimen Wege im Dogenpalast<\/a><\/li>\n<li id=\"menu-item-99\" class=\"menu-item menu-item-type-post_type menu-item-object-page menu-item-99\"><a href=\"https:\/\/www.slow-venice.com\/de\/slow-venice-itineraries\/the-venetian-renaissance-of-bellini-titian-and-tintoretto\/\">Die K\u00fcnstler der Renaissance: Bellini, Tizian und Tintoretto in der Frari Kirche und in der Scuola di San Rocco<\/a><\/li>\n<li id=\"menu-item-110\" class=\"menu-item menu-item-type-post_type menu-item-object-page menu-item-110\"><a href=\"https:\/\/www.slow-venice.com\/de\/slow-venice-itineraries\/the-accademia-gallery-venetian-art-across-the-ages\/\">500 Jahre venezianische Malerei: die Gem\u00e4lde-Galerie Accademia<\/a><\/li>\n<li id=\"menu-item-109\" class=\"menu-item menu-item-type-post_type menu-item-object-page menu-item-109\"><a href=\"https:\/\/www.slow-venice.com\/de\/slow-venice-itineraries\/carpaccio-and-venetian-gothic-architecture\/\">Exotic influence: The fabulous eastern World of Carpaccio in the Scuola dei Dalmati and Venetian Gothic Architecture<\/a><\/li>\n<li id=\"menu-item-401\" class=\"menu-item menu-item-type-post_type menu-item-object-page menu-item-401\"><a href=\"https:\/\/www.slow-venice.com\/de\/slow-venice-itineraries\/palatial-art-architecture-grimani-querini-stampalia\/\">Palatial Art and Architecture: Grimani and Querini Stampalia<\/a><\/li>\n<li id=\"menu-item-400\" class=\"menu-item menu-item-type-post_type menu-item-object-page menu-item-400\"><a href=\"https:\/\/www.slow-venice.com\/de\/slow-venice-itineraries\/art-architecture-of-the-sacred-churches\/\">Kunst und Architektur in den Kirchen von der Renaissance zum Neuklassizismus.<\/a><\/li>\n<\/ul>\n<\/li>\n<li id=\"menu-item-124\" class=\"menu-item menu-item-type-custom menu-item-object-custom menu-item-has-children menu-item-124\"><a href=\"#\">Venedig entdecken<\/a>\n<ul class=\"sub-menu\">\n<li id=\"menu-item-125\" class=\"menu-item menu-item-type-post_type menu-item-object-page menu-item-125\"><a href=\"https:\/\/www.slow-venice.com\/de\/slow-venice-itineraries\/venice-insights-and-highlights-a-first-orientation\/\">Venedig f\u00fcr Anf\u00e4nger: eine erste Orientierung<\/a><\/li>\n<li id=\"menu-item-178\" class=\"menu-item menu-item-type-post_type menu-item-object-page menu-item-178\"><a href=\"https:\/\/www.slow-venice.com\/de\/slow-venice-itineraries\/cannaregio-and-the-jewish-ghetto\/\">Cannaregio und das j\u00fcdische Ghetto<\/a><\/li>\n<li id=\"menu-item-177\" class=\"menu-item menu-item-type-post_type menu-item-object-page menu-item-177\"><a href=\"https:\/\/www.slow-venice.com\/de\/slow-venice-itineraries\/dorsoduro\/\">Dorsoduro<\/a><\/li>\n<li id=\"menu-item-176\" class=\"menu-item menu-item-type-post_type menu-item-object-page menu-item-176\"><a href=\"https:\/\/www.slow-venice.com\/de\/slow-venice-itineraries\/castello\/\">Castello<\/a><\/li>\n<li id=\"menu-item-175\" class=\"menu-item menu-item-type-post_type menu-item-object-page menu-item-175\"><a href=\"https:\/\/www.slow-venice.com\/de\/slow-venice-itineraries\/san-polo-meander-santa-croce-strolling\/\">San Polo und Santa Croce<\/a><\/li>\n<li id=\"menu-item-174\" class=\"menu-item menu-item-type-post_type menu-item-object-page menu-item-174\"><a href=\"https:\/\/www.slow-venice.com\/de\/slow-venice-itineraries\/tour-of-the-giudecca-island\/\">Tour \u00fcber die Insel Giudecca<\/a><\/li>\n<\/ul>\n<\/li>\n<li id=\"menu-item-179\" class=\"menu-item menu-item-type-custom menu-item-object-custom menu-item-has-children menu-item-179\"><a href=\"#\">Besonderes<\/a>\n<ul class=\"sub-menu\">\n<li id=\"menu-item-606\" class=\"menu-item menu-item-type-post_type menu-item-object-page menu-item-606\"><a href=\"https:\/\/www.slow-venice.com\/de\/slow-venice-itineraries\/guided-tour-of-the-art-biennale-2024\/\">F\u00fchrungen durch die Kunstbiennale 2024<\/a><\/li>\n<li id=\"menu-item-180\" class=\"menu-item menu-item-type-post_type menu-item-object-page menu-item-180\"><a href=\"https:\/\/www.slow-venice.com\/de\/slow-venice-itineraries\/from-modern-to-contemporary-todays-art-todays-venice\/\">Wege zur Gegenwartskunst und Moderne<\/a><\/li>\n<li id=\"menu-item-185\" class=\"menu-item menu-item-type-post_type menu-item-object-page menu-item-185\"><a href=\"https:\/\/www.slow-venice.com\/de\/slow-venice-itineraries\/venetian-rococo-ca-rezzonico-and-the-carmini\/\">Venezianisches Rokoko: Ca\u2019 Rezzonico und Scuola dei Carmini<\/a><\/li>\n<li id=\"menu-item-184\" class=\"menu-item menu-item-type-post_type menu-item-object-page menu-item-184\"><a href=\"https:\/\/www.slow-venice.com\/de\/slow-venice-itineraries\/the-venice-of-theater-and-music\/\">Theater und Musik in Venedig<\/a><\/li>\n<li id=\"menu-item-183\" class=\"menu-item menu-item-type-post_type menu-item-object-page menu-item-183\"><a href=\"https:\/\/www.slow-venice.com\/de\/slow-venice-itineraries\/the-blue-green-lagoon\/\">Die Lagune<\/a><\/li>\n<li id=\"menu-item-182\" class=\"menu-item menu-item-type-post_type menu-item-object-page menu-item-182\"><a href=\"https:\/\/www.slow-venice.com\/de\/slow-venice-itineraries\/architecture-of-the-60ies-carlo-scarpa-olivetti-querini-stampalia\/\">Die Architektur der 60iger: Carlo Scarpa, Olivetti und die Fondazione Querini Stampalia<\/a><\/li>\n<li id=\"menu-item-394\" class=\"menu-item menu-item-type-post_type menu-item-object-page menu-item-394\"><a href=\"https:\/\/www.slow-venice.com\/de\/slow-venice-itineraries\/coco-chanel-in-venice\/\">Auf den Spuren von Coco Chanel in Venedig<\/a><\/li>\n<\/ul>\n<\/li>\n<\/ul>\n<\/div>\n<\/aside>\n<\/div>\n<\/div>\n<\/div>","protected":false},"excerpt":{"rendered":"<p>Itineraries Art and History St. Mark\u2019s Square, the Doge\u2019s Palace and the Basilica Secret Itineraries of the Doge\u2019s Palace The Venetian Renaissance of Bellini, Titian and Tintoretto The Accademia Gallery: Venetian Art Across the Ages Exotic influence: The fabulous eastern World of Carpaccio in the Scuola dei Dalmati and Venetian Gothic Architecture Palatial Art and Architecture: Grimani and Querini Stampalia Art &#038; Architecture of the Sacred: Churches The Six Districts Venice Insights and Highlights: a first orientation Cannaregio and the [&hellip;]<\/p>\n","protected":false},"author":1,"featured_media":0,"parent":60,"menu_order":0,"comment_status":"closed","ping_status":"open","template":"","meta":{"cybocfi_hide_featured_image":"","footnotes":""},"class_list":["post-155","page","type-page","status-publish","hentry"],"yoast_head":"<!-- This site is optimized with the Yoast SEO plugin v27.5 - https:\/\/yoast.com\/product\/yoast-seo-wordpress\/ -->\n<title>Architecture of the 60s: Carlo Scarpa, Olivetti, Querini Stampalia - Slow Venice<\/title>\n<meta name=\"description\" content=\"Carlo Scarpa, Olivetti, Querini Stampalia. On this tour we will explore Scarpa&#039;s unique ability to &quot;read&quot; historic places...\" \/>\n<meta name=\"robots\" content=\"index, follow, max-snippet:-1, max-image-preview:large, max-video-preview:-1\" \/>\n<link rel=\"canonical\" href=\"https:\/\/www.slow-venice.com\/de\/slow-venice-itineraries\/architecture-of-the-60ies-carlo-scarpa-olivetti-querini-stampalia\/\" \/>\n<meta property=\"og:locale\" content=\"de_DE\" \/>\n<meta property=\"og:type\" content=\"article\" \/>\n<meta property=\"og:title\" content=\"Architecture of the 60s: Carlo Scarpa, Olivetti, Querini Stampalia - Slow Venice\" \/>\n<meta property=\"og:description\" content=\"Carlo Scarpa, Olivetti, Querini Stampalia. On this tour we will explore Scarpa&#039;s unique ability to &quot;read&quot; historic places...\" \/>\n<meta property=\"og:url\" content=\"https:\/\/www.slow-venice.com\/de\/slow-venice-itineraries\/architecture-of-the-60ies-carlo-scarpa-olivetti-querini-stampalia\/\" \/>\n<meta property=\"og:site_name\" content=\"Slow Venice\" \/>\n<meta property=\"article:modified_time\" content=\"2024-10-14T14:28:15+00:00\" \/>\n<meta property=\"og:image\" content=\"https:\/\/www.slow-venice.com\/wp-content\/uploads\/2020\/10\/Olivetti-ingresso.jpg\" \/>\n\t<meta property=\"og:image:width\" content=\"1024\" \/>\n\t<meta property=\"og:image:height\" content=\"768\" \/>\n\t<meta property=\"og:image:type\" content=\"image\/jpeg\" \/>\n<meta name=\"twitter:card\" content=\"summary_large_image\" \/>\n<meta name=\"twitter:label1\" content=\"Gesch\u00e4tzte Lesezeit\" \/>\n\t<meta name=\"twitter:data1\" content=\"3\u00a0Minuten\" \/>\n<script type=\"application\/ld+json\" class=\"yoast-schema-graph\">{\"@context\":\"https:\\\/\\\/schema.org\",\"@graph\":[{\"@type\":\"WebPage\",\"@id\":\"https:\\\/\\\/www.slow-venice.com\\\/slow-venice-itineraries\\\/architecture-of-the-60ies-carlo-scarpa-olivetti-querini-stampalia\\\/\",\"url\":\"https:\\\/\\\/www.slow-venice.com\\\/slow-venice-itineraries\\\/architecture-of-the-60ies-carlo-scarpa-olivetti-querini-stampalia\\\/\",\"name\":\"Architecture of the 60s: Carlo Scarpa, Olivetti, Querini Stampalia - Slow Venice\",\"isPartOf\":{\"@id\":\"https:\\\/\\\/www.slow-venice.com\\\/#website\"},\"primaryImageOfPage\":{\"@id\":\"https:\\\/\\\/www.slow-venice.com\\\/slow-venice-itineraries\\\/architecture-of-the-60ies-carlo-scarpa-olivetti-querini-stampalia\\\/#primaryimage\"},\"image\":{\"@id\":\"https:\\\/\\\/www.slow-venice.com\\\/slow-venice-itineraries\\\/architecture-of-the-60ies-carlo-scarpa-olivetti-querini-stampalia\\\/#primaryimage\"},\"thumbnailUrl\":\"https:\\\/\\\/www.slow-venice.com\\\/wp-content\\\/uploads\\\/2020\\\/10\\\/Olivetti-ingresso.jpg\",\"datePublished\":\"2020-09-28T15:55:49+00:00\",\"dateModified\":\"2024-10-14T14:28:15+00:00\",\"description\":\"Carlo Scarpa, Olivetti, Querini Stampalia. On this tour we will explore Scarpa's unique ability to \\\"read\\\" historic places...\",\"breadcrumb\":{\"@id\":\"https:\\\/\\\/www.slow-venice.com\\\/slow-venice-itineraries\\\/architecture-of-the-60ies-carlo-scarpa-olivetti-querini-stampalia\\\/#breadcrumb\"},\"inLanguage\":\"de\",\"potentialAction\":[{\"@type\":\"ReadAction\",\"target\":[\"https:\\\/\\\/www.slow-venice.com\\\/slow-venice-itineraries\\\/architecture-of-the-60ies-carlo-scarpa-olivetti-querini-stampalia\\\/\"]}]},{\"@type\":\"ImageObject\",\"inLanguage\":\"de\",\"@id\":\"https:\\\/\\\/www.slow-venice.com\\\/slow-venice-itineraries\\\/architecture-of-the-60ies-carlo-scarpa-olivetti-querini-stampalia\\\/#primaryimage\",\"url\":\"https:\\\/\\\/www.slow-venice.com\\\/wp-content\\\/uploads\\\/2020\\\/10\\\/Olivetti-ingresso.jpg\",\"contentUrl\":\"https:\\\/\\\/www.slow-venice.com\\\/wp-content\\\/uploads\\\/2020\\\/10\\\/Olivetti-ingresso.jpg\"},{\"@type\":\"BreadcrumbList\",\"@id\":\"https:\\\/\\\/www.slow-venice.com\\\/slow-venice-itineraries\\\/architecture-of-the-60ies-carlo-scarpa-olivetti-querini-stampalia\\\/#breadcrumb\",\"itemListElement\":[{\"@type\":\"ListItem\",\"position\":1,\"name\":\"Home\",\"item\":\"https:\\\/\\\/www.slow-venice.com\\\/\"},{\"@type\":\"ListItem\",\"position\":2,\"name\":\"Slow Venice &#8211; itineraries\",\"item\":\"https:\\\/\\\/www.slow-venice.com\\\/slow-venice-itineraries\\\/\"},{\"@type\":\"ListItem\",\"position\":3,\"name\":\"Architecture of the 60s: Carlo Scarpa, Olivetti, Querini Stampalia\"}]},{\"@type\":\"WebSite\",\"@id\":\"https:\\\/\\\/www.slow-venice.com\\\/#website\",\"url\":\"https:\\\/\\\/www.slow-venice.com\\\/\",\"name\":\"Slow Venice\",\"description\":\"Unique Venice tours for travellers who want to slow down and expereince more\",\"potentialAction\":[{\"@type\":\"SearchAction\",\"target\":{\"@type\":\"EntryPoint\",\"urlTemplate\":\"https:\\\/\\\/www.slow-venice.com\\\/?s={search_term_string}\"},\"query-input\":{\"@type\":\"PropertyValueSpecification\",\"valueRequired\":true,\"valueName\":\"search_term_string\"}}],\"inLanguage\":\"de\"}]}<\/script>\n<!-- \/ Yoast SEO plugin. -->","yoast_head_json":{"title":"Architecture of the 60s: Carlo Scarpa, Olivetti, Querini Stampalia - Slow Venice","description":"Carlo Scarpa, Olivetti, Querini Stampalia. On this tour we will explore Scarpa's unique ability to \"read\" historic places...","robots":{"index":"index","follow":"follow","max-snippet":"max-snippet:-1","max-image-preview":"max-image-preview:large","max-video-preview":"max-video-preview:-1"},"canonical":"https:\/\/www.slow-venice.com\/de\/slow-venice-itineraries\/architecture-of-the-60ies-carlo-scarpa-olivetti-querini-stampalia\/","og_locale":"de_DE","og_type":"article","og_title":"Architecture of the 60s: Carlo Scarpa, Olivetti, Querini Stampalia - Slow Venice","og_description":"Carlo Scarpa, Olivetti, Querini Stampalia. On this tour we will explore Scarpa's unique ability to \"read\" historic places...","og_url":"https:\/\/www.slow-venice.com\/de\/slow-venice-itineraries\/architecture-of-the-60ies-carlo-scarpa-olivetti-querini-stampalia\/","og_site_name":"Slow Venice","article_modified_time":"2024-10-14T14:28:15+00:00","og_image":[{"width":1024,"height":768,"url":"https:\/\/www.slow-venice.com\/wp-content\/uploads\/2020\/10\/Olivetti-ingresso.jpg","type":"image\/jpeg"}],"twitter_card":"summary_large_image","twitter_misc":{"Gesch\u00e4tzte Lesezeit":"3\u00a0Minuten"},"schema":{"@context":"https:\/\/schema.org","@graph":[{"@type":"WebPage","@id":"https:\/\/www.slow-venice.com\/slow-venice-itineraries\/architecture-of-the-60ies-carlo-scarpa-olivetti-querini-stampalia\/","url":"https:\/\/www.slow-venice.com\/slow-venice-itineraries\/architecture-of-the-60ies-carlo-scarpa-olivetti-querini-stampalia\/","name":"Architecture of the 60s: Carlo Scarpa, Olivetti, Querini Stampalia - Slow Venice","isPartOf":{"@id":"https:\/\/www.slow-venice.com\/#website"},"primaryImageOfPage":{"@id":"https:\/\/www.slow-venice.com\/slow-venice-itineraries\/architecture-of-the-60ies-carlo-scarpa-olivetti-querini-stampalia\/#primaryimage"},"image":{"@id":"https:\/\/www.slow-venice.com\/slow-venice-itineraries\/architecture-of-the-60ies-carlo-scarpa-olivetti-querini-stampalia\/#primaryimage"},"thumbnailUrl":"https:\/\/www.slow-venice.com\/wp-content\/uploads\/2020\/10\/Olivetti-ingresso.jpg","datePublished":"2020-09-28T15:55:49+00:00","dateModified":"2024-10-14T14:28:15+00:00","description":"Carlo Scarpa, Olivetti, Querini Stampalia. On this tour we will explore Scarpa's unique ability to \"read\" historic places...","breadcrumb":{"@id":"https:\/\/www.slow-venice.com\/slow-venice-itineraries\/architecture-of-the-60ies-carlo-scarpa-olivetti-querini-stampalia\/#breadcrumb"},"inLanguage":"de","potentialAction":[{"@type":"ReadAction","target":["https:\/\/www.slow-venice.com\/slow-venice-itineraries\/architecture-of-the-60ies-carlo-scarpa-olivetti-querini-stampalia\/"]}]},{"@type":"ImageObject","inLanguage":"de","@id":"https:\/\/www.slow-venice.com\/slow-venice-itineraries\/architecture-of-the-60ies-carlo-scarpa-olivetti-querini-stampalia\/#primaryimage","url":"https:\/\/www.slow-venice.com\/wp-content\/uploads\/2020\/10\/Olivetti-ingresso.jpg","contentUrl":"https:\/\/www.slow-venice.com\/wp-content\/uploads\/2020\/10\/Olivetti-ingresso.jpg"},{"@type":"BreadcrumbList","@id":"https:\/\/www.slow-venice.com\/slow-venice-itineraries\/architecture-of-the-60ies-carlo-scarpa-olivetti-querini-stampalia\/#breadcrumb","itemListElement":[{"@type":"ListItem","position":1,"name":"Home","item":"https:\/\/www.slow-venice.com\/"},{"@type":"ListItem","position":2,"name":"Slow Venice &#8211; itineraries","item":"https:\/\/www.slow-venice.com\/slow-venice-itineraries\/"},{"@type":"ListItem","position":3,"name":"Architecture of the 60s: Carlo Scarpa, Olivetti, Querini Stampalia"}]},{"@type":"WebSite","@id":"https:\/\/www.slow-venice.com\/#website","url":"https:\/\/www.slow-venice.com\/","name":"Slow Venice","description":"Unique Venice tours for travellers who want to slow down and expereince more","potentialAction":[{"@type":"SearchAction","target":{"@type":"EntryPoint","urlTemplate":"https:\/\/www.slow-venice.com\/?s={search_term_string}"},"query-input":{"@type":"PropertyValueSpecification","valueRequired":true,"valueName":"search_term_string"}}],"inLanguage":"de"}]}},"_links":{"self":[{"href":"https:\/\/www.slow-venice.com\/de\/wp-json\/wp\/v2\/pages\/155","targetHints":{"allow":["GET"]}}],"collection":[{"href":"https:\/\/www.slow-venice.com\/de\/wp-json\/wp\/v2\/pages"}],"about":[{"href":"https:\/\/www.slow-venice.com\/de\/wp-json\/wp\/v2\/types\/page"}],"author":[{"embeddable":true,"href":"https:\/\/www.slow-venice.com\/de\/wp-json\/wp\/v2\/users\/1"}],"replies":[{"embeddable":true,"href":"https:\/\/www.slow-venice.com\/de\/wp-json\/wp\/v2\/comments?post=155"}],"version-history":[{"count":8,"href":"https:\/\/www.slow-venice.com\/de\/wp-json\/wp\/v2\/pages\/155\/revisions"}],"predecessor-version":[{"id":814,"href":"https:\/\/www.slow-venice.com\/de\/wp-json\/wp\/v2\/pages\/155\/revisions\/814"}],"up":[{"embeddable":true,"href":"https:\/\/www.slow-venice.com\/de\/wp-json\/wp\/v2\/pages\/60"}],"wp:attachment":[{"href":"https:\/\/www.slow-venice.com\/de\/wp-json\/wp\/v2\/media?parent=155"}],"curies":[{"name":"wp","href":"https:\/\/api.w.org\/{rel}","templated":true}]}}