{"id":151,"date":"2020-09-28T16:51:51","date_gmt":"2020-09-28T15:51:51","guid":{"rendered":"https:\/\/www.viperfish.eu\/slow-venice\/?page_id=151"},"modified":"2025-04-23T18:18:18","modified_gmt":"2025-04-23T16:18:18","slug":"the-blue-green-lagoon","status":"publish","type":"page","link":"https:\/\/www.slow-venice.com\/de\/slow-venice-itineraries\/the-blue-green-lagoon\/","title":{"rendered":"Die Lagune"},"content":{"rendered":"<div class=\"text-box-inner-wrap\"><div class=\"none\" style=\"padding: 30px 0 0;margin: 0 0 0;background-color: ;color: ;border-width:0px;border-color:;border-style:solid;\"><p><img loading=\"lazy\" decoding=\"async\" class=\"aligncenter wp-image-216 size-full\" src=\"https:\/\/www.slow-venice.com\/wp-content\/uploads\/2020\/10\/Lagoon-Blue-Green.jpg\" alt=\"Venetian Lagoon Excursion - view of the lagoon\" width=\"1800\" height=\"900\" srcset=\"https:\/\/www.slow-venice.com\/wp-content\/uploads\/2020\/10\/Lagoon-Blue-Green.jpg 1800w, https:\/\/www.slow-venice.com\/wp-content\/uploads\/2020\/10\/Lagoon-Blue-Green-300x150.jpg 300w, https:\/\/www.slow-venice.com\/wp-content\/uploads\/2020\/10\/Lagoon-Blue-Green-1024x512.jpg 1024w, https:\/\/www.slow-venice.com\/wp-content\/uploads\/2020\/10\/Lagoon-Blue-Green-768x384.jpg 768w, https:\/\/www.slow-venice.com\/wp-content\/uploads\/2020\/10\/Lagoon-Blue-Green-1536x768.jpg 1536w, https:\/\/www.slow-venice.com\/wp-content\/uploads\/2020\/10\/Lagoon-Blue-Green-1400x700.jpg 1400w, https:\/\/www.slow-venice.com\/wp-content\/uploads\/2020\/10\/Lagoon-Blue-Green-800x400.jpg 800w\" sizes=\"auto, (max-width: 1800px) 100vw, 1800px\" \/><\/p>\n<\/div><\/div>\n<div class=\"text-box-inner-wrap\"><div class=\"none\" style=\"padding: 0 0 0;margin: 0 0 0;background-color: ;color: ;border-width:0px;border-color:;border-style:solid;\"><\/p>\n<h3>Die Lagune<\/h3>\n<p class=\"textrundgaenge\">Dieser Ausflug in die venezianische Lagune f\u00fchrt uns zur\u00fcck zu den Anf\u00e4ngen Venedigs. Nach dem Fall des R\u00f6mischen Reiches flohen ganze Gemeinschaften in die flachen, sumpfigen Gew\u00e4sser der Lagune, um den einfallenden St\u00e4mmen zu entkommen \u2013 und begannen nach und nach, das zu bauen, was sp\u00e4ter zur Stadt werden sollte.<\/p>\n<p class=\"textrundgaenge translation-block\">Torcello gilt als die \u00e4lteste Siedlung in der Lagune. Lange bevor Venedig entstand, war sie ein bedeutendes Handelszentrum. Heute leben nur noch wenige Menschen auf der Insel. Die tausendj\u00e4hrige Kathedrale bewahrt au\u00dfergew\u00f6hnliche byzantinische Mosaiken: Gold- und Glastesserae gl\u00e4nzen noch immer im Licht, w\u00e4hrend das J\u00fcngste Gericht \u2014 mit seiner klaren Trennung zwischen Himmel und H\u00f6lle \u2014 an eine Welt erinnert, die von Glauben, Furcht und Sch\u00f6nheit gepr\u00e4gt war.<\/p>\n<p class=\"translation-block\">In wenigen Minuten erreichen wir mit dem Boot Burano. Die Insel war einst f\u00fcr die Spitzenkunst bekannt, und Spuren dieser Tradition sind noch heute sichtbar \u2014 manchmal sieht man noch Frauen, die vor ihren H\u00e4usern arbeiten. \nBurano ist ein typisches mediterranes Fischerdorf, bekannt f\u00fcr seine bunt gestrichenen H\u00e4user \u2014 ein unwiderstehliches Motiv f\u00fcr jeden Fotografen.<\/p>\n<p class=\"textrundgaenge translation-block\">Murano ist seit dem Mittelalter f\u00fcr seine Glasherstellung ber\u00fchmt. Einige Werkst\u00e4tten genie\u00dfen noch heute internationalen Ruf f\u00fcr ihr kunsthandwerkliches K\u00f6nnen und ihr Design. Bei einem Spaziergang entlang des Kanals begegnet man Gesch\u00e4ften und Ateliers mit Glas aller Art \u2014 von Alltagsgegenst\u00e4nden bis zu modernen Kunstst\u00fccken.\nAuf Wunsch, k\u00f6nnen wir die Kirche San Donato aus dem 12. Jahrhundert mit ihrem eindrucksvollen Mosaikboden besichtigen. Au\u00dferdem l\u00e4sst sich ein Besuch in einer echten Glaswerkstatt organisieren, bei dem man den Glasbl\u00e4sern bei der Arbeit zusehen kann.<\/p>\n<p class=\"textrundgaenge\">Nat\u00fcrlich k\u00f6nnen wir w\u00e4hrend der Tour auch \u00fcber die gro\u00dfen Herausforderungen sprechen, mit denen die Lagune heute konfrontiert ist \u2013 von Hochwasser und Fluttoren bis hin zum Bau k\u00fcnstlicher Inseln und mehr.<\/p>\n<p><img loading=\"lazy\" decoding=\"async\" class=\"wp-image-417 size-large aligncenter\" src=\"https:\/\/www.slow-venice.com\/wp-content\/uploads\/2021\/01\/IMG_2264-768x1024.jpg\" alt=\"Venetian Lagoon Excursion - Burano\" width=\"756\" height=\"1008\" \/><\/p>\n<p><img loading=\"lazy\" decoding=\"async\" class=\"size-large wp-image-217 aligncenter\" src=\"https:\/\/www.slow-venice.com\/wp-content\/uploads\/2020\/10\/Lagoon-Francesco-Deserto-1024x683.jpg\" alt=\"Tours of the Venetian Lagoon\" width=\"756\" height=\"504\" srcset=\"https:\/\/www.slow-venice.com\/wp-content\/uploads\/2020\/10\/Lagoon-Francesco-Deserto-1024x683.jpg 1024w, https:\/\/www.slow-venice.com\/wp-content\/uploads\/2020\/10\/Lagoon-Francesco-Deserto-300x200.jpg 300w, https:\/\/www.slow-venice.com\/wp-content\/uploads\/2020\/10\/Lagoon-Francesco-Deserto-768x512.jpg 768w, https:\/\/www.slow-venice.com\/wp-content\/uploads\/2020\/10\/Lagoon-Francesco-Deserto-1536x1024.jpg 1536w, https:\/\/www.slow-venice.com\/wp-content\/uploads\/2020\/10\/Lagoon-Francesco-Deserto-1400x933.jpg 1400w, https:\/\/www.slow-venice.com\/wp-content\/uploads\/2020\/10\/Lagoon-Francesco-Deserto-800x533.jpg 800w, https:\/\/www.slow-venice.com\/wp-content\/uploads\/2020\/10\/Lagoon-Francesco-Deserto.jpg 1800w\" sizes=\"auto, (max-width: 756px) 100vw, 756px\" \/><\/p>\n<\/div><\/div>\n<div id=\"sidebar\" class=\"sidebar-pagebuilder\">\n<div class=\"sidebar\">\n<div class=\"sidebar-widget\">\n<aside id=\"nav_menu-2\" class=\"widget widget_nav_menu\">\n<h3>Reiserouten<\/h3>\n<div class=\"menu-itineraries-container\">\n<ul id=\"menu-itineraries\" class=\"menu\">\n<li id=\"menu-item-91\" class=\"menu-item menu-item-type-custom menu-item-object-custom menu-item-has-children menu-item-91\"><a href=\"#\">Kunst und Geschichte Venedigs<\/a>\n<ul class=\"sub-menu\">\n<li id=\"menu-item-88\" class=\"menu-item menu-item-type-post_type menu-item-object-page menu-item-88\"><a href=\"https:\/\/www.slow-venice.com\/de\/slow-venice-itineraries\/st-marks-square-the-doges-palace-and-the-basilica\/\">St. Mark\u2019s Square, the Doge\u2019s Palace and the Basilica<\/a><\/li>\n<li id=\"menu-item-87\" class=\"menu-item menu-item-type-post_type menu-item-object-page menu-item-87\"><a href=\"https:\/\/www.slow-venice.com\/de\/slow-venice-itineraries\/secret-itineraries-of-the-doges-palace\/\">Die Geheimen Wege im Dogenpalast<\/a><\/li>\n<li id=\"menu-item-99\" class=\"menu-item menu-item-type-post_type menu-item-object-page menu-item-99\"><a href=\"https:\/\/www.slow-venice.com\/de\/slow-venice-itineraries\/the-venetian-renaissance-of-bellini-titian-and-tintoretto\/\">Die K\u00fcnstler der Renaissance: Bellini, Tizian und Tintoretto in der Frari Kirche und in der Scuola di San Rocco<\/a><\/li>\n<li id=\"menu-item-110\" class=\"menu-item menu-item-type-post_type menu-item-object-page menu-item-110\"><a href=\"https:\/\/www.slow-venice.com\/de\/slow-venice-itineraries\/the-accademia-gallery-venetian-art-across-the-ages\/\">500 Jahre venezianische Malerei: die Gem\u00e4lde-Galerie Accademia<\/a><\/li>\n<li id=\"menu-item-109\" class=\"menu-item menu-item-type-post_type menu-item-object-page menu-item-109\"><a href=\"https:\/\/www.slow-venice.com\/de\/slow-venice-itineraries\/carpaccio-and-venetian-gothic-architecture\/\">Exotic influence: The fabulous eastern World of Carpaccio in the Scuola dei Dalmati and Venetian Gothic Architecture<\/a><\/li>\n<li id=\"menu-item-401\" class=\"menu-item menu-item-type-post_type menu-item-object-page menu-item-401\"><a href=\"https:\/\/www.slow-venice.com\/de\/slow-venice-itineraries\/palatial-art-architecture-grimani-querini-stampalia\/\">Palatial Art and Architecture: Grimani and Querini Stampalia<\/a><\/li>\n<li id=\"menu-item-400\" class=\"menu-item menu-item-type-post_type menu-item-object-page menu-item-400\"><a href=\"https:\/\/www.slow-venice.com\/de\/slow-venice-itineraries\/art-architecture-of-the-sacred-churches\/\">Kunst und Architektur in den Kirchen von der Renaissance zum Neuklassizismus.<\/a><\/li>\n<\/ul>\n<\/li>\n<li id=\"menu-item-124\" class=\"menu-item menu-item-type-custom menu-item-object-custom menu-item-has-children menu-item-124\"><a href=\"#\">Venedig entdecken<\/a>\n<ul class=\"sub-menu\">\n<li id=\"menu-item-125\" class=\"menu-item menu-item-type-post_type menu-item-object-page menu-item-125\"><a href=\"https:\/\/www.slow-venice.com\/de\/slow-venice-itineraries\/venice-insights-and-highlights-a-first-orientation\/\">Venedig f\u00fcr Anf\u00e4nger: eine erste Orientierung<\/a><\/li>\n<li id=\"menu-item-178\" class=\"menu-item menu-item-type-post_type menu-item-object-page menu-item-178\"><a href=\"https:\/\/www.slow-venice.com\/de\/slow-venice-itineraries\/cannaregio-and-the-jewish-ghetto\/\">Cannaregio und das j\u00fcdische Ghetto<\/a><\/li>\n<li id=\"menu-item-177\" class=\"menu-item menu-item-type-post_type menu-item-object-page menu-item-177\"><a href=\"https:\/\/www.slow-venice.com\/de\/slow-venice-itineraries\/dorsoduro\/\">Dorsoduro<\/a><\/li>\n<li id=\"menu-item-176\" class=\"menu-item menu-item-type-post_type menu-item-object-page menu-item-176\"><a href=\"https:\/\/www.slow-venice.com\/de\/slow-venice-itineraries\/castello\/\">Castello<\/a><\/li>\n<li id=\"menu-item-175\" class=\"menu-item menu-item-type-post_type menu-item-object-page menu-item-175\"><a href=\"https:\/\/www.slow-venice.com\/de\/slow-venice-itineraries\/san-polo-meander-santa-croce-strolling\/\">San Polo und Santa Croce<\/a><\/li>\n<li id=\"menu-item-174\" class=\"menu-item menu-item-type-post_type menu-item-object-page menu-item-174\"><a href=\"https:\/\/www.slow-venice.com\/de\/slow-venice-itineraries\/tour-of-the-giudecca-island\/\">Tour \u00fcber die Insel Giudecca<\/a><\/li>\n<\/ul>\n<\/li>\n<li id=\"menu-item-179\" class=\"menu-item menu-item-type-custom menu-item-object-custom menu-item-has-children menu-item-179\"><a href=\"#\">Besonderes<\/a>\n<ul class=\"sub-menu\">\n<li id=\"menu-item-606\" class=\"menu-item menu-item-type-post_type menu-item-object-page menu-item-606\"><a href=\"https:\/\/www.slow-venice.com\/de\/slow-venice-itineraries\/architecture-biennale-2025\/\">Architektur-Biennale 2025<\/a><\/li>\n<li id=\"menu-item-180\" class=\"menu-item menu-item-type-post_type menu-item-object-page menu-item-180\"><a href=\"https:\/\/www.slow-venice.com\/de\/slow-venice-itineraries\/from-modern-to-contemporary-todays-art-todays-venice\/\">Wege zur Gegenwartskunst und Moderne<\/a><\/li>\n<li id=\"menu-item-185\" class=\"menu-item menu-item-type-post_type menu-item-object-page menu-item-185\"><a href=\"https:\/\/www.slow-venice.com\/de\/slow-venice-itineraries\/venetian-rococo-ca-rezzonico-and-the-carmini\/\">Venezianisches Rokoko: Ca\u2019 Rezzonico und Scuola dei Carmini<\/a><\/li>\n<li id=\"menu-item-184\" class=\"menu-item menu-item-type-post_type menu-item-object-page menu-item-184\"><a href=\"https:\/\/www.slow-venice.com\/de\/slow-venice-itineraries\/the-venice-of-theater-and-music\/\">Theater und Musik in Venedig<\/a><\/li>\n<li id=\"menu-item-183\" class=\"menu-item menu-item-type-post_type menu-item-object-page menu-item-183\"><a href=\"https:\/\/www.slow-venice.com\/de\/slow-venice-itineraries\/the-blue-green-lagoon\/\">Die Lagune<\/a><\/li>\n<li id=\"menu-item-182\" class=\"menu-item menu-item-type-post_type menu-item-object-page menu-item-182\"><a href=\"https:\/\/www.slow-venice.com\/de\/slow-venice-itineraries\/architecture-of-the-60ies-carlo-scarpa-olivetti-querini-stampalia\/\">Die Architektur der 60iger: Carlo Scarpa, Olivetti und die Fondazione Querini Stampalia<\/a><\/li>\n<li id=\"menu-item-394\" class=\"menu-item menu-item-type-post_type menu-item-object-page menu-item-394\"><a href=\"https:\/\/www.slow-venice.com\/de\/slow-venice-itineraries\/coco-chanel-in-venice\/\">Auf den Spuren von Coco Chanel in Venedig<\/a><\/li>\n<\/ul>\n<\/li>\n<\/ul>\n<\/div>\n<\/aside>\n<\/div>\n<\/div>\n<\/div>","protected":false},"excerpt":{"rendered":"<p>Itineraries Art and History St. Mark\u2019s Square, the Doge\u2019s Palace and the Basilica Secret Itineraries of the Doge\u2019s Palace The Venetian Renaissance of Bellini, Titian and Tintoretto The Accademia Gallery: Venetian Art Across the Ages Exotic influence: The fabulous eastern World of Carpaccio in the Scuola dei Dalmati and Venetian Gothic Architecture Palatial Art and Architecture: Grimani and Querini Stampalia Art &#038; Architecture of the Sacred: Churches The Six Districts Venice Insights and Highlights: a first orientation Cannaregio and the [&hellip;]<\/p>\n","protected":false},"author":1,"featured_media":0,"parent":60,"menu_order":0,"comment_status":"closed","ping_status":"open","template":"","meta":{"cybocfi_hide_featured_image":"","footnotes":""},"class_list":["post-151","page","type-page","status-publish","hentry"],"yoast_head":"<!-- This site is optimized with the Yoast SEO plugin v27.4 - https:\/\/yoast.com\/product\/yoast-seo-wordpress\/ -->\n<title>The Blue-Green Lagoon - Slow Venice<\/title>\n<meta name=\"description\" content=\"This excursion takes us back to the origins of Venice, when, after the fall of the Roman Empire, citizens sought shelter from the barbarians.\" \/>\n<meta name=\"robots\" content=\"index, follow, max-snippet:-1, max-image-preview:large, max-video-preview:-1\" \/>\n<link rel=\"canonical\" href=\"https:\/\/www.slow-venice.com\/de\/slow-venice-itineraries\/the-blue-green-lagoon\/\" \/>\n<meta property=\"og:locale\" content=\"de_DE\" \/>\n<meta property=\"og:type\" content=\"article\" \/>\n<meta property=\"og:title\" content=\"The Blue-Green Lagoon - Slow Venice\" \/>\n<meta property=\"og:description\" content=\"This excursion takes us back to the origins of Venice, when, after the fall of the Roman Empire, citizens sought shelter from the barbarians.\" \/>\n<meta property=\"og:url\" content=\"https:\/\/www.slow-venice.com\/de\/slow-venice-itineraries\/the-blue-green-lagoon\/\" \/>\n<meta property=\"og:site_name\" content=\"Slow Venice\" \/>\n<meta property=\"article:modified_time\" content=\"2025-04-23T16:18:18+00:00\" \/>\n<meta property=\"og:image\" content=\"https:\/\/www.slow-venice.com\/wp-content\/uploads\/2020\/10\/Lagoon-Blue-Green.jpg\" \/>\n\t<meta property=\"og:image:width\" content=\"1800\" \/>\n\t<meta property=\"og:image:height\" content=\"900\" \/>\n\t<meta property=\"og:image:type\" content=\"image\/jpeg\" \/>\n<meta name=\"twitter:card\" content=\"summary_large_image\" \/>\n<meta name=\"twitter:label1\" content=\"Gesch\u00e4tzte Lesezeit\" \/>\n\t<meta name=\"twitter:data1\" content=\"3\u00a0Minuten\" \/>\n<script type=\"application\/ld+json\" class=\"yoast-schema-graph\">{\"@context\":\"https:\\\/\\\/schema.org\",\"@graph\":[{\"@type\":\"WebPage\",\"@id\":\"https:\\\/\\\/www.slow-venice.com\\\/slow-venice-itineraries\\\/the-blue-green-lagoon\\\/\",\"url\":\"https:\\\/\\\/www.slow-venice.com\\\/slow-venice-itineraries\\\/the-blue-green-lagoon\\\/\",\"name\":\"The Blue-Green Lagoon - Slow Venice\",\"isPartOf\":{\"@id\":\"https:\\\/\\\/www.slow-venice.com\\\/#website\"},\"primaryImageOfPage\":{\"@id\":\"https:\\\/\\\/www.slow-venice.com\\\/slow-venice-itineraries\\\/the-blue-green-lagoon\\\/#primaryimage\"},\"image\":{\"@id\":\"https:\\\/\\\/www.slow-venice.com\\\/slow-venice-itineraries\\\/the-blue-green-lagoon\\\/#primaryimage\"},\"thumbnailUrl\":\"https:\\\/\\\/www.slow-venice.com\\\/wp-content\\\/uploads\\\/2020\\\/10\\\/Lagoon-Blue-Green.jpg\",\"datePublished\":\"2020-09-28T15:51:51+00:00\",\"dateModified\":\"2025-04-23T16:18:18+00:00\",\"description\":\"This excursion takes us back to the origins of Venice, when, after the fall of the Roman Empire, citizens sought shelter from the barbarians.\",\"breadcrumb\":{\"@id\":\"https:\\\/\\\/www.slow-venice.com\\\/slow-venice-itineraries\\\/the-blue-green-lagoon\\\/#breadcrumb\"},\"inLanguage\":\"de\",\"potentialAction\":[{\"@type\":\"ReadAction\",\"target\":[\"https:\\\/\\\/www.slow-venice.com\\\/slow-venice-itineraries\\\/the-blue-green-lagoon\\\/\"]}]},{\"@type\":\"ImageObject\",\"inLanguage\":\"de\",\"@id\":\"https:\\\/\\\/www.slow-venice.com\\\/slow-venice-itineraries\\\/the-blue-green-lagoon\\\/#primaryimage\",\"url\":\"https:\\\/\\\/www.slow-venice.com\\\/wp-content\\\/uploads\\\/2020\\\/10\\\/Lagoon-Blue-Green.jpg\",\"contentUrl\":\"https:\\\/\\\/www.slow-venice.com\\\/wp-content\\\/uploads\\\/2020\\\/10\\\/Lagoon-Blue-Green.jpg\"},{\"@type\":\"BreadcrumbList\",\"@id\":\"https:\\\/\\\/www.slow-venice.com\\\/slow-venice-itineraries\\\/the-blue-green-lagoon\\\/#breadcrumb\",\"itemListElement\":[{\"@type\":\"ListItem\",\"position\":1,\"name\":\"Home\",\"item\":\"https:\\\/\\\/www.slow-venice.com\\\/\"},{\"@type\":\"ListItem\",\"position\":2,\"name\":\"Slow Venice &#8211; itineraries\",\"item\":\"https:\\\/\\\/www.slow-venice.com\\\/slow-venice-itineraries\\\/\"},{\"@type\":\"ListItem\",\"position\":3,\"name\":\"The Blue-Green Lagoon\"}]},{\"@type\":\"WebSite\",\"@id\":\"https:\\\/\\\/www.slow-venice.com\\\/#website\",\"url\":\"https:\\\/\\\/www.slow-venice.com\\\/\",\"name\":\"Slow Venice\",\"description\":\"Unique Venice tours for travellers who want to slow down and expereince more\",\"potentialAction\":[{\"@type\":\"SearchAction\",\"target\":{\"@type\":\"EntryPoint\",\"urlTemplate\":\"https:\\\/\\\/www.slow-venice.com\\\/?s={search_term_string}\"},\"query-input\":{\"@type\":\"PropertyValueSpecification\",\"valueRequired\":true,\"valueName\":\"search_term_string\"}}],\"inLanguage\":\"de\"}]}<\/script>\n<!-- \/ Yoast SEO plugin. -->","yoast_head_json":{"title":"The Blue-Green Lagoon - Slow Venice","description":"This excursion takes us back to the origins of Venice, when, after the fall of the Roman Empire, citizens sought shelter from the barbarians.","robots":{"index":"index","follow":"follow","max-snippet":"max-snippet:-1","max-image-preview":"max-image-preview:large","max-video-preview":"max-video-preview:-1"},"canonical":"https:\/\/www.slow-venice.com\/de\/slow-venice-itineraries\/the-blue-green-lagoon\/","og_locale":"de_DE","og_type":"article","og_title":"The Blue-Green Lagoon - Slow Venice","og_description":"This excursion takes us back to the origins of Venice, when, after the fall of the Roman Empire, citizens sought shelter from the barbarians.","og_url":"https:\/\/www.slow-venice.com\/de\/slow-venice-itineraries\/the-blue-green-lagoon\/","og_site_name":"Slow Venice","article_modified_time":"2025-04-23T16:18:18+00:00","og_image":[{"width":1800,"height":900,"url":"https:\/\/www.slow-venice.com\/wp-content\/uploads\/2020\/10\/Lagoon-Blue-Green.jpg","type":"image\/jpeg"}],"twitter_card":"summary_large_image","twitter_misc":{"Gesch\u00e4tzte Lesezeit":"3\u00a0Minuten"},"schema":{"@context":"https:\/\/schema.org","@graph":[{"@type":"WebPage","@id":"https:\/\/www.slow-venice.com\/slow-venice-itineraries\/the-blue-green-lagoon\/","url":"https:\/\/www.slow-venice.com\/slow-venice-itineraries\/the-blue-green-lagoon\/","name":"The Blue-Green Lagoon - Slow Venice","isPartOf":{"@id":"https:\/\/www.slow-venice.com\/#website"},"primaryImageOfPage":{"@id":"https:\/\/www.slow-venice.com\/slow-venice-itineraries\/the-blue-green-lagoon\/#primaryimage"},"image":{"@id":"https:\/\/www.slow-venice.com\/slow-venice-itineraries\/the-blue-green-lagoon\/#primaryimage"},"thumbnailUrl":"https:\/\/www.slow-venice.com\/wp-content\/uploads\/2020\/10\/Lagoon-Blue-Green.jpg","datePublished":"2020-09-28T15:51:51+00:00","dateModified":"2025-04-23T16:18:18+00:00","description":"This excursion takes us back to the origins of Venice, when, after the fall of the Roman Empire, citizens sought shelter from the barbarians.","breadcrumb":{"@id":"https:\/\/www.slow-venice.com\/slow-venice-itineraries\/the-blue-green-lagoon\/#breadcrumb"},"inLanguage":"de","potentialAction":[{"@type":"ReadAction","target":["https:\/\/www.slow-venice.com\/slow-venice-itineraries\/the-blue-green-lagoon\/"]}]},{"@type":"ImageObject","inLanguage":"de","@id":"https:\/\/www.slow-venice.com\/slow-venice-itineraries\/the-blue-green-lagoon\/#primaryimage","url":"https:\/\/www.slow-venice.com\/wp-content\/uploads\/2020\/10\/Lagoon-Blue-Green.jpg","contentUrl":"https:\/\/www.slow-venice.com\/wp-content\/uploads\/2020\/10\/Lagoon-Blue-Green.jpg"},{"@type":"BreadcrumbList","@id":"https:\/\/www.slow-venice.com\/slow-venice-itineraries\/the-blue-green-lagoon\/#breadcrumb","itemListElement":[{"@type":"ListItem","position":1,"name":"Home","item":"https:\/\/www.slow-venice.com\/"},{"@type":"ListItem","position":2,"name":"Slow Venice &#8211; itineraries","item":"https:\/\/www.slow-venice.com\/slow-venice-itineraries\/"},{"@type":"ListItem","position":3,"name":"The Blue-Green Lagoon"}]},{"@type":"WebSite","@id":"https:\/\/www.slow-venice.com\/#website","url":"https:\/\/www.slow-venice.com\/","name":"Slow Venice","description":"Unique Venice tours for travellers who want to slow down and expereince more","potentialAction":[{"@type":"SearchAction","target":{"@type":"EntryPoint","urlTemplate":"https:\/\/www.slow-venice.com\/?s={search_term_string}"},"query-input":{"@type":"PropertyValueSpecification","valueRequired":true,"valueName":"search_term_string"}}],"inLanguage":"de"}]}},"_links":{"self":[{"href":"https:\/\/www.slow-venice.com\/de\/wp-json\/wp\/v2\/pages\/151","targetHints":{"allow":["GET"]}}],"collection":[{"href":"https:\/\/www.slow-venice.com\/de\/wp-json\/wp\/v2\/pages"}],"about":[{"href":"https:\/\/www.slow-venice.com\/de\/wp-json\/wp\/v2\/types\/page"}],"author":[{"embeddable":true,"href":"https:\/\/www.slow-venice.com\/de\/wp-json\/wp\/v2\/users\/1"}],"replies":[{"embeddable":true,"href":"https:\/\/www.slow-venice.com\/de\/wp-json\/wp\/v2\/comments?post=151"}],"version-history":[{"count":10,"href":"https:\/\/www.slow-venice.com\/de\/wp-json\/wp\/v2\/pages\/151\/revisions"}],"predecessor-version":[{"id":987,"href":"https:\/\/www.slow-venice.com\/de\/wp-json\/wp\/v2\/pages\/151\/revisions\/987"}],"up":[{"embeddable":true,"href":"https:\/\/www.slow-venice.com\/de\/wp-json\/wp\/v2\/pages\/60"}],"wp:attachment":[{"href":"https:\/\/www.slow-venice.com\/de\/wp-json\/wp\/v2\/media?parent=151"}],"curies":[{"name":"wp","href":"https:\/\/api.w.org\/{rel}","templated":true}]}}