{"id":142,"date":"2020-09-28T16:38:10","date_gmt":"2020-09-28T15:38:10","guid":{"rendered":"https:\/\/www.viperfish.eu\/slow-venice\/?page_id=142"},"modified":"2021-06-01T12:38:21","modified_gmt":"2021-06-01T10:38:21","slug":"venetian-rococo-ca-rezzonico-and-the-carmini","status":"publish","type":"page","link":"https:\/\/www.slow-venice.com\/de\/slow-venice-itineraries\/venetian-rococo-ca-rezzonico-and-the-carmini\/","title":{"rendered":"Venezianisches Rokoko: Ca\u2019 Rezzonico und Scuola dei Carmini"},"content":{"rendered":"<div class=\"text-box-inner-wrap\"><div class=\"none\" style=\"padding: 30px 0 0;margin: 0 0 0;background-color: ;color: ;border-width:0px;border-color:;border-style:solid;\"><\/p>\n<p><img loading=\"lazy\" decoding=\"async\" class=\"aligncenter wp-image-148 size-full\" src=\"https:\/\/www.slow-venice.com\/wp-content\/uploads\/2020\/09\/carezzonico2.jpg\" alt=\"Venetian Rococo - Ca' Rezzonico\" width=\"1800\" height=\"1001\" srcset=\"https:\/\/www.slow-venice.com\/wp-content\/uploads\/2020\/09\/carezzonico2.jpg 1800w, https:\/\/www.slow-venice.com\/wp-content\/uploads\/2020\/09\/carezzonico2-300x167.jpg 300w, https:\/\/www.slow-venice.com\/wp-content\/uploads\/2020\/09\/carezzonico2-1024x569.jpg 1024w, https:\/\/www.slow-venice.com\/wp-content\/uploads\/2020\/09\/carezzonico2-768x427.jpg 768w, https:\/\/www.slow-venice.com\/wp-content\/uploads\/2020\/09\/carezzonico2-1536x854.jpg 1536w, https:\/\/www.slow-venice.com\/wp-content\/uploads\/2020\/09\/carezzonico2-1400x779.jpg 1400w, https:\/\/www.slow-venice.com\/wp-content\/uploads\/2020\/09\/carezzonico2-800x445.jpg 800w\" sizes=\"auto, (max-width: 1800px) 100vw, 1800px\" \/><\/p>\n<p>\n<\/div><\/div>\n<div class=\"text-box-inner-wrap\"><div class=\"none\" style=\"padding: 0 0 0;margin: 0 0 0;background-color: ;color: ;border-width:0px;border-color:;border-style:solid;\"><\/p>\n<h3>Venezianisches Rokoko: Ca\u2019 Rezzonico und Scuola dei Carmini<\/h3>\n<p class=\"textrundgaenge\">Wir erleben die Leichtigkeit des Rokoko in der Scuola dei Carmini und im Ca\u2019 Rezzonico. Letzterer ist ein pr\u00e4chtiger Palast am Canale Grande mit Originalm\u00f6beln, Stuckaturen und Fresken aus dem 18. Jahrhundert. In seinen R\u00e4umen kann sich der Besucher einen Begriff vom Pomp und Luxus der beg\u00fcterten Oberschicht Venedigs machen. Menschen, die das Bild vom dekadenten Venedig pr\u00e4gten.<\/p>\n<p class=\"textrundgaenge\">Die Scuola dei Carmini liegt nur wenige Gehminuten von diesem Palast entfernt. Dort bezeugt ein bedeutender Gem\u00e4ldezkyklus von Giovanni Battista Tiepolo und die intakte Innendekoration aus dem 18. Jahrhundert wie damals selbst religi\u00f6se Themen mit einem Hang zum Theatralik dargestellt wurden.<\/p>\n<p class=\"textrundgaenge\">The 18th century Scuola dei Carmini, a former religious sisterhood, owns one of the most important cycles of oil canvases by Giambattista Tiepolo; in addition, the interior decoration is still intact, demonstrating how even religious subjects at the time were depicted theatrically, with highly dramatic poses and gestures.<\/p>\n<p><img loading=\"lazy\" decoding=\"async\" class=\"alignnone wp-image-403 size-full\" src=\"https:\/\/www.slow-venice.com\/wp-content\/uploads\/2021\/01\/Tiepolo-Allegoria-del-Merito-1757-58-Ca-Rezzonico.jpg\" alt=\"Venetian Rococo - Slow Venice Tour\" width=\"805\" height=\"1132\" srcset=\"https:\/\/www.slow-venice.com\/wp-content\/uploads\/2021\/01\/Tiepolo-Allegoria-del-Merito-1757-58-Ca-Rezzonico.jpg 805w, https:\/\/www.slow-venice.com\/wp-content\/uploads\/2021\/01\/Tiepolo-Allegoria-del-Merito-1757-58-Ca-Rezzonico-213x300.jpg 213w, https:\/\/www.slow-venice.com\/wp-content\/uploads\/2021\/01\/Tiepolo-Allegoria-del-Merito-1757-58-Ca-Rezzonico-728x1024.jpg 728w, https:\/\/www.slow-venice.com\/wp-content\/uploads\/2021\/01\/Tiepolo-Allegoria-del-Merito-1757-58-Ca-Rezzonico-768x1080.jpg 768w, https:\/\/www.slow-venice.com\/wp-content\/uploads\/2021\/01\/Tiepolo-Allegoria-del-Merito-1757-58-Ca-Rezzonico-9x12.jpg 9w, https:\/\/www.slow-venice.com\/wp-content\/uploads\/2021\/01\/Tiepolo-Allegoria-del-Merito-1757-58-Ca-Rezzonico-800x1125.jpg 800w\" sizes=\"auto, (max-width: 805px) 100vw, 805px\" \/><\/p>\n<p><img loading=\"lazy\" decoding=\"async\" class=\"alignnone wp-image-402 size-full\" src=\"https:\/\/www.slow-venice.com\/wp-content\/uploads\/2021\/01\/Carmini-2.jpg\" alt=\"Venetian Rococo - Carmini\" width=\"800\" height=\"537\" srcset=\"https:\/\/www.slow-venice.com\/wp-content\/uploads\/2021\/01\/Carmini-2.jpg 800w, https:\/\/www.slow-venice.com\/wp-content\/uploads\/2021\/01\/Carmini-2-300x201.jpg 300w, https:\/\/www.slow-venice.com\/wp-content\/uploads\/2021\/01\/Carmini-2-768x516.jpg 768w, https:\/\/www.slow-venice.com\/wp-content\/uploads\/2021\/01\/Carmini-2-16x12.jpg 16w\" sizes=\"auto, (max-width: 800px) 100vw, 800px\" \/><\/p>\n<\/div><\/div>\n<div id=\"sidebar\" class=\"sidebar-pagebuilder\">\n<div class=\"sidebar\">\n<div class=\"sidebar-widget\">\n<aside id=\"nav_menu-2\" class=\"widget widget_nav_menu\">\n<h3>Reiserouten<\/h3>\n<div class=\"menu-itineraries-container\">\n<ul id=\"menu-itineraries-1\" class=\"menu\">\n<li class=\"menu-item menu-item-type-custom menu-item-object-custom menu-item-has-children menu-item-91\"><a href=\"#\">Kunst und Geschichte Venedigs<\/a>\n<ul class=\"sub-menu\">\n<li class=\"menu-item menu-item-type-post_type menu-item-object-page menu-item-88\"><a href=\"https:\/\/www.slow-venice.com\/de\/itineraries\/st-marks-square-the-doges-palace-and-the-basilica\/\">Der Markusplatz, der Dogenpalast und die Markusbasilika: Vergangene Macht und ewiger Mythos<\/a><\/li>\n<li class=\"menu-item menu-item-type-post_type menu-item-object-page menu-item-87\"><a href=\"https:\/\/www.slow-venice.com\/de\/itineraries\/secret-itineraries-of-the-doges-palace\/\">Die Geheimen Wege im Dogenpalast<\/a><\/li>\n<li class=\"menu-item menu-item-type-post_type menu-item-object-page menu-item-99\"><a href=\"https:\/\/www.slow-venice.com\/de\/itineraries\/the-venetian-renaissance-of-bellini-titian-and-tintoretto\/\">Die K\u00fcnstler der Renaissance: Bellini, Tizian und Tintoretto in der Frari Kirche und in der Scuola di San Rocco<\/a><\/li>\n<li class=\"menu-item menu-item-type-post_type menu-item-object-page menu-item-110\"><a href=\"https:\/\/www.slow-venice.com\/de\/itineraries\/the-accademia-gallery-venetian-art-across-the-ages\/\">500 Jahre venezianische Malerei: die Gem\u00e4lde-Galerie Accademia<\/a><\/li>\n<li class=\"menu-item menu-item-type-post_type menu-item-object-page menu-item-109\"><a href=\"https:\/\/www.slow-venice.com\/de\/itineraries\/carpaccio-and-venetian-gothic-architecture\/\">Exotic influence: The fabulous eastern World of Carpaccio in the Scuola dei Dalmati and Venetian Gothic Architecture<\/a><\/li>\n<li class=\"menu-item menu-item-type-post_type menu-item-object-page menu-item-401\"><a href=\"https:\/\/www.slow-venice.com\/de\/itineraries\/palatial-art-architecture-grimani-querini-stampalia\/\">Palatial Art and Architecture: Grimani and Querini Stampalia<\/a><\/li>\n<li class=\"menu-item menu-item-type-post_type menu-item-object-page menu-item-400\"><a href=\"https:\/\/www.slow-venice.com\/de\/itineraries\/art-architecture-of-the-sacred-churches\/\">Kunst und Architektur in den Kirchen von der Renaissance zum Neuklassizismus.<\/a><\/li>\n<\/ul>\n<\/li>\n<li class=\"menu-item menu-item-type-custom menu-item-object-custom menu-item-has-children menu-item-124\"><a href=\"#\">Venedig entdecken<\/a>\n<ul class=\"sub-menu\">\n<li class=\"menu-item menu-item-type-post_type menu-item-object-page menu-item-125\"><a href=\"https:\/\/www.slow-venice.com\/de\/itineraries\/venice-insights-and-highlights-a-first-orientation\/\">Venedig f\u00fcr Anf\u00e4nger: eine erste Orientierung<\/a><\/li>\n<li class=\"menu-item menu-item-type-post_type menu-item-object-page menu-item-178\"><a href=\"https:\/\/www.slow-venice.com\/de\/itineraries\/cannaregio-and-the-jewish-ghetto\/\">Cannaregio und das j\u00fcdische Ghetto<\/a><\/li>\n<li class=\"menu-item menu-item-type-post_type menu-item-object-page menu-item-177\"><a href=\"https:\/\/www.slow-venice.com\/de\/itineraries\/dorsoduro\/\">Dorsoduro<\/a><\/li>\n<li class=\"menu-item menu-item-type-post_type menu-item-object-page menu-item-176\"><a href=\"https:\/\/www.slow-venice.com\/de\/itineraries\/castello\/\">Castello<\/a><\/li>\n<li class=\"menu-item menu-item-type-post_type menu-item-object-page menu-item-175\"><a href=\"https:\/\/www.slow-venice.com\/de\/itineraries\/san-polo-meander-santa-croce-strolling\/\">San Polo und Santa Croce<\/a><\/li>\n<li class=\"menu-item menu-item-type-post_type menu-item-object-page menu-item-174\"><a href=\"https:\/\/www.slow-venice.com\/de\/itineraries\/tour-of-the-giudecca-island\/\">Tour \u00fcber die Insel Giudecca<\/a><\/li>\n<\/ul>\n<\/li>\n<li class=\"menu-item menu-item-type-custom menu-item-object-custom menu-item-has-children menu-item-179\"><a href=\"#\">Besonderes<\/a>\n<ul class=\"sub-menu\">\n<li class=\"menu-item menu-item-type-post_type menu-item-object-page menu-item-394\"><a href=\"https:\/\/www.slow-venice.com\/de\/itineraries\/coco-chanel-in-venice\/\">Auf den Spuren von Coco Chanel in Venedig<\/a><\/li>\n<li class=\"menu-item menu-item-type-post_type menu-item-object-page menu-item-180\"><a href=\"https:\/\/www.slow-venice.com\/de\/itineraries\/from-modern-to-contemporary-todays-art-todays-venice\/\">Wege zur Gegenwartskunst und Moderne<\/a><\/li>\n<li class=\"menu-item menu-item-type-post_type menu-item-object-page menu-item-185\"><a href=\"https:\/\/www.slow-venice.com\/de\/itineraries\/venetian-rococo-ca-rezzonico-and-the-carmini\/\">Venezianisches Rokoko: Ca\u2019 Rezzonico und Scuola dei Carmini<\/a><\/li>\n<li class=\"menu-item menu-item-type-post_type menu-item-object-page menu-item-184\"><a href=\"https:\/\/www.slow-venice.com\/de\/itineraries\/the-venice-of-theater-and-music\/\">Theater und Musik in Venedig<\/a><\/li>\n<li class=\"menu-item menu-item-type-post_type menu-item-object-page menu-item-183\"><a href=\"https:\/\/www.slow-venice.com\/de\/itineraries\/the-blue-green-lagoon\/\">Die Lagune<\/a><\/li>\n<li class=\"menu-item menu-item-type-post_type menu-item-object-page menu-item-182\"><a href=\"https:\/\/www.slow-venice.com\/de\/itineraries\/architecture-of-the-60ies-carlo-scarpa-olivetti-querini-stampalia\/\">Die Architektur der 60iger: Carlo Scarpa, Olivetti und die Fondazione Querini Stampalia<\/a><\/li>\n<\/ul>\n<\/li>\n<\/ul>\n<\/div>\n<\/aside>\n<\/div>\n<\/div>\n<\/div>","protected":false},"excerpt":{"rendered":"<p>Itineraries Art and History St. Mark&#8217;s Square, the Doge&#8217;s Palace and the Basilica Secret Itineraries of the Doge\u2019s Palace The Venetian Renaissance of Bellini, Titian and Tintoretto The Accademia Gallery: Venetian Art Across the Ages Exotic influence: The fabulous eastern World of Carpaccio in the Scuola dei Dalmati and Venetian Gothic Architecture Palatial Art and Architecture: Grimani and Querini Stampalia Art &#038; Architecture of the Sacred: Churches The Six Districts Venice Insights and Highlights: a first orientation Cannaregio and the [&hellip;]<\/p>\n","protected":false},"author":1,"featured_media":0,"parent":60,"menu_order":0,"comment_status":"closed","ping_status":"open","template":"","meta":{"cybocfi_hide_featured_image":"","footnotes":""},"class_list":["post-142","page","type-page","status-publish","hentry"],"yoast_head":"<!-- This site is optimized with the Yoast SEO plugin v27.4 - https:\/\/yoast.com\/product\/yoast-seo-wordpress\/ -->\n<title>Venetian Rococo: Ca\u2019 Rezzonico and the Carmini - Slow Venice<\/title>\n<meta name=\"description\" content=\"The best artists of the time were commissioned to make Ca\u2019 Rezzonico one of the most formidable examples of Venetian Rococo.\" \/>\n<meta name=\"robots\" content=\"index, follow, max-snippet:-1, max-image-preview:large, max-video-preview:-1\" \/>\n<link rel=\"canonical\" href=\"https:\/\/www.slow-venice.com\/de\/slow-venice-itineraries\/venetian-rococo-ca-rezzonico-and-the-carmini\/\" \/>\n<meta property=\"og:locale\" content=\"de_DE\" \/>\n<meta property=\"og:type\" content=\"article\" \/>\n<meta property=\"og:title\" content=\"Venetian Rococo: Ca\u2019 Rezzonico and the Carmini - Slow Venice\" \/>\n<meta property=\"og:description\" content=\"The best artists of the time were commissioned to make Ca\u2019 Rezzonico one of the most formidable examples of Venetian Rococo.\" \/>\n<meta property=\"og:url\" content=\"https:\/\/www.slow-venice.com\/de\/slow-venice-itineraries\/venetian-rococo-ca-rezzonico-and-the-carmini\/\" \/>\n<meta property=\"og:site_name\" content=\"Slow Venice\" \/>\n<meta property=\"article:modified_time\" content=\"2021-06-01T10:38:21+00:00\" \/>\n<meta property=\"og:image\" content=\"https:\/\/www.slow-venice.com\/wp-content\/uploads\/2020\/09\/carezzonico2.jpg\" \/>\n<meta name=\"twitter:card\" content=\"summary_large_image\" \/>\n<meta name=\"twitter:label1\" content=\"Gesch\u00e4tzte Lesezeit\" \/>\n\t<meta name=\"twitter:data1\" content=\"2\u00a0Minuten\" \/>\n<script type=\"application\/ld+json\" class=\"yoast-schema-graph\">{\"@context\":\"https:\\\/\\\/schema.org\",\"@graph\":[{\"@type\":\"WebPage\",\"@id\":\"https:\\\/\\\/www.slow-venice.com\\\/slow-venice-itineraries\\\/venetian-rococo-ca-rezzonico-and-the-carmini\\\/\",\"url\":\"https:\\\/\\\/www.slow-venice.com\\\/slow-venice-itineraries\\\/venetian-rococo-ca-rezzonico-and-the-carmini\\\/\",\"name\":\"Venetian Rococo: Ca\u2019 Rezzonico and the Carmini - Slow Venice\",\"isPartOf\":{\"@id\":\"https:\\\/\\\/www.slow-venice.com\\\/#website\"},\"primaryImageOfPage\":{\"@id\":\"https:\\\/\\\/www.slow-venice.com\\\/slow-venice-itineraries\\\/venetian-rococo-ca-rezzonico-and-the-carmini\\\/#primaryimage\"},\"image\":{\"@id\":\"https:\\\/\\\/www.slow-venice.com\\\/slow-venice-itineraries\\\/venetian-rococo-ca-rezzonico-and-the-carmini\\\/#primaryimage\"},\"thumbnailUrl\":\"https:\\\/\\\/www.slow-venice.com\\\/wp-content\\\/uploads\\\/2020\\\/09\\\/carezzonico2.jpg\",\"datePublished\":\"2020-09-28T15:38:10+00:00\",\"dateModified\":\"2021-06-01T10:38:21+00:00\",\"description\":\"The best artists of the time were commissioned to make Ca\u2019 Rezzonico one of the most formidable examples of Venetian Rococo.\",\"breadcrumb\":{\"@id\":\"https:\\\/\\\/www.slow-venice.com\\\/slow-venice-itineraries\\\/venetian-rococo-ca-rezzonico-and-the-carmini\\\/#breadcrumb\"},\"inLanguage\":\"de\",\"potentialAction\":[{\"@type\":\"ReadAction\",\"target\":[\"https:\\\/\\\/www.slow-venice.com\\\/slow-venice-itineraries\\\/venetian-rococo-ca-rezzonico-and-the-carmini\\\/\"]}]},{\"@type\":\"ImageObject\",\"inLanguage\":\"de\",\"@id\":\"https:\\\/\\\/www.slow-venice.com\\\/slow-venice-itineraries\\\/venetian-rococo-ca-rezzonico-and-the-carmini\\\/#primaryimage\",\"url\":\"https:\\\/\\\/www.slow-venice.com\\\/wp-content\\\/uploads\\\/2020\\\/09\\\/carezzonico2.jpg\",\"contentUrl\":\"https:\\\/\\\/www.slow-venice.com\\\/wp-content\\\/uploads\\\/2020\\\/09\\\/carezzonico2.jpg\"},{\"@type\":\"BreadcrumbList\",\"@id\":\"https:\\\/\\\/www.slow-venice.com\\\/slow-venice-itineraries\\\/venetian-rococo-ca-rezzonico-and-the-carmini\\\/#breadcrumb\",\"itemListElement\":[{\"@type\":\"ListItem\",\"position\":1,\"name\":\"Home\",\"item\":\"https:\\\/\\\/www.slow-venice.com\\\/\"},{\"@type\":\"ListItem\",\"position\":2,\"name\":\"Slow Venice &#8211; itineraries\",\"item\":\"https:\\\/\\\/www.slow-venice.com\\\/slow-venice-itineraries\\\/\"},{\"@type\":\"ListItem\",\"position\":3,\"name\":\"Venetian Rococo: Ca\u2019 Rezzonico and the Carmini\"}]},{\"@type\":\"WebSite\",\"@id\":\"https:\\\/\\\/www.slow-venice.com\\\/#website\",\"url\":\"https:\\\/\\\/www.slow-venice.com\\\/\",\"name\":\"Slow Venice\",\"description\":\"Unique Venice tours for travellers who want to slow down and expereince more\",\"potentialAction\":[{\"@type\":\"SearchAction\",\"target\":{\"@type\":\"EntryPoint\",\"urlTemplate\":\"https:\\\/\\\/www.slow-venice.com\\\/?s={search_term_string}\"},\"query-input\":{\"@type\":\"PropertyValueSpecification\",\"valueRequired\":true,\"valueName\":\"search_term_string\"}}],\"inLanguage\":\"de\"}]}<\/script>\n<!-- \/ Yoast SEO plugin. -->","yoast_head_json":{"title":"Venezianisches Rokoko: Ca\u2019 Rezzonico und Scuola dei Carmini","description":"The best artists of the time were commissioned to make Ca\u2019 Rezzonico one of the most formidable examples of Venetian Rococo.","robots":{"index":"index","follow":"follow","max-snippet":"max-snippet:-1","max-image-preview":"max-image-preview:large","max-video-preview":"max-video-preview:-1"},"canonical":"https:\/\/www.slow-venice.com\/de\/slow-venice-itineraries\/venetian-rococo-ca-rezzonico-and-the-carmini\/","og_locale":"de_DE","og_type":"article","og_title":"Venetian Rococo: Ca\u2019 Rezzonico and the Carmini - Slow Venice","og_description":"The best artists of the time were commissioned to make Ca\u2019 Rezzonico one of the most formidable examples of Venetian Rococo.","og_url":"https:\/\/www.slow-venice.com\/de\/slow-venice-itineraries\/venetian-rococo-ca-rezzonico-and-the-carmini\/","og_site_name":"Slow Venice","article_modified_time":"2021-06-01T10:38:21+00:00","og_image":[{"url":"https:\/\/www.slow-venice.com\/wp-content\/uploads\/2020\/09\/carezzonico2.jpg","type":"","width":"","height":""}],"twitter_card":"summary_large_image","twitter_misc":{"Gesch\u00e4tzte Lesezeit":"2\u00a0Minuten"},"schema":{"@context":"https:\/\/schema.org","@graph":[{"@type":"WebPage","@id":"https:\/\/www.slow-venice.com\/slow-venice-itineraries\/venetian-rococo-ca-rezzonico-and-the-carmini\/","url":"https:\/\/www.slow-venice.com\/slow-venice-itineraries\/venetian-rococo-ca-rezzonico-and-the-carmini\/","name":"Venezianisches Rokoko: Ca\u2019 Rezzonico und Scuola dei Carmini","isPartOf":{"@id":"https:\/\/www.slow-venice.com\/#website"},"primaryImageOfPage":{"@id":"https:\/\/www.slow-venice.com\/slow-venice-itineraries\/venetian-rococo-ca-rezzonico-and-the-carmini\/#primaryimage"},"image":{"@id":"https:\/\/www.slow-venice.com\/slow-venice-itineraries\/venetian-rococo-ca-rezzonico-and-the-carmini\/#primaryimage"},"thumbnailUrl":"https:\/\/www.slow-venice.com\/wp-content\/uploads\/2020\/09\/carezzonico2.jpg","datePublished":"2020-09-28T15:38:10+00:00","dateModified":"2021-06-01T10:38:21+00:00","description":"The best artists of the time were commissioned to make Ca\u2019 Rezzonico one of the most formidable examples of Venetian Rococo.","breadcrumb":{"@id":"https:\/\/www.slow-venice.com\/slow-venice-itineraries\/venetian-rococo-ca-rezzonico-and-the-carmini\/#breadcrumb"},"inLanguage":"de","potentialAction":[{"@type":"ReadAction","target":["https:\/\/www.slow-venice.com\/slow-venice-itineraries\/venetian-rococo-ca-rezzonico-and-the-carmini\/"]}]},{"@type":"ImageObject","inLanguage":"de","@id":"https:\/\/www.slow-venice.com\/slow-venice-itineraries\/venetian-rococo-ca-rezzonico-and-the-carmini\/#primaryimage","url":"https:\/\/www.slow-venice.com\/wp-content\/uploads\/2020\/09\/carezzonico2.jpg","contentUrl":"https:\/\/www.slow-venice.com\/wp-content\/uploads\/2020\/09\/carezzonico2.jpg"},{"@type":"BreadcrumbList","@id":"https:\/\/www.slow-venice.com\/slow-venice-itineraries\/venetian-rococo-ca-rezzonico-and-the-carmini\/#breadcrumb","itemListElement":[{"@type":"ListItem","position":1,"name":"Home","item":"https:\/\/www.slow-venice.com\/"},{"@type":"ListItem","position":2,"name":"Slow Venice &#8211; itineraries","item":"https:\/\/www.slow-venice.com\/slow-venice-itineraries\/"},{"@type":"ListItem","position":3,"name":"Venetian Rococo: Ca\u2019 Rezzonico and the Carmini"}]},{"@type":"WebSite","@id":"https:\/\/www.slow-venice.com\/#website","url":"https:\/\/www.slow-venice.com\/","name":"Slow Venice","description":"Unique Venice tours for travellers who want to slow down and expereince more","potentialAction":[{"@type":"SearchAction","target":{"@type":"EntryPoint","urlTemplate":"https:\/\/www.slow-venice.com\/?s={search_term_string}"},"query-input":{"@type":"PropertyValueSpecification","valueRequired":true,"valueName":"search_term_string"}}],"inLanguage":"de"}]}},"_links":{"self":[{"href":"https:\/\/www.slow-venice.com\/de\/wp-json\/wp\/v2\/pages\/142","targetHints":{"allow":["GET"]}}],"collection":[{"href":"https:\/\/www.slow-venice.com\/de\/wp-json\/wp\/v2\/pages"}],"about":[{"href":"https:\/\/www.slow-venice.com\/de\/wp-json\/wp\/v2\/types\/page"}],"author":[{"embeddable":true,"href":"https:\/\/www.slow-venice.com\/de\/wp-json\/wp\/v2\/users\/1"}],"replies":[{"embeddable":true,"href":"https:\/\/www.slow-venice.com\/de\/wp-json\/wp\/v2\/comments?post=142"}],"version-history":[{"count":25,"href":"https:\/\/www.slow-venice.com\/de\/wp-json\/wp\/v2\/pages\/142\/revisions"}],"predecessor-version":[{"id":564,"href":"https:\/\/www.slow-venice.com\/de\/wp-json\/wp\/v2\/pages\/142\/revisions\/564"}],"up":[{"embeddable":true,"href":"https:\/\/www.slow-venice.com\/de\/wp-json\/wp\/v2\/pages\/60"}],"wp:attachment":[{"href":"https:\/\/www.slow-venice.com\/de\/wp-json\/wp\/v2\/media?parent=142"}],"curies":[{"name":"wp","href":"https:\/\/api.w.org\/{rel}","templated":true}]}}