{"id":140,"date":"2020-09-28T16:32:36","date_gmt":"2020-09-28T14:32:36","guid":{"rendered":"https:\/\/www.viperfish.eu\/slow-venice\/?page_id=140"},"modified":"2026-03-17T12:00:25","modified_gmt":"2026-03-17T11:00:25","slug":"tour-of-the-giudecca-island","status":"publish","type":"page","link":"https:\/\/www.slow-venice.com\/de\/slow-venice-itineraries\/tour-of-the-giudecca-island\/","title":{"rendered":"Tour \u00fcber die Insel Giudecca"},"content":{"rendered":"<div class=\"text-box-inner-wrap\"><div class=\"none\" style=\"padding: 30px 0 0;margin: 0 0 0;background-color: ;color: ;border-width:0px;border-color:;border-style:solid;\"><\/p>\n<p><img loading=\"lazy\" decoding=\"async\" class=\"aligncenter wp-image-215 size-full\" src=\"https:\/\/www.slow-venice.com\/wp-content\/uploads\/2020\/10\/Giudecca-1.jpg\" alt=\"Tour of the Giudecca Island\" width=\"900\" height=\"900\" srcset=\"https:\/\/www.slow-venice.com\/wp-content\/uploads\/2020\/10\/Giudecca-1.jpg 900w, https:\/\/www.slow-venice.com\/wp-content\/uploads\/2020\/10\/Giudecca-1-300x300.jpg 300w, https:\/\/www.slow-venice.com\/wp-content\/uploads\/2020\/10\/Giudecca-1-150x150.jpg 150w, https:\/\/www.slow-venice.com\/wp-content\/uploads\/2020\/10\/Giudecca-1-768x768.jpg 768w, https:\/\/www.slow-venice.com\/wp-content\/uploads\/2020\/10\/Giudecca-1-770x770.jpg 770w, https:\/\/www.slow-venice.com\/wp-content\/uploads\/2020\/10\/Giudecca-1-160x160.jpg 160w, https:\/\/www.slow-venice.com\/wp-content\/uploads\/2020\/10\/Giudecca-1-800x800.jpg 800w\" sizes=\"auto, (max-width: 900px) 100vw, 900px\" \/><\/p>\n<p>\n<\/div><\/div>\n<div class=\"text-box-inner-wrap\"><div class=\"none\" style=\"padding: 30px 0 0;margin: 0 0 0;background-color: ;color: ;border-width:0px;border-color:;border-style:solid;\"><\/div><\/div>\n<div class=\"text-box-inner-wrap\"><div class=\"none\" style=\"padding: 0 0 0;margin: 0 0 0;background-color: ;color: ;border-width:0px;border-color:;border-style:solid;\"><\/p>\n<h3>Die Insel Giudecca: f\u00fcnf Jahrhunderte Architektur<\/h3>\n<p class=\"textrundgaenge\">Von Venedig, durch einen breiten Kanal getrennt, war die Insel Giudecca in der Vergangenheit ein ideeller Ort sowohl f\u00fcr Gerbereien, die viel Platz und Wasser ben\u00f6tigten, als auch f\u00fcr Kl\u00f6ster und Gem\u00fcseg\u00e4rten.<\/p>\n<p class=\"textrundgaenge\">Auf dieser Insel baute Palladio sein Meisterwerk sakraler Architektur, die Redentore-Kirche, die ganz besonders von Goethe in seiner \u201aItalienischen Reise\u2019 gelobt wurde.<\/p>\n<p class=\"textrundgaenge\">Im 19. Jahrhundert wurden leider viele Geb\u00e4ude der Industrialisierung der Insel zum Opfer. Es entstanden Brauereien, Werften, und die riesige Stucky-M\u00fchle, letztere ist heute ein Hilton Hotel.<\/p>\n<p class=\"textrundgaenge\">Mit der \u00dcbersiedlung vieler Industriebetriebe nach Marghera wandelte sich die Insel im 20 Jahrhundert zu einem Wohngebiet; seit den 70er Jahren wurden neue moderne Geb\u00e4ude gebaut, manche nach Pl\u00e4nen bedeutender Architekten, wie z.B. Aldo Rossi und Alvaro Siza.<\/p>\n<p class=\"textrundgaenge\">Bei diesem Spaziergang zeigt sich Venedig von einer ganz unerwarteten Seite: In der urbane Landschaft der Giudecca wechseln sich jahrhundertealte Bauwerke mit industriellen Anlagen aus dem 19. Jahrhundert und Beispielen zeitgen\u00f6ssischer Architektur ab.<\/p>\n<p><img loading=\"lazy\" decoding=\"async\" class=\"aligncenter wp-image-214 size-full\" src=\"https:\/\/www.slow-venice.com\/wp-content\/uploads\/2020\/10\/Giudecca-2.jpg\" alt=\"Tour of the Giudecca Island - historic area\" width=\"900\" height=\"900\" srcset=\"https:\/\/www.slow-venice.com\/wp-content\/uploads\/2020\/10\/Giudecca-2.jpg 900w, https:\/\/www.slow-venice.com\/wp-content\/uploads\/2020\/10\/Giudecca-2-300x300.jpg 300w, https:\/\/www.slow-venice.com\/wp-content\/uploads\/2020\/10\/Giudecca-2-150x150.jpg 150w, https:\/\/www.slow-venice.com\/wp-content\/uploads\/2020\/10\/Giudecca-2-768x768.jpg 768w, https:\/\/www.slow-venice.com\/wp-content\/uploads\/2020\/10\/Giudecca-2-770x770.jpg 770w, https:\/\/www.slow-venice.com\/wp-content\/uploads\/2020\/10\/Giudecca-2-160x160.jpg 160w, https:\/\/www.slow-venice.com\/wp-content\/uploads\/2020\/10\/Giudecca-2-800x800.jpg 800w\" sizes=\"auto, (max-width: 900px) 100vw, 900px\" \/><\/p>\n<p><img loading=\"lazy\" decoding=\"async\" class=\"aligncenter wp-image-327 size-full\" src=\"https:\/\/www.slow-venice.com\/wp-content\/uploads\/2020\/11\/Giudecca-sud-scaled-e1606230882984.jpg\" alt=\"Tour of the Giudecca Island - contemporary architecture\" width=\"900\" height=\"506\" \/><\/p>\n<\/div><\/div>\n<div id=\"sidebar\" class=\"sidebar-pagebuilder\">\n<div class=\"sidebar\">\n<div class=\"sidebar-widget\">\n<aside id=\"nav_menu-2\" class=\"widget widget_nav_menu\">\n<h3>Reiserouten<\/h3>\n<div class=\"menu-itineraries-container\">\n<ul id=\"menu-itineraries\" class=\"menu\">\n<li id=\"menu-item-91\" class=\"menu-item menu-item-type-custom menu-item-object-custom menu-item-has-children menu-item-91\"><a href=\"#\">Kunst und Geschichte Venedigs<\/a>\n<ul class=\"sub-menu\">\n<li id=\"menu-item-88\" class=\"menu-item menu-item-type-post_type menu-item-object-page menu-item-88\"><a href=\"https:\/\/www.slow-venice.com\/de\/slow-venice-itineraries\/st-marks-square-the-doges-palace-and-the-basilica\/\">St. Mark\u2019s Square, the Doge\u2019s Palace and the Basilica<\/a><\/li>\n<li id=\"menu-item-87\" class=\"menu-item menu-item-type-post_type menu-item-object-page menu-item-87\"><a href=\"https:\/\/www.slow-venice.com\/de\/slow-venice-itineraries\/secret-itineraries-of-the-doges-palace\/\">Die Geheimen Wege im Dogenpalast<\/a><\/li>\n<li id=\"menu-item-99\" class=\"menu-item menu-item-type-post_type menu-item-object-page menu-item-99\"><a href=\"https:\/\/www.slow-venice.com\/de\/slow-venice-itineraries\/venice-renaissance-bellini-titian-and-tintoretto\/\">Die K\u00fcnstler der Renaissance: Bellini, Tizian und Tintoretto in der Frari Kirche und in der Scuola di San Rocco<\/a><\/li>\n<li id=\"menu-item-110\" class=\"menu-item menu-item-type-post_type menu-item-object-page menu-item-110\"><a href=\"https:\/\/www.slow-venice.com\/de\/slow-venice-itineraries\/venetian-masters-at-the-accademia-galleries-light-colour-and-legacy\/\">Die Accademia-Galerie: Venezianische Kunst durch die Jahrhunderte<\/a><\/li>\n<li id=\"menu-item-109\" class=\"menu-item menu-item-type-post_type menu-item-object-page menu-item-109\"><a href=\"https:\/\/www.slow-venice.com\/de\/slow-venice-itineraries\/carpaccio-and-venetian-gothic-architecture\/\">Der fabelhafte Orient von Carpaccio in der Scuola degli Schiavoni und die venezianische Gotik<\/a><\/li>\n<li id=\"menu-item-401\" class=\"menu-item menu-item-type-post_type menu-item-object-page menu-item-401\"><a href=\"https:\/\/www.slow-venice.com\/de\/slow-venice-itineraries\/palatial-art-architecture-grimani-querini-stampalia\/\">Palatial Art and Architecture: Grimani and Querini Stampalia<\/a><\/li>\n<li id=\"menu-item-400\" class=\"menu-item menu-item-type-post_type menu-item-object-page menu-item-400\"><a href=\"https:\/\/www.slow-venice.com\/de\/slow-venice-itineraries\/art-architecture-of-the-sacred-churches\/\">Kunst und Architektur in den Kirchen von der Renaissance zum Neuklassizismus.<\/a><\/li>\n<\/ul>\n<\/li>\n<li id=\"menu-item-124\" class=\"menu-item menu-item-type-custom menu-item-object-custom menu-item-has-children menu-item-124\"><a href=\"#\">Venedig entdecken<\/a>\n<ul class=\"sub-menu\">\n<li id=\"menu-item-125\" class=\"menu-item menu-item-type-post_type menu-item-object-page menu-item-125\"><a href=\"https:\/\/www.slow-venice.com\/de\/slow-venice-itineraries\/venice-insights-and-highlights-a-first-orientation\/\">Venedig f\u00fcr Anf\u00e4nger: eine erste Orientierung<\/a><\/li>\n<li id=\"menu-item-178\" class=\"menu-item menu-item-type-post_type menu-item-object-page menu-item-178\"><a href=\"https:\/\/www.slow-venice.com\/de\/slow-venice-itineraries\/cannaregio-and-the-jewish-ghetto\/\">Cannaregio und das j\u00fcdische Ghetto<\/a><\/li>\n<li id=\"menu-item-177\" class=\"menu-item menu-item-type-post_type menu-item-object-page menu-item-177\"><a href=\"https:\/\/www.slow-venice.com\/de\/slow-venice-itineraries\/dorsoduro\/\">Dorsoduro<\/a><\/li>\n<li id=\"menu-item-176\" class=\"menu-item menu-item-type-post_type menu-item-object-page menu-item-176\"><a href=\"https:\/\/www.slow-venice.com\/de\/slow-venice-itineraries\/castello-district-naval-history-venice\/\">Castello<\/a><\/li>\n<li id=\"menu-item-175\" class=\"menu-item menu-item-type-post_type menu-item-object-page menu-item-175\"><a href=\"https:\/\/www.slow-venice.com\/de\/slow-venice-itineraries\/san-polo-meander-santa-croce-strolling\/\">San Polo und Santa Croce<\/a><\/li>\n<li id=\"menu-item-174\" class=\"menu-item menu-item-type-post_type menu-item-object-page menu-item-174\"><a href=\"https:\/\/www.slow-venice.com\/de\/slow-venice-itineraries\/tour-of-the-giudecca-island\/\">Tour \u00fcber die Insel Giudecca<\/a><\/li>\n<\/ul>\n<\/li>\n<li id=\"menu-item-179\" class=\"menu-item menu-item-type-custom menu-item-object-custom menu-item-has-children menu-item-179\"><a href=\"#\">Besonderes<\/a>\n<ul class=\"sub-menu\">\n<li id=\"menu-item-606\" class=\"menu-item menu-item-type-post_type menu-item-object-page menu-item-606\"><a href=\"https:\/\/www.slow-venice.com\/de\/slow-venice-itineraries\/art-biennale-2026\/\">Kunst-Biennale 2026<\/a><\/li>\n<li id=\"menu-item-180\" class=\"menu-item menu-item-type-post_type menu-item-object-page menu-item-180\"><a href=\"https:\/\/www.slow-venice.com\/de\/slow-venice-itineraries\/from-modern-to-contemporary-venice-and-the-art-of-today\/\">Wege zur Gegenwartskunst und Moderne: Venedig und die K\u00fcnste von heute<\/a><\/li>\n<li id=\"menu-item-185\" class=\"menu-item menu-item-type-post_type menu-item-object-page menu-item-185\"><a href=\"https:\/\/www.slow-venice.com\/de\/slow-venice-itineraries\/venetian-rococo-ca-rezzonico-and-the-carmini\/\">Venezianisches Rokoko: Ca\u2019 Rezzonico und Scuola dei Carmini<\/a><\/li>\n<li id=\"menu-item-184\" class=\"menu-item menu-item-type-post_type menu-item-object-page menu-item-184\"><a href=\"https:\/\/www.slow-venice.com\/de\/slow-venice-itineraries\/vivaldi-baroque-music-tour-venice\/\">Theater und Musik in Venedig<\/a><\/li>\n<li id=\"menu-item-183\" class=\"menu-item menu-item-type-post_type menu-item-object-page menu-item-183\"><a href=\"https:\/\/www.slow-venice.com\/de\/slow-venice-itineraries\/the-blue-green-lagoon\/\">Die Lagune<\/a><\/li>\n<li id=\"menu-item-182\" class=\"menu-item menu-item-type-post_type menu-item-object-page menu-item-182\"><a href=\"https:\/\/www.slow-venice.com\/de\/slow-venice-itineraries\/architecture-of-the-60ies-carlo-scarpa-olivetti-querini-stampalia\/\">Die Architektur der 60iger: Carlo Scarpa, Olivetti und die Fondazione Querini Stampalia<\/a><\/li>\n<li id=\"menu-item-394\" class=\"menu-item menu-item-type-post_type menu-item-object-page menu-item-394\"><a href=\"https:\/\/www.slow-venice.com\/de\/slow-venice-itineraries\/coco-chanel-in-venice\/\">Auf den Spuren von Coco Chanel in Venedig<\/a><\/li>\n<\/ul>\n<\/li>\n<\/ul>\n<\/div>\n<\/aside>\n<\/div>\n<\/div>\n<\/div>","protected":false},"excerpt":{"rendered":"<p>Itineraries Art and History St. Mark\u2019s Square, the Doge\u2019s Palace and the Basilica Secret Itineraries of the Doge\u2019s Palace The Venetian Renaissance of Bellini, Titian and Tintoretto Venetian Masters at the Accademia Galleries: Light, Colour, and Legacy Carpaccio at the Scuola degli Schiavoni and Gothic Venice Palatial Art and Architecture: Grimani and Querini Stampalia Art &#038; Architecture of the Sacred: Churches The Six Districts Venice Insights and Highlights: a first orientation Cannaregio and the Jewish Ghetto Dorsoduro Castello San Polo [&hellip;]<\/p>\n","protected":false},"author":1,"featured_media":0,"parent":60,"menu_order":0,"comment_status":"closed","ping_status":"closed","template":"","meta":{"cybocfi_hide_featured_image":"","footnotes":""},"class_list":["post-140","page","type-page","status-publish","hentry"],"yoast_head":"<!-- This site is optimized with the Yoast SEO plugin v27.4 - https:\/\/yoast.com\/product\/yoast-seo-wordpress\/ -->\n<title>Tour of the Giudecca island - Slow Venice<\/title>\n<meta name=\"description\" content=\"This tour of the Giudecca reveals an unexpected side of Venice: old buildings and a peaceful atmosphere alternate with 19th century industrial edifices...\" \/>\n<meta name=\"robots\" content=\"index, follow, max-snippet:-1, max-image-preview:large, max-video-preview:-1\" \/>\n<link rel=\"canonical\" href=\"https:\/\/www.slow-venice.com\/de\/slow-venice-itineraries\/tour-of-the-giudecca-island\/\" \/>\n<meta property=\"og:locale\" content=\"de_DE\" \/>\n<meta property=\"og:type\" content=\"article\" \/>\n<meta property=\"og:title\" content=\"Tour of the Giudecca island - Slow Venice\" \/>\n<meta property=\"og:description\" content=\"This tour of the Giudecca reveals an unexpected side of Venice: old buildings and a peaceful atmosphere alternate with 19th century industrial edifices...\" \/>\n<meta property=\"og:url\" content=\"https:\/\/www.slow-venice.com\/de\/slow-venice-itineraries\/tour-of-the-giudecca-island\/\" \/>\n<meta property=\"og:site_name\" content=\"Slow Venice\" \/>\n<meta property=\"article:modified_time\" content=\"2026-03-17T11:00:25+00:00\" \/>\n<meta property=\"og:image\" content=\"https:\/\/www.slow-venice.com\/wp-content\/uploads\/2020\/10\/Giudecca-1.jpg\" \/>\n\t<meta property=\"og:image:width\" content=\"900\" \/>\n\t<meta property=\"og:image:height\" content=\"900\" \/>\n\t<meta property=\"og:image:type\" content=\"image\/jpeg\" \/>\n<meta name=\"twitter:card\" content=\"summary_large_image\" \/>\n<meta name=\"twitter:label1\" content=\"Gesch\u00e4tzte Lesezeit\" \/>\n\t<meta name=\"twitter:data1\" content=\"3\u00a0Minuten\" \/>\n<script type=\"application\/ld+json\" class=\"yoast-schema-graph\">{\"@context\":\"https:\\\/\\\/schema.org\",\"@graph\":[{\"@type\":\"WebPage\",\"@id\":\"https:\\\/\\\/www.slow-venice.com\\\/slow-venice-itineraries\\\/tour-of-the-giudecca-island\\\/\",\"url\":\"https:\\\/\\\/www.slow-venice.com\\\/slow-venice-itineraries\\\/tour-of-the-giudecca-island\\\/\",\"name\":\"Tour of the Giudecca island - Slow Venice\",\"isPartOf\":{\"@id\":\"https:\\\/\\\/www.slow-venice.com\\\/#website\"},\"primaryImageOfPage\":{\"@id\":\"https:\\\/\\\/www.slow-venice.com\\\/slow-venice-itineraries\\\/tour-of-the-giudecca-island\\\/#primaryimage\"},\"image\":{\"@id\":\"https:\\\/\\\/www.slow-venice.com\\\/slow-venice-itineraries\\\/tour-of-the-giudecca-island\\\/#primaryimage\"},\"thumbnailUrl\":\"https:\\\/\\\/www.slow-venice.com\\\/wp-content\\\/uploads\\\/2020\\\/10\\\/Giudecca-1.jpg\",\"datePublished\":\"2020-09-28T14:32:36+00:00\",\"dateModified\":\"2026-03-17T11:00:25+00:00\",\"description\":\"This tour of the Giudecca reveals an unexpected side of Venice: old buildings and a peaceful atmosphere alternate with 19th century industrial edifices...\",\"breadcrumb\":{\"@id\":\"https:\\\/\\\/www.slow-venice.com\\\/slow-venice-itineraries\\\/tour-of-the-giudecca-island\\\/#breadcrumb\"},\"inLanguage\":\"de\",\"potentialAction\":[{\"@type\":\"ReadAction\",\"target\":[\"https:\\\/\\\/www.slow-venice.com\\\/slow-venice-itineraries\\\/tour-of-the-giudecca-island\\\/\"]}]},{\"@type\":\"ImageObject\",\"inLanguage\":\"de\",\"@id\":\"https:\\\/\\\/www.slow-venice.com\\\/slow-venice-itineraries\\\/tour-of-the-giudecca-island\\\/#primaryimage\",\"url\":\"https:\\\/\\\/www.slow-venice.com\\\/wp-content\\\/uploads\\\/2020\\\/10\\\/Giudecca-1.jpg\",\"contentUrl\":\"https:\\\/\\\/www.slow-venice.com\\\/wp-content\\\/uploads\\\/2020\\\/10\\\/Giudecca-1.jpg\"},{\"@type\":\"BreadcrumbList\",\"@id\":\"https:\\\/\\\/www.slow-venice.com\\\/slow-venice-itineraries\\\/tour-of-the-giudecca-island\\\/#breadcrumb\",\"itemListElement\":[{\"@type\":\"ListItem\",\"position\":1,\"name\":\"Home\",\"item\":\"https:\\\/\\\/www.slow-venice.com\\\/\"},{\"@type\":\"ListItem\",\"position\":2,\"name\":\"Slow Venice &#8211; itineraries\",\"item\":\"https:\\\/\\\/www.slow-venice.com\\\/slow-venice-itineraries\\\/\"},{\"@type\":\"ListItem\",\"position\":3,\"name\":\"Tour of the Giudecca island\"}]},{\"@type\":\"WebSite\",\"@id\":\"https:\\\/\\\/www.slow-venice.com\\\/#website\",\"url\":\"https:\\\/\\\/www.slow-venice.com\\\/\",\"name\":\"Slow Venice\",\"description\":\"Unique Venice tours for travellers who want to slow down and expereince more\",\"potentialAction\":[{\"@type\":\"SearchAction\",\"target\":{\"@type\":\"EntryPoint\",\"urlTemplate\":\"https:\\\/\\\/www.slow-venice.com\\\/?s={search_term_string}\"},\"query-input\":{\"@type\":\"PropertyValueSpecification\",\"valueRequired\":true,\"valueName\":\"search_term_string\"}}],\"inLanguage\":\"de\"}]}<\/script>\n<!-- \/ Yoast SEO plugin. -->","yoast_head_json":{"title":"Tour of the Giudecca island - Slow Venice","description":"This tour of the Giudecca reveals an unexpected side of Venice: old buildings and a peaceful atmosphere alternate with 19th century industrial edifices...","robots":{"index":"index","follow":"follow","max-snippet":"max-snippet:-1","max-image-preview":"max-image-preview:large","max-video-preview":"max-video-preview:-1"},"canonical":"https:\/\/www.slow-venice.com\/de\/slow-venice-itineraries\/tour-of-the-giudecca-island\/","og_locale":"de_DE","og_type":"article","og_title":"Tour of the Giudecca island - Slow Venice","og_description":"This tour of the Giudecca reveals an unexpected side of Venice: old buildings and a peaceful atmosphere alternate with 19th century industrial edifices...","og_url":"https:\/\/www.slow-venice.com\/de\/slow-venice-itineraries\/tour-of-the-giudecca-island\/","og_site_name":"Slow Venice","article_modified_time":"2026-03-17T11:00:25+00:00","og_image":[{"width":900,"height":900,"url":"https:\/\/www.slow-venice.com\/wp-content\/uploads\/2020\/10\/Giudecca-1.jpg","type":"image\/jpeg"}],"twitter_card":"summary_large_image","twitter_misc":{"Gesch\u00e4tzte Lesezeit":"3\u00a0Minuten"},"schema":{"@context":"https:\/\/schema.org","@graph":[{"@type":"WebPage","@id":"https:\/\/www.slow-venice.com\/slow-venice-itineraries\/tour-of-the-giudecca-island\/","url":"https:\/\/www.slow-venice.com\/slow-venice-itineraries\/tour-of-the-giudecca-island\/","name":"Tour of the Giudecca island - Slow Venice","isPartOf":{"@id":"https:\/\/www.slow-venice.com\/#website"},"primaryImageOfPage":{"@id":"https:\/\/www.slow-venice.com\/slow-venice-itineraries\/tour-of-the-giudecca-island\/#primaryimage"},"image":{"@id":"https:\/\/www.slow-venice.com\/slow-venice-itineraries\/tour-of-the-giudecca-island\/#primaryimage"},"thumbnailUrl":"https:\/\/www.slow-venice.com\/wp-content\/uploads\/2020\/10\/Giudecca-1.jpg","datePublished":"2020-09-28T14:32:36+00:00","dateModified":"2026-03-17T11:00:25+00:00","description":"This tour of the Giudecca reveals an unexpected side of Venice: old buildings and a peaceful atmosphere alternate with 19th century industrial edifices...","breadcrumb":{"@id":"https:\/\/www.slow-venice.com\/slow-venice-itineraries\/tour-of-the-giudecca-island\/#breadcrumb"},"inLanguage":"de","potentialAction":[{"@type":"ReadAction","target":["https:\/\/www.slow-venice.com\/slow-venice-itineraries\/tour-of-the-giudecca-island\/"]}]},{"@type":"ImageObject","inLanguage":"de","@id":"https:\/\/www.slow-venice.com\/slow-venice-itineraries\/tour-of-the-giudecca-island\/#primaryimage","url":"https:\/\/www.slow-venice.com\/wp-content\/uploads\/2020\/10\/Giudecca-1.jpg","contentUrl":"https:\/\/www.slow-venice.com\/wp-content\/uploads\/2020\/10\/Giudecca-1.jpg"},{"@type":"BreadcrumbList","@id":"https:\/\/www.slow-venice.com\/slow-venice-itineraries\/tour-of-the-giudecca-island\/#breadcrumb","itemListElement":[{"@type":"ListItem","position":1,"name":"Home","item":"https:\/\/www.slow-venice.com\/"},{"@type":"ListItem","position":2,"name":"Slow Venice &#8211; itineraries","item":"https:\/\/www.slow-venice.com\/slow-venice-itineraries\/"},{"@type":"ListItem","position":3,"name":"Tour of the Giudecca island"}]},{"@type":"WebSite","@id":"https:\/\/www.slow-venice.com\/#website","url":"https:\/\/www.slow-venice.com\/","name":"Slow Venice","description":"Unique Venice tours for travellers who want to slow down and expereince more","potentialAction":[{"@type":"SearchAction","target":{"@type":"EntryPoint","urlTemplate":"https:\/\/www.slow-venice.com\/?s={search_term_string}"},"query-input":{"@type":"PropertyValueSpecification","valueRequired":true,"valueName":"search_term_string"}}],"inLanguage":"de"}]}},"_links":{"self":[{"href":"https:\/\/www.slow-venice.com\/de\/wp-json\/wp\/v2\/pages\/140","targetHints":{"allow":["GET"]}}],"collection":[{"href":"https:\/\/www.slow-venice.com\/de\/wp-json\/wp\/v2\/pages"}],"about":[{"href":"https:\/\/www.slow-venice.com\/de\/wp-json\/wp\/v2\/types\/page"}],"author":[{"embeddable":true,"href":"https:\/\/www.slow-venice.com\/de\/wp-json\/wp\/v2\/users\/1"}],"replies":[{"embeddable":true,"href":"https:\/\/www.slow-venice.com\/de\/wp-json\/wp\/v2\/comments?post=140"}],"version-history":[{"count":7,"href":"https:\/\/www.slow-venice.com\/de\/wp-json\/wp\/v2\/pages\/140\/revisions"}],"predecessor-version":[{"id":1072,"href":"https:\/\/www.slow-venice.com\/de\/wp-json\/wp\/v2\/pages\/140\/revisions\/1072"}],"up":[{"embeddable":true,"href":"https:\/\/www.slow-venice.com\/de\/wp-json\/wp\/v2\/pages\/60"}],"wp:attachment":[{"href":"https:\/\/www.slow-venice.com\/de\/wp-json\/wp\/v2\/media?parent=140"}],"curies":[{"name":"wp","href":"https:\/\/api.w.org\/{rel}","templated":true}]}}