{"id":133,"date":"2020-09-28T16:21:53","date_gmt":"2020-09-28T15:21:53","guid":{"rendered":"https:\/\/www.viperfish.eu\/slow-venice\/?page_id=133"},"modified":"2026-03-15T09:04:32","modified_gmt":"2026-03-15T08:04:32","slug":"castello-district-naval-history-venice","status":"publish","type":"page","link":"https:\/\/www.slow-venice.com\/de\/slow-venice-itineraries\/castello-district-naval-history-venice\/","title":{"rendered":"Castello"},"content":{"rendered":"<div class=\"text-box-inner-wrap\"><div class=\"none\" style=\"padding: 30px 0 0;margin: 0 0 0;background-color: ;color: ;border-width:0px;border-color:;border-style:solid;\"><p><img loading=\"lazy\" decoding=\"async\" class=\"aligncenter wp-image-134 size-full\" src=\"https:\/\/www.slow-venice.com\/wp-content\/uploads\/2020\/09\/Castello.jpg\" alt=\"Tour of the Castello district of Venice - The Arsenale\" width=\"1800\" height=\"1112\" srcset=\"https:\/\/www.slow-venice.com\/wp-content\/uploads\/2020\/09\/Castello.jpg 1800w, https:\/\/www.slow-venice.com\/wp-content\/uploads\/2020\/09\/Castello-300x185.jpg 300w, https:\/\/www.slow-venice.com\/wp-content\/uploads\/2020\/09\/Castello-1024x633.jpg 1024w, https:\/\/www.slow-venice.com\/wp-content\/uploads\/2020\/09\/Castello-768x474.jpg 768w, https:\/\/www.slow-venice.com\/wp-content\/uploads\/2020\/09\/Castello-1536x949.jpg 1536w, https:\/\/www.slow-venice.com\/wp-content\/uploads\/2020\/09\/Castello-1400x865.jpg 1400w, https:\/\/www.slow-venice.com\/wp-content\/uploads\/2020\/09\/Castello-800x494.jpg 800w\" sizes=\"auto, (max-width: 1800px) 100vw, 1800px\" \/><\/p>\n<\/div><\/div>\n<div class=\"text-box-inner-wrap\"><div class=\"none\" style=\"padding: 0 0 0;margin: 0 0 0;background-color: ;color: ;border-width:0px;border-color:;border-style:solid;\"><\/p>\n<h3>Castello<\/h3>\n<p class=\"textrundgaenge\">Gepr\u00e4gt wurde der Charakter von Castello vom Schiffsbau rund um und im \u201eArsenale\u201c, der gigantischen Schiffswerft der Venezianischen Republik. Auch heute wird das Arsenal teilweise noch milit\u00e4risch genutzt; ein Bereich wurde vor kurzem der Biennale-Stiftung gestiftet und ist jetzt alle zwei Jahre w\u00e4hrend dieser gro\u00dfen Kunstausstellung dem Publikum zug\u00e4nglich.<\/p>\n<p class=\"textrundgaenge\">Ein Rundgang durch diesen Stadtteil bietet einen \u00dcberblick \u00fcber die Geschichte der venezianischen Handels- und Kriegsmarine. Eventuell sollte man erw\u00e4gen, das Schiffsmuseum zu besichtigen, wo sich originalgetreue Modelle von Galeeren, Fregatten und Galeassen befinden; ein Muss ist das Modell des Bucintoro, des vergoldeten Paradeschiffes des Dogen.<\/p>\n<p>Auf unserem Weg erreichen wir die Kirche San Francesco della Vigna, wo in der Mitte des 16. Jahrhunderts viele Patrizier ihre Familienkapellen errichten lie\u00dfen. Jedes davon ist ein Meisterwerk der Architektur, Skulptur und Kunst. Wir \u00fcberqueren auch die beiden kleinen Kreuzg\u00e4nge, die im Fr\u00fchling voller Blumen sind.<\/p>\n<p class=\"textrundgaenge\">Wir durchqueren diesen belebten \"Sestiere\" und erreichen die Dominikaner-Kirche Santi Giovanni e Paolo. Dieser Ort, reich an ber\u00fchmten Grabdenkm\u00e4lern, l\u00e4\u00dft uns die menschlichen Schicksale erahnen, die sich im Laufe vieler Jahrhunderte venezianischer Seefahrt ereignet haben.<\/p>\n<p><img loading=\"lazy\" decoding=\"async\" class=\"size-full wp-image-424 aligncenter\" src=\"https:\/\/www.slow-venice.com\/wp-content\/uploads\/2021\/05\/Schermata-2021-05-25-alle-11.03.10.png\" alt=\"Tour of Castello District, Venice\" width=\"529\" height=\"571\" srcset=\"https:\/\/www.slow-venice.com\/wp-content\/uploads\/2021\/05\/Schermata-2021-05-25-alle-11.03.10.png 529w, https:\/\/www.slow-venice.com\/wp-content\/uploads\/2021\/05\/Schermata-2021-05-25-alle-11.03.10-278x300.png 278w, https:\/\/www.slow-venice.com\/wp-content\/uploads\/2021\/05\/Schermata-2021-05-25-alle-11.03.10-11x12.png 11w\" sizes=\"auto, (max-width: 529px) 100vw, 529px\" \/><\/p>\n<p><img loading=\"lazy\" decoding=\"async\" class=\"size-large wp-image-325 aligncenter\" src=\"https:\/\/www.slow-venice.com\/wp-content\/uploads\/2020\/11\/casetta-1024x768.jpg\" alt=\"House in Castello district\" width=\"756\" height=\"567\" \/><br \/>\na<br \/>\n<img loading=\"lazy\" decoding=\"async\" class=\"size-large wp-image-324 aligncenter\" src=\"https:\/\/www.slow-venice.com\/wp-content\/uploads\/2020\/11\/IMG_9648-1024x768.jpg\" alt=\"Street in Castello district, Venice\" width=\"756\" height=\"567\" \/><\/p>\n<\/div><\/div>\n<div id=\"sidebar\" class=\"sidebar-pagebuilder\">\n<div class=\"sidebar\">\n<div class=\"sidebar-widget\">\n<aside id=\"nav_menu-2\" class=\"widget widget_nav_menu\">\n<h3>Reiserouten<\/h3>\n<div class=\"menu-itineraries-container\">\n<ul id=\"menu-itineraries\" class=\"menu\">\n<li id=\"menu-item-91\" class=\"menu-item menu-item-type-custom menu-item-object-custom menu-item-has-children menu-item-91\"><a href=\"#\">Kunst und Geschichte Venedigs<\/a>\n<ul class=\"sub-menu\">\n<li id=\"menu-item-88\" class=\"menu-item menu-item-type-post_type menu-item-object-page menu-item-88\"><a href=\"https:\/\/www.slow-venice.com\/de\/slow-venice-itineraries\/st-marks-square-the-doges-palace-and-the-basilica\/\">St. Mark\u2019s Square, the Doge\u2019s Palace and the Basilica<\/a><\/li>\n<li id=\"menu-item-87\" class=\"menu-item menu-item-type-post_type menu-item-object-page menu-item-87\"><a href=\"https:\/\/www.slow-venice.com\/de\/slow-venice-itineraries\/secret-itineraries-of-the-doges-palace\/\">Die Geheimen Wege im Dogenpalast<\/a><\/li>\n<li id=\"menu-item-99\" class=\"menu-item menu-item-type-post_type menu-item-object-page menu-item-99\"><a href=\"https:\/\/www.slow-venice.com\/de\/slow-venice-itineraries\/venice-renaissance-bellini-titian-and-tintoretto\/\">Die K\u00fcnstler der Renaissance: Bellini, Tizian und Tintoretto in der Frari Kirche und in der Scuola di San Rocco<\/a><\/li>\n<li id=\"menu-item-110\" class=\"menu-item menu-item-type-post_type menu-item-object-page menu-item-110\"><a href=\"https:\/\/www.slow-venice.com\/de\/slow-venice-itineraries\/venetian-masters-at-the-accademia-galleries-light-colour-and-legacy\/\">Die Accademia-Galerie: Venezianische Kunst durch die Jahrhunderte<\/a><\/li>\n<li id=\"menu-item-109\" class=\"menu-item menu-item-type-post_type menu-item-object-page menu-item-109\"><a href=\"https:\/\/www.slow-venice.com\/de\/slow-venice-itineraries\/carpaccio-and-venetian-gothic-architecture\/\">Der fabelhafte Orient von Carpaccio in der Scuola degli Schiavoni und die venezianische Gotik<\/a><\/li>\n<li id=\"menu-item-401\" class=\"menu-item menu-item-type-post_type menu-item-object-page menu-item-401\"><a href=\"https:\/\/www.slow-venice.com\/de\/slow-venice-itineraries\/palatial-art-architecture-grimani-querini-stampalia\/\">Palatial Art and Architecture: Grimani and Querini Stampalia<\/a><\/li>\n<li id=\"menu-item-400\" class=\"menu-item menu-item-type-post_type menu-item-object-page menu-item-400\"><a href=\"https:\/\/www.slow-venice.com\/de\/slow-venice-itineraries\/art-architecture-of-the-sacred-churches\/\">Kunst und Architektur in den Kirchen von der Renaissance zum Neuklassizismus.<\/a><\/li>\n<\/ul>\n<\/li>\n<li id=\"menu-item-124\" class=\"menu-item menu-item-type-custom menu-item-object-custom menu-item-has-children menu-item-124\"><a href=\"#\">Venedig entdecken<\/a>\n<ul class=\"sub-menu\">\n<li id=\"menu-item-125\" class=\"menu-item menu-item-type-post_type menu-item-object-page menu-item-125\"><a href=\"https:\/\/www.slow-venice.com\/de\/slow-venice-itineraries\/venice-insights-and-highlights-a-first-orientation\/\">Venedig f\u00fcr Anf\u00e4nger: eine erste Orientierung<\/a><\/li>\n<li id=\"menu-item-178\" class=\"menu-item menu-item-type-post_type menu-item-object-page menu-item-178\"><a href=\"https:\/\/www.slow-venice.com\/de\/slow-venice-itineraries\/cannaregio-and-the-jewish-ghetto\/\">Cannaregio und das j\u00fcdische Ghetto<\/a><\/li>\n<li id=\"menu-item-177\" class=\"menu-item menu-item-type-post_type menu-item-object-page menu-item-177\"><a href=\"https:\/\/www.slow-venice.com\/de\/slow-venice-itineraries\/dorsoduro\/\">Dorsoduro<\/a><\/li>\n<li id=\"menu-item-176\" class=\"menu-item menu-item-type-post_type menu-item-object-page menu-item-176\"><a href=\"https:\/\/www.slow-venice.com\/de\/slow-venice-itineraries\/castello-district-naval-history-venice\/\">Castello<\/a><\/li>\n<li id=\"menu-item-175\" class=\"menu-item menu-item-type-post_type menu-item-object-page menu-item-175\"><a href=\"https:\/\/www.slow-venice.com\/de\/slow-venice-itineraries\/san-polo-meander-santa-croce-strolling\/\">San Polo und Santa Croce<\/a><\/li>\n<li id=\"menu-item-174\" class=\"menu-item menu-item-type-post_type menu-item-object-page menu-item-174\"><a href=\"https:\/\/www.slow-venice.com\/de\/slow-venice-itineraries\/tour-of-the-giudecca-island\/\">Tour \u00fcber die Insel Giudecca<\/a><\/li>\n<\/ul>\n<\/li>\n<li id=\"menu-item-179\" class=\"menu-item menu-item-type-custom menu-item-object-custom menu-item-has-children menu-item-179\"><a href=\"#\">Besonderes<\/a>\n<ul class=\"sub-menu\">\n<li id=\"menu-item-606\" class=\"menu-item menu-item-type-post_type menu-item-object-page menu-item-606\"><a href=\"https:\/\/www.slow-venice.com\/de\/slow-venice-itineraries\/art-biennale-2026\/\">Kunst-Biennale 2026<\/a><\/li>\n<li id=\"menu-item-180\" class=\"menu-item menu-item-type-post_type menu-item-object-page menu-item-180\"><a href=\"https:\/\/www.slow-venice.com\/de\/slow-venice-itineraries\/from-modern-to-contemporary-venice-and-the-art-of-today\/\">Wege zur Gegenwartskunst und Moderne: Venedig und die K\u00fcnste von heute<\/a><\/li>\n<li id=\"menu-item-185\" class=\"menu-item menu-item-type-post_type menu-item-object-page menu-item-185\"><a href=\"https:\/\/www.slow-venice.com\/de\/slow-venice-itineraries\/venetian-rococo-ca-rezzonico-and-the-carmini\/\">Venezianisches Rokoko: Ca\u2019 Rezzonico und Scuola dei Carmini<\/a><\/li>\n<li id=\"menu-item-184\" class=\"menu-item menu-item-type-post_type menu-item-object-page menu-item-184\"><a href=\"https:\/\/www.slow-venice.com\/de\/slow-venice-itineraries\/vivaldi-baroque-music-tour-venice\/\">Theater und Musik in Venedig<\/a><\/li>\n<li id=\"menu-item-183\" class=\"menu-item menu-item-type-post_type menu-item-object-page menu-item-183\"><a href=\"https:\/\/www.slow-venice.com\/de\/slow-venice-itineraries\/the-blue-green-lagoon\/\">Die Lagune<\/a><\/li>\n<li id=\"menu-item-182\" class=\"menu-item menu-item-type-post_type menu-item-object-page menu-item-182\"><a href=\"https:\/\/www.slow-venice.com\/de\/slow-venice-itineraries\/architecture-of-the-60ies-carlo-scarpa-olivetti-querini-stampalia\/\">Die Architektur der 60iger: Carlo Scarpa, Olivetti und die Fondazione Querini Stampalia<\/a><\/li>\n<li id=\"menu-item-394\" class=\"menu-item menu-item-type-post_type menu-item-object-page menu-item-394\"><a href=\"https:\/\/www.slow-venice.com\/de\/slow-venice-itineraries\/coco-chanel-in-venice\/\">Auf den Spuren von Coco Chanel in Venedig<\/a><\/li>\n<\/ul>\n<\/li>\n<\/ul>\n<\/div>\n<\/aside>\n<\/div>\n<\/div>\n<\/div>","protected":false},"excerpt":{"rendered":"<p>Itineraries Art and History St. Mark\u2019s Square, the Doge\u2019s Palace and the Basilica Secret Itineraries of the Doge\u2019s Palace The Venetian Renaissance of Bellini, Titian and Tintoretto Venetian Masters at the Accademia Galleries: Light, Colour, and Legacy Carpaccio at the Scuola degli Schiavoni and Gothic Venice Palatial Art and Architecture: Grimani and Querini Stampalia Art &#038; Architecture of the Sacred: Churches The Six Districts Venice Insights and Highlights: a first orientation Cannaregio and the Jewish Ghetto Dorsoduro Castello San Polo [&hellip;]<\/p>\n","protected":false},"author":1,"featured_media":0,"parent":60,"menu_order":0,"comment_status":"closed","ping_status":"open","template":"","meta":{"cybocfi_hide_featured_image":"","footnotes":""},"class_list":["post-133","page","type-page","status-publish","hentry"],"yoast_head":"<!-- This site is optimized with the Yoast SEO plugin v27.5 - https:\/\/yoast.com\/product\/yoast-seo-wordpress\/ -->\n<title>Castello - Slow Venice<\/title>\n<meta name=\"description\" content=\"A walk through the Castello district of Venice \u2014 Arsenal, Maritime Museum, and the great Gothic church of Santi Giovanni e Paolo\" \/>\n<meta name=\"robots\" content=\"index, follow, max-snippet:-1, max-image-preview:large, max-video-preview:-1\" \/>\n<link rel=\"canonical\" href=\"https:\/\/www.slow-venice.com\/de\/slow-venice-itineraries\/castello-district-naval-history-venice\/\" \/>\n<meta property=\"og:locale\" content=\"de_DE\" \/>\n<meta property=\"og:type\" content=\"article\" \/>\n<meta property=\"og:title\" content=\"Castello - Slow Venice\" \/>\n<meta property=\"og:description\" content=\"A walk through the Castello district of Venice \u2014 Arsenal, Maritime Museum, and the great Gothic church of Santi Giovanni e Paolo\" \/>\n<meta property=\"og:url\" content=\"https:\/\/www.slow-venice.com\/de\/slow-venice-itineraries\/castello-district-naval-history-venice\/\" \/>\n<meta property=\"og:site_name\" content=\"Slow Venice\" \/>\n<meta property=\"article:modified_time\" content=\"2026-03-15T08:04:32+00:00\" \/>\n<meta property=\"og:image\" content=\"https:\/\/www.slow-venice.com\/wp-content\/uploads\/2020\/09\/Castello.jpg\" \/>\n\t<meta property=\"og:image:width\" content=\"1800\" \/>\n\t<meta property=\"og:image:height\" content=\"1112\" \/>\n\t<meta property=\"og:image:type\" content=\"image\/jpeg\" \/>\n<meta name=\"twitter:card\" content=\"summary_large_image\" \/>\n<meta name=\"twitter:label1\" content=\"Gesch\u00e4tzte Lesezeit\" \/>\n\t<meta name=\"twitter:data1\" content=\"3\u00a0Minuten\" \/>\n<script type=\"application\/ld+json\" class=\"yoast-schema-graph\">{\"@context\":\"https:\\\/\\\/schema.org\",\"@graph\":[{\"@type\":\"WebPage\",\"@id\":\"https:\\\/\\\/www.slow-venice.com\\\/slow-venice-itineraries\\\/castello-district-naval-history-venice\\\/\",\"url\":\"https:\\\/\\\/www.slow-venice.com\\\/slow-venice-itineraries\\\/castello-district-naval-history-venice\\\/\",\"name\":\"Castello - Slow Venice\",\"isPartOf\":{\"@id\":\"https:\\\/\\\/www.slow-venice.com\\\/#website\"},\"primaryImageOfPage\":{\"@id\":\"https:\\\/\\\/www.slow-venice.com\\\/slow-venice-itineraries\\\/castello-district-naval-history-venice\\\/#primaryimage\"},\"image\":{\"@id\":\"https:\\\/\\\/www.slow-venice.com\\\/slow-venice-itineraries\\\/castello-district-naval-history-venice\\\/#primaryimage\"},\"thumbnailUrl\":\"https:\\\/\\\/www.slow-venice.com\\\/wp-content\\\/uploads\\\/2020\\\/09\\\/Castello.jpg\",\"datePublished\":\"2020-09-28T15:21:53+00:00\",\"dateModified\":\"2026-03-15T08:04:32+00:00\",\"description\":\"A walk through the Castello district of Venice \u2014 Arsenal, Maritime Museum, and the great Gothic church of Santi Giovanni e Paolo\",\"breadcrumb\":{\"@id\":\"https:\\\/\\\/www.slow-venice.com\\\/slow-venice-itineraries\\\/castello-district-naval-history-venice\\\/#breadcrumb\"},\"inLanguage\":\"de\",\"potentialAction\":[{\"@type\":\"ReadAction\",\"target\":[\"https:\\\/\\\/www.slow-venice.com\\\/slow-venice-itineraries\\\/castello-district-naval-history-venice\\\/\"]}]},{\"@type\":\"ImageObject\",\"inLanguage\":\"de\",\"@id\":\"https:\\\/\\\/www.slow-venice.com\\\/slow-venice-itineraries\\\/castello-district-naval-history-venice\\\/#primaryimage\",\"url\":\"https:\\\/\\\/www.slow-venice.com\\\/wp-content\\\/uploads\\\/2020\\\/09\\\/Castello.jpg\",\"contentUrl\":\"https:\\\/\\\/www.slow-venice.com\\\/wp-content\\\/uploads\\\/2020\\\/09\\\/Castello.jpg\"},{\"@type\":\"BreadcrumbList\",\"@id\":\"https:\\\/\\\/www.slow-venice.com\\\/slow-venice-itineraries\\\/castello-district-naval-history-venice\\\/#breadcrumb\",\"itemListElement\":[{\"@type\":\"ListItem\",\"position\":1,\"name\":\"Home\",\"item\":\"https:\\\/\\\/www.slow-venice.com\\\/\"},{\"@type\":\"ListItem\",\"position\":2,\"name\":\"Slow Venice &#8211; itineraries\",\"item\":\"https:\\\/\\\/www.slow-venice.com\\\/slow-venice-itineraries\\\/\"},{\"@type\":\"ListItem\",\"position\":3,\"name\":\"Castello\"}]},{\"@type\":\"WebSite\",\"@id\":\"https:\\\/\\\/www.slow-venice.com\\\/#website\",\"url\":\"https:\\\/\\\/www.slow-venice.com\\\/\",\"name\":\"Slow Venice\",\"description\":\"Unique Venice tours for travellers who want to slow down and expereince more\",\"potentialAction\":[{\"@type\":\"SearchAction\",\"target\":{\"@type\":\"EntryPoint\",\"urlTemplate\":\"https:\\\/\\\/www.slow-venice.com\\\/?s={search_term_string}\"},\"query-input\":{\"@type\":\"PropertyValueSpecification\",\"valueRequired\":true,\"valueName\":\"search_term_string\"}}],\"inLanguage\":\"de\"}]}<\/script>\n<!-- \/ Yoast SEO plugin. -->","yoast_head_json":{"title":"Castello - Slow Venice","description":"A walk through the Castello district of Venice \u2014 Arsenal, Maritime Museum, and the great Gothic church of Santi Giovanni e Paolo","robots":{"index":"index","follow":"follow","max-snippet":"max-snippet:-1","max-image-preview":"max-image-preview:large","max-video-preview":"max-video-preview:-1"},"canonical":"https:\/\/www.slow-venice.com\/de\/slow-venice-itineraries\/castello-district-naval-history-venice\/","og_locale":"de_DE","og_type":"article","og_title":"Castello - Slow Venice","og_description":"A walk through the Castello district of Venice \u2014 Arsenal, Maritime Museum, and the great Gothic church of Santi Giovanni e Paolo","og_url":"https:\/\/www.slow-venice.com\/de\/slow-venice-itineraries\/castello-district-naval-history-venice\/","og_site_name":"Slow Venice","article_modified_time":"2026-03-15T08:04:32+00:00","og_image":[{"width":1800,"height":1112,"url":"https:\/\/www.slow-venice.com\/wp-content\/uploads\/2020\/09\/Castello.jpg","type":"image\/jpeg"}],"twitter_card":"summary_large_image","twitter_misc":{"Gesch\u00e4tzte Lesezeit":"3\u00a0Minuten"},"schema":{"@context":"https:\/\/schema.org","@graph":[{"@type":"WebPage","@id":"https:\/\/www.slow-venice.com\/slow-venice-itineraries\/castello-district-naval-history-venice\/","url":"https:\/\/www.slow-venice.com\/slow-venice-itineraries\/castello-district-naval-history-venice\/","name":"Castello - Slow Venice","isPartOf":{"@id":"https:\/\/www.slow-venice.com\/#website"},"primaryImageOfPage":{"@id":"https:\/\/www.slow-venice.com\/slow-venice-itineraries\/castello-district-naval-history-venice\/#primaryimage"},"image":{"@id":"https:\/\/www.slow-venice.com\/slow-venice-itineraries\/castello-district-naval-history-venice\/#primaryimage"},"thumbnailUrl":"https:\/\/www.slow-venice.com\/wp-content\/uploads\/2020\/09\/Castello.jpg","datePublished":"2020-09-28T15:21:53+00:00","dateModified":"2026-03-15T08:04:32+00:00","description":"A walk through the Castello district of Venice \u2014 Arsenal, Maritime Museum, and the great Gothic church of Santi Giovanni e Paolo","breadcrumb":{"@id":"https:\/\/www.slow-venice.com\/slow-venice-itineraries\/castello-district-naval-history-venice\/#breadcrumb"},"inLanguage":"de","potentialAction":[{"@type":"ReadAction","target":["https:\/\/www.slow-venice.com\/slow-venice-itineraries\/castello-district-naval-history-venice\/"]}]},{"@type":"ImageObject","inLanguage":"de","@id":"https:\/\/www.slow-venice.com\/slow-venice-itineraries\/castello-district-naval-history-venice\/#primaryimage","url":"https:\/\/www.slow-venice.com\/wp-content\/uploads\/2020\/09\/Castello.jpg","contentUrl":"https:\/\/www.slow-venice.com\/wp-content\/uploads\/2020\/09\/Castello.jpg"},{"@type":"BreadcrumbList","@id":"https:\/\/www.slow-venice.com\/slow-venice-itineraries\/castello-district-naval-history-venice\/#breadcrumb","itemListElement":[{"@type":"ListItem","position":1,"name":"Home","item":"https:\/\/www.slow-venice.com\/"},{"@type":"ListItem","position":2,"name":"Slow Venice &#8211; itineraries","item":"https:\/\/www.slow-venice.com\/slow-venice-itineraries\/"},{"@type":"ListItem","position":3,"name":"Castello"}]},{"@type":"WebSite","@id":"https:\/\/www.slow-venice.com\/#website","url":"https:\/\/www.slow-venice.com\/","name":"Slow Venice","description":"Unique Venice tours for travellers who want to slow down and expereince more","potentialAction":[{"@type":"SearchAction","target":{"@type":"EntryPoint","urlTemplate":"https:\/\/www.slow-venice.com\/?s={search_term_string}"},"query-input":{"@type":"PropertyValueSpecification","valueRequired":true,"valueName":"search_term_string"}}],"inLanguage":"de"}]}},"_links":{"self":[{"href":"https:\/\/www.slow-venice.com\/de\/wp-json\/wp\/v2\/pages\/133","targetHints":{"allow":["GET"]}}],"collection":[{"href":"https:\/\/www.slow-venice.com\/de\/wp-json\/wp\/v2\/pages"}],"about":[{"href":"https:\/\/www.slow-venice.com\/de\/wp-json\/wp\/v2\/types\/page"}],"author":[{"embeddable":true,"href":"https:\/\/www.slow-venice.com\/de\/wp-json\/wp\/v2\/users\/1"}],"replies":[{"embeddable":true,"href":"https:\/\/www.slow-venice.com\/de\/wp-json\/wp\/v2\/comments?post=133"}],"version-history":[{"count":16,"href":"https:\/\/www.slow-venice.com\/de\/wp-json\/wp\/v2\/pages\/133\/revisions"}],"predecessor-version":[{"id":1060,"href":"https:\/\/www.slow-venice.com\/de\/wp-json\/wp\/v2\/pages\/133\/revisions\/1060"}],"up":[{"embeddable":true,"href":"https:\/\/www.slow-venice.com\/de\/wp-json\/wp\/v2\/pages\/60"}],"wp:attachment":[{"href":"https:\/\/www.slow-venice.com\/de\/wp-json\/wp\/v2\/media?parent=133"}],"curies":[{"name":"wp","href":"https:\/\/api.w.org\/{rel}","templated":true}]}}