{"id":130,"date":"2020-09-28T16:17:51","date_gmt":"2020-09-28T15:17:51","guid":{"rendered":"https:\/\/www.viperfish.eu\/slow-venice\/?page_id=130"},"modified":"2023-08-22T10:23:51","modified_gmt":"2023-08-22T08:23:51","slug":"dorsoduro","status":"publish","type":"page","link":"https:\/\/www.slow-venice.com\/de\/slow-venice-itineraries\/dorsoduro\/","title":{"rendered":"Dorsoduro"},"content":{"rendered":"<div class=\"text-box-inner-wrap\"><div class=\"none\" style=\"padding: 30px 0 0;margin: 0 0 0;background-color: ;color: ;border-width:0px;border-color:;border-style:solid;\"><p><img loading=\"lazy\" decoding=\"async\" class=\"aligncenter wp-image-131 size-full\" src=\"https:\/\/www.slow-venice.com\/wp-content\/uploads\/2020\/09\/Dorsoduro.jpg\" alt=\"Dorsoduro district\" width=\"1800\" height=\"1000\" srcset=\"https:\/\/www.slow-venice.com\/wp-content\/uploads\/2020\/09\/Dorsoduro.jpg 1800w, https:\/\/www.slow-venice.com\/wp-content\/uploads\/2020\/09\/Dorsoduro-300x167.jpg 300w, https:\/\/www.slow-venice.com\/wp-content\/uploads\/2020\/09\/Dorsoduro-1024x569.jpg 1024w, https:\/\/www.slow-venice.com\/wp-content\/uploads\/2020\/09\/Dorsoduro-768x427.jpg 768w, https:\/\/www.slow-venice.com\/wp-content\/uploads\/2020\/09\/Dorsoduro-1536x853.jpg 1536w, https:\/\/www.slow-venice.com\/wp-content\/uploads\/2020\/09\/Dorsoduro-1400x778.jpg 1400w, https:\/\/www.slow-venice.com\/wp-content\/uploads\/2020\/09\/Dorsoduro-800x444.jpg 800w\" sizes=\"auto, (max-width: 1800px) 100vw, 1800px\" \/><\/p>\n<\/div><\/div>\n<div class=\"text-box-inner-wrap\"><div class=\"none\" style=\"padding: 0 0 0;margin: 0 0 0;background-color: ;color: ;border-width:0px;border-color:;border-style:solid;\"><\/p>\n<h3>Dorsoduro<\/h3>\n<p class=\"textrundgaenge\">Dieser \u201eSestiere\u201c (einer von sechs Stadtteilen) im S\u00fcdwesten der Stadt, besitzt fast einen Doppelcharakter; zwischen dem ehemaligen Zollamt (Dogana) bis einschlie\u00dflich San Trovaso ist es ein elegantes Viertel, reich an Museen und Kunstgalerien; um San Barnaba beginnt die Universit\u00e4tsgegend, quirlig und belebt, durchsetzt von kleinen Caf\u00e9s, Bars und Lokalen. <em>.<\/em>.<\/p>\n<p class=\"textrundgaenge\">Von dem breiten Campo Santa Margherita, B\u00fchne venezianischer Lebensart, Treffpunkt von Studenten, Shoppern und M\u00fcssigg\u00e4ngern, machen wir uns auf den Weg zur Kirche San Nicol\u00f2 dei Mendicoli. Einstmals war sie die Pfarrkirche der Seeleute und Fischer. Dort sp\u00fcrt man noch heute die volkst\u00fcmliche Fr\u00f6mmigkeit einfacher Fischerfamilien.<\/p>\n<p class=\"textrundgaenge\">Sp\u00e4ter begeben wir uns nach San Sebastiano, einer Kirche des 16. Jahrhunderts, dem Schutzheiligen gegen die Pest gewidmet. Sie wurde von Paolo Veronese mit Fresken und Gem\u00e4lden in schrillen Farben dekoriert. Wir werfen einen kurzen Blick auf eine der letzten Gondel-Werften Venedigs und erreichen das Zattere-Ufer am Canale della Giudecca. Ein Ort, der die Venezianer vor allem an lauen Sommerabenden scharenweise anzieht.<\/p>\n<p class=\"textrundgaenge\">Wir beenden unseren Rundgang an der imposanten Salute-Kirche, von wo man einen der sch\u00f6nsten Blicke auf San Marco und die Lagune genie\u00dfen kann.<\/p>\n<p><img loading=\"lazy\" decoding=\"async\" class=\"size-large wp-image-223 aligncenter\" src=\"https:\/\/www.slow-venice.com\/wp-content\/uploads\/2020\/10\/squero-San-Trovaso-1024x555.jpg\" alt=\"Squero San Trovaso\" width=\"756\" height=\"410\" srcset=\"https:\/\/www.slow-venice.com\/wp-content\/uploads\/2020\/10\/squero-San-Trovaso-1024x555.jpg 1024w, https:\/\/www.slow-venice.com\/wp-content\/uploads\/2020\/10\/squero-San-Trovaso-300x163.jpg 300w, https:\/\/www.slow-venice.com\/wp-content\/uploads\/2020\/10\/squero-San-Trovaso-768x416.jpg 768w, https:\/\/www.slow-venice.com\/wp-content\/uploads\/2020\/10\/squero-San-Trovaso-1536x832.jpg 1536w, https:\/\/www.slow-venice.com\/wp-content\/uploads\/2020\/10\/squero-San-Trovaso-1400x758.jpg 1400w, https:\/\/www.slow-venice.com\/wp-content\/uploads\/2020\/10\/squero-San-Trovaso-800x433.jpg 800w, https:\/\/www.slow-venice.com\/wp-content\/uploads\/2020\/10\/squero-San-Trovaso.jpg 1800w\" sizes=\"auto, (max-width: 756px) 100vw, 756px\" \/><\/p>\n<p>\u00a0<\/p>\n<p><img loading=\"lazy\" decoding=\"async\" class=\"size-large wp-image-423 aligncenter\" src=\"https:\/\/www.slow-venice.com\/wp-content\/uploads\/2021\/05\/San-Sebastiano-Ester-1024x768.jpg\" alt=\"\" width=\"756\" height=\"567\" \/><\/p>\n<\/div><\/div>\n<div id=\"sidebar\" class=\"sidebar-pagebuilder\">\n<div class=\"sidebar\">\n<div class=\"sidebar-widget\">\n<aside id=\"nav_menu-2\" class=\"widget widget_nav_menu\">\n<h3>Reiserouten<\/h3>\n<div class=\"menu-itineraries-container\">\n<ul id=\"menu-itineraries-1\" class=\"menu\">\n<li class=\"menu-item menu-item-type-custom menu-item-object-custom menu-item-has-children menu-item-91\"><a href=\"#\">Kunst und Geschichte Venedigs<\/a>\n<ul class=\"sub-menu\">\n<li class=\"menu-item menu-item-type-post_type menu-item-object-page menu-item-88\"><a href=\"https:\/\/www.slow-venice.com\/de\/slow-venice-itineraries\/st-marks-square-the-doges-palace-and-the-basilica\/\">St. Mark\u2019s Square, the Doge\u2019s Palace and the Basilica<\/a><\/li>\n<li class=\"menu-item menu-item-type-post_type menu-item-object-page menu-item-87\"><a href=\"https:\/\/www.slow-venice.com\/de\/slow-venice-itineraries\/secret-itineraries-of-the-doges-palace\/\">Die Geheimen Wege im Dogenpalast<\/a><\/li>\n<li class=\"menu-item menu-item-type-post_type menu-item-object-page menu-item-99\"><a href=\"https:\/\/www.slow-venice.com\/de\/slow-venice-itineraries\/the-venetian-renaissance-of-bellini-titian-and-tintoretto\/\">Die K\u00fcnstler der Renaissance: Bellini, Tizian und Tintoretto in der Frari Kirche und in der Scuola di San Rocco<\/a><\/li>\n<li class=\"menu-item menu-item-type-post_type menu-item-object-page menu-item-110\"><a href=\"https:\/\/www.slow-venice.com\/de\/slow-venice-itineraries\/the-accademia-gallery-venetian-art-across-the-ages\/\">500 Jahre venezianische Malerei: die Gem\u00e4lde-Galerie Accademia<\/a><\/li>\n<li class=\"menu-item menu-item-type-post_type menu-item-object-page menu-item-109\"><a href=\"https:\/\/www.slow-venice.com\/de\/slow-venice-itineraries\/carpaccio-and-venetian-gothic-architecture\/\">Exotic influence: The fabulous eastern World of Carpaccio in the Scuola dei Dalmati and Venetian Gothic Architecture<\/a><\/li>\n<li class=\"menu-item menu-item-type-post_type menu-item-object-page menu-item-401\"><a href=\"https:\/\/www.slow-venice.com\/de\/slow-venice-itineraries\/palatial-art-architecture-grimani-querini-stampalia\/\">Palatial Art and Architecture: Grimani and Querini Stampalia<\/a><\/li>\n<li class=\"menu-item menu-item-type-post_type menu-item-object-page menu-item-400\"><a href=\"https:\/\/www.slow-venice.com\/de\/slow-venice-itineraries\/art-architecture-of-the-sacred-churches\/\">Kunst und Architektur in den Kirchen von der Renaissance zum Neuklassizismus.<\/a><\/li>\n<\/ul>\n<\/li>\n<li class=\"menu-item menu-item-type-custom menu-item-object-custom menu-item-has-children menu-item-124\"><a href=\"#\">Venedig entdecken<\/a>\n<ul class=\"sub-menu\">\n<li class=\"menu-item menu-item-type-post_type menu-item-object-page menu-item-125\"><a href=\"https:\/\/www.slow-venice.com\/de\/slow-venice-itineraries\/venice-insights-and-highlights-a-first-orientation\/\">Venedig f\u00fcr Anf\u00e4nger: eine erste Orientierung<\/a><\/li>\n<li class=\"menu-item menu-item-type-post_type menu-item-object-page menu-item-178\"><a href=\"https:\/\/www.slow-venice.com\/de\/slow-venice-itineraries\/cannaregio-and-the-jewish-ghetto\/\">Cannaregio und das j\u00fcdische Ghetto<\/a><\/li>\n<li class=\"menu-item menu-item-type-post_type menu-item-object-page menu-item-177\"><a href=\"https:\/\/www.slow-venice.com\/de\/slow-venice-itineraries\/dorsoduro\/\">Dorsoduro<\/a><\/li>\n<li class=\"menu-item menu-item-type-post_type menu-item-object-page menu-item-176\"><a href=\"https:\/\/www.slow-venice.com\/de\/slow-venice-itineraries\/castello\/\">Castello<\/a><\/li>\n<li class=\"menu-item menu-item-type-post_type menu-item-object-page menu-item-175\"><a href=\"https:\/\/www.slow-venice.com\/de\/slow-venice-itineraries\/san-polo-meander-santa-croce-strolling\/\">San Polo und Santa Croce<\/a><\/li>\n<li class=\"menu-item menu-item-type-post_type menu-item-object-page menu-item-174\"><a href=\"https:\/\/www.slow-venice.com\/de\/slow-venice-itineraries\/tour-of-the-giudecca-island\/\">Tour \u00fcber die Insel Giudecca<\/a><\/li>\n<\/ul>\n<\/li>\n<li class=\"menu-item menu-item-type-custom menu-item-object-custom menu-item-has-children menu-item-179\"><a href=\"#\">Besonderes<\/a>\n<ul class=\"sub-menu\">\n<li class=\"menu-item menu-item-type-post_type menu-item-object-page menu-item-606\"><a href=\"https:\/\/www.slow-venice.com\/de\/slow-venice-itineraries\/guided-tour-of-the-art-biennale-2024\/\">F\u00fchrungen durch die Kunstbiennale 2024<\/a><\/li>\n<li class=\"menu-item menu-item-type-post_type menu-item-object-page menu-item-180\"><a href=\"https:\/\/www.slow-venice.com\/de\/slow-venice-itineraries\/from-modern-to-contemporary-todays-art-todays-venice\/\">Wege zur Gegenwartskunst und Moderne<\/a><\/li>\n<li class=\"menu-item menu-item-type-post_type menu-item-object-page menu-item-185\"><a href=\"https:\/\/www.slow-venice.com\/de\/slow-venice-itineraries\/venetian-rococo-ca-rezzonico-and-the-carmini\/\">Venezianisches Rokoko: Ca\u2019 Rezzonico und Scuola dei Carmini<\/a><\/li>\n<li class=\"menu-item menu-item-type-post_type menu-item-object-page menu-item-184\"><a href=\"https:\/\/www.slow-venice.com\/de\/slow-venice-itineraries\/the-venice-of-theater-and-music\/\">Theater und Musik in Venedig<\/a><\/li>\n<li class=\"menu-item menu-item-type-post_type menu-item-object-page menu-item-183\"><a href=\"https:\/\/www.slow-venice.com\/de\/slow-venice-itineraries\/the-blue-green-lagoon\/\">Die Lagune<\/a><\/li>\n<li class=\"menu-item menu-item-type-post_type menu-item-object-page menu-item-182\"><a href=\"https:\/\/www.slow-venice.com\/de\/slow-venice-itineraries\/architecture-of-the-60ies-carlo-scarpa-olivetti-querini-stampalia\/\">Die Architektur der 60iger: Carlo Scarpa, Olivetti und die Fondazione Querini Stampalia<\/a><\/li>\n<li class=\"menu-item menu-item-type-post_type menu-item-object-page menu-item-394\"><a href=\"https:\/\/www.slow-venice.com\/de\/slow-venice-itineraries\/coco-chanel-in-venice\/\">Auf den Spuren von Coco Chanel in Venedig<\/a><\/li>\n<\/ul>\n<\/li>\n<\/ul>\n<\/div>\n<\/aside>\n<\/div>\n<\/div>\n<\/div>","protected":false},"excerpt":{"rendered":"<p>Itineraries Art and History St. Mark\u2019s Square, the Doge\u2019s Palace and the Basilica Secret Itineraries of the Doge\u2019s Palace The Venetian Renaissance of Bellini, Titian and Tintoretto The Accademia Gallery: Venetian Art Across the Ages Exotic influence: The fabulous eastern World of Carpaccio in the Scuola dei Dalmati and Venetian Gothic Architecture Palatial Art and Architecture: Grimani and Querini Stampalia Art &#038; Architecture of the Sacred: Churches The Six Districts Venice Insights and Highlights: a first orientation Cannaregio and the [&hellip;]<\/p>\n","protected":false},"author":1,"featured_media":0,"parent":60,"menu_order":0,"comment_status":"closed","ping_status":"open","template":"","meta":{"cybocfi_hide_featured_image":"","footnotes":""},"class_list":["post-130","page","type-page","status-publish","hentry"],"yoast_head":"<!-- This site is optimized with the Yoast SEO plugin v27.5 - https:\/\/yoast.com\/product\/yoast-seo-wordpress\/ -->\n<title>Dorsoduro - Slow Venice<\/title>\n<meta name=\"description\" content=\"This Dorsoduro district is rich with museums and art galleries, including the Peggy Guggenheim Collection.\" \/>\n<meta name=\"robots\" content=\"index, follow, max-snippet:-1, max-image-preview:large, max-video-preview:-1\" \/>\n<link rel=\"canonical\" href=\"https:\/\/www.slow-venice.com\/de\/slow-venice-itineraries\/dorsoduro\/\" \/>\n<meta property=\"og:locale\" content=\"de_DE\" \/>\n<meta property=\"og:type\" content=\"article\" \/>\n<meta property=\"og:title\" content=\"Dorsoduro - Slow Venice\" \/>\n<meta property=\"og:description\" content=\"This Dorsoduro district is rich with museums and art galleries, including the Peggy Guggenheim Collection.\" \/>\n<meta property=\"og:url\" content=\"https:\/\/www.slow-venice.com\/de\/slow-venice-itineraries\/dorsoduro\/\" \/>\n<meta property=\"og:site_name\" content=\"Slow Venice\" \/>\n<meta property=\"article:modified_time\" content=\"2023-08-22T08:23:51+00:00\" \/>\n<meta property=\"og:image\" content=\"https:\/\/www.slow-venice.com\/wp-content\/uploads\/2020\/09\/Dorsoduro.jpg\" \/>\n<meta name=\"twitter:card\" content=\"summary_large_image\" \/>\n<meta name=\"twitter:label1\" content=\"Gesch\u00e4tzte Lesezeit\" \/>\n\t<meta name=\"twitter:data1\" content=\"3\u00a0Minuten\" \/>\n<script type=\"application\/ld+json\" class=\"yoast-schema-graph\">{\"@context\":\"https:\\\/\\\/schema.org\",\"@graph\":[{\"@type\":\"WebPage\",\"@id\":\"https:\\\/\\\/www.slow-venice.com\\\/slow-venice-itineraries\\\/dorsoduro\\\/\",\"url\":\"https:\\\/\\\/www.slow-venice.com\\\/slow-venice-itineraries\\\/dorsoduro\\\/\",\"name\":\"Dorsoduro - Slow Venice\",\"isPartOf\":{\"@id\":\"https:\\\/\\\/www.slow-venice.com\\\/#website\"},\"primaryImageOfPage\":{\"@id\":\"https:\\\/\\\/www.slow-venice.com\\\/slow-venice-itineraries\\\/dorsoduro\\\/#primaryimage\"},\"image\":{\"@id\":\"https:\\\/\\\/www.slow-venice.com\\\/slow-venice-itineraries\\\/dorsoduro\\\/#primaryimage\"},\"thumbnailUrl\":\"https:\\\/\\\/www.slow-venice.com\\\/wp-content\\\/uploads\\\/2020\\\/09\\\/Dorsoduro.jpg\",\"datePublished\":\"2020-09-28T15:17:51+00:00\",\"dateModified\":\"2023-08-22T08:23:51+00:00\",\"description\":\"This Dorsoduro district is rich with museums and art galleries, including the Peggy Guggenheim Collection.\",\"breadcrumb\":{\"@id\":\"https:\\\/\\\/www.slow-venice.com\\\/slow-venice-itineraries\\\/dorsoduro\\\/#breadcrumb\"},\"inLanguage\":\"de\",\"potentialAction\":[{\"@type\":\"ReadAction\",\"target\":[\"https:\\\/\\\/www.slow-venice.com\\\/slow-venice-itineraries\\\/dorsoduro\\\/\"]}]},{\"@type\":\"ImageObject\",\"inLanguage\":\"de\",\"@id\":\"https:\\\/\\\/www.slow-venice.com\\\/slow-venice-itineraries\\\/dorsoduro\\\/#primaryimage\",\"url\":\"https:\\\/\\\/www.slow-venice.com\\\/wp-content\\\/uploads\\\/2020\\\/09\\\/Dorsoduro.jpg\",\"contentUrl\":\"https:\\\/\\\/www.slow-venice.com\\\/wp-content\\\/uploads\\\/2020\\\/09\\\/Dorsoduro.jpg\"},{\"@type\":\"BreadcrumbList\",\"@id\":\"https:\\\/\\\/www.slow-venice.com\\\/slow-venice-itineraries\\\/dorsoduro\\\/#breadcrumb\",\"itemListElement\":[{\"@type\":\"ListItem\",\"position\":1,\"name\":\"Home\",\"item\":\"https:\\\/\\\/www.slow-venice.com\\\/\"},{\"@type\":\"ListItem\",\"position\":2,\"name\":\"Slow Venice &#8211; itineraries\",\"item\":\"https:\\\/\\\/www.slow-venice.com\\\/slow-venice-itineraries\\\/\"},{\"@type\":\"ListItem\",\"position\":3,\"name\":\"Dorsoduro\"}]},{\"@type\":\"WebSite\",\"@id\":\"https:\\\/\\\/www.slow-venice.com\\\/#website\",\"url\":\"https:\\\/\\\/www.slow-venice.com\\\/\",\"name\":\"Slow Venice\",\"description\":\"Unique Venice tours for travellers who want to slow down and expereince more\",\"potentialAction\":[{\"@type\":\"SearchAction\",\"target\":{\"@type\":\"EntryPoint\",\"urlTemplate\":\"https:\\\/\\\/www.slow-venice.com\\\/?s={search_term_string}\"},\"query-input\":{\"@type\":\"PropertyValueSpecification\",\"valueRequired\":true,\"valueName\":\"search_term_string\"}}],\"inLanguage\":\"de\"}]}<\/script>\n<!-- \/ Yoast SEO plugin. -->","yoast_head_json":{"title":"Dorsoduro - Slow Venice","description":"This Dorsoduro district is rich with museums and art galleries, including the Peggy Guggenheim Collection.","robots":{"index":"index","follow":"follow","max-snippet":"max-snippet:-1","max-image-preview":"max-image-preview:large","max-video-preview":"max-video-preview:-1"},"canonical":"https:\/\/www.slow-venice.com\/de\/slow-venice-itineraries\/dorsoduro\/","og_locale":"de_DE","og_type":"article","og_title":"Dorsoduro - Slow Venice","og_description":"This Dorsoduro district is rich with museums and art galleries, including the Peggy Guggenheim Collection.","og_url":"https:\/\/www.slow-venice.com\/de\/slow-venice-itineraries\/dorsoduro\/","og_site_name":"Slow Venice","article_modified_time":"2023-08-22T08:23:51+00:00","og_image":[{"url":"https:\/\/www.slow-venice.com\/wp-content\/uploads\/2020\/09\/Dorsoduro.jpg","type":"","width":"","height":""}],"twitter_card":"summary_large_image","twitter_misc":{"Gesch\u00e4tzte Lesezeit":"3\u00a0Minuten"},"schema":{"@context":"https:\/\/schema.org","@graph":[{"@type":"WebPage","@id":"https:\/\/www.slow-venice.com\/slow-venice-itineraries\/dorsoduro\/","url":"https:\/\/www.slow-venice.com\/slow-venice-itineraries\/dorsoduro\/","name":"Dorsoduro - Slow Venice","isPartOf":{"@id":"https:\/\/www.slow-venice.com\/#website"},"primaryImageOfPage":{"@id":"https:\/\/www.slow-venice.com\/slow-venice-itineraries\/dorsoduro\/#primaryimage"},"image":{"@id":"https:\/\/www.slow-venice.com\/slow-venice-itineraries\/dorsoduro\/#primaryimage"},"thumbnailUrl":"https:\/\/www.slow-venice.com\/wp-content\/uploads\/2020\/09\/Dorsoduro.jpg","datePublished":"2020-09-28T15:17:51+00:00","dateModified":"2023-08-22T08:23:51+00:00","description":"This Dorsoduro district is rich with museums and art galleries, including the Peggy Guggenheim Collection.","breadcrumb":{"@id":"https:\/\/www.slow-venice.com\/slow-venice-itineraries\/dorsoduro\/#breadcrumb"},"inLanguage":"de","potentialAction":[{"@type":"ReadAction","target":["https:\/\/www.slow-venice.com\/slow-venice-itineraries\/dorsoduro\/"]}]},{"@type":"ImageObject","inLanguage":"de","@id":"https:\/\/www.slow-venice.com\/slow-venice-itineraries\/dorsoduro\/#primaryimage","url":"https:\/\/www.slow-venice.com\/wp-content\/uploads\/2020\/09\/Dorsoduro.jpg","contentUrl":"https:\/\/www.slow-venice.com\/wp-content\/uploads\/2020\/09\/Dorsoduro.jpg"},{"@type":"BreadcrumbList","@id":"https:\/\/www.slow-venice.com\/slow-venice-itineraries\/dorsoduro\/#breadcrumb","itemListElement":[{"@type":"ListItem","position":1,"name":"Home","item":"https:\/\/www.slow-venice.com\/"},{"@type":"ListItem","position":2,"name":"Slow Venice &#8211; itineraries","item":"https:\/\/www.slow-venice.com\/slow-venice-itineraries\/"},{"@type":"ListItem","position":3,"name":"Dorsoduro"}]},{"@type":"WebSite","@id":"https:\/\/www.slow-venice.com\/#website","url":"https:\/\/www.slow-venice.com\/","name":"Slow Venice","description":"Unique Venice tours for travellers who want to slow down and expereince more","potentialAction":[{"@type":"SearchAction","target":{"@type":"EntryPoint","urlTemplate":"https:\/\/www.slow-venice.com\/?s={search_term_string}"},"query-input":{"@type":"PropertyValueSpecification","valueRequired":true,"valueName":"search_term_string"}}],"inLanguage":"de"}]}},"_links":{"self":[{"href":"https:\/\/www.slow-venice.com\/de\/wp-json\/wp\/v2\/pages\/130","targetHints":{"allow":["GET"]}}],"collection":[{"href":"https:\/\/www.slow-venice.com\/de\/wp-json\/wp\/v2\/pages"}],"about":[{"href":"https:\/\/www.slow-venice.com\/de\/wp-json\/wp\/v2\/types\/page"}],"author":[{"embeddable":true,"href":"https:\/\/www.slow-venice.com\/de\/wp-json\/wp\/v2\/users\/1"}],"replies":[{"embeddable":true,"href":"https:\/\/www.slow-venice.com\/de\/wp-json\/wp\/v2\/comments?post=130"}],"version-history":[{"count":8,"href":"https:\/\/www.slow-venice.com\/de\/wp-json\/wp\/v2\/pages\/130\/revisions"}],"predecessor-version":[{"id":752,"href":"https:\/\/www.slow-venice.com\/de\/wp-json\/wp\/v2\/pages\/130\/revisions\/752"}],"up":[{"embeddable":true,"href":"https:\/\/www.slow-venice.com\/de\/wp-json\/wp\/v2\/pages\/60"}],"wp:attachment":[{"href":"https:\/\/www.slow-venice.com\/de\/wp-json\/wp\/v2\/media?parent=130"}],"curies":[{"name":"wp","href":"https:\/\/api.w.org\/{rel}","templated":true}]}}