{"id":127,"date":"2020-09-28T16:14:43","date_gmt":"2020-09-28T15:14:43","guid":{"rendered":"https:\/\/www.viperfish.eu\/slow-venice\/?page_id=127"},"modified":"2023-08-22T10:21:57","modified_gmt":"2023-08-22T08:21:57","slug":"cannaregio-and-the-jewish-ghetto","status":"publish","type":"page","link":"https:\/\/www.slow-venice.com\/de\/slow-venice-itineraries\/cannaregio-and-the-jewish-ghetto\/","title":{"rendered":"Cannaregio und das j\u00fcdische Ghetto"},"content":{"rendered":"<div class=\"text-box-inner-wrap\"><div class=\"none\" style=\"padding: 30px 0 0;margin: 0 0 0;background-color: ;color: ;border-width:0px;border-color:;border-style:solid;\"><p><img loading=\"lazy\" decoding=\"async\" class=\"aligncenter wp-image-218 size-full\" src=\"https:\/\/www.slow-venice.com\/wp-content\/uploads\/2020\/10\/Cannaregio-1.jpg\" alt=\"Tour of the Cannareggio District of Venice\" width=\"1800\" height=\"900\" srcset=\"https:\/\/www.slow-venice.com\/wp-content\/uploads\/2020\/10\/Cannaregio-1.jpg 1800w, https:\/\/www.slow-venice.com\/wp-content\/uploads\/2020\/10\/Cannaregio-1-300x150.jpg 300w, https:\/\/www.slow-venice.com\/wp-content\/uploads\/2020\/10\/Cannaregio-1-1024x512.jpg 1024w, https:\/\/www.slow-venice.com\/wp-content\/uploads\/2020\/10\/Cannaregio-1-768x384.jpg 768w, https:\/\/www.slow-venice.com\/wp-content\/uploads\/2020\/10\/Cannaregio-1-1536x768.jpg 1536w, https:\/\/www.slow-venice.com\/wp-content\/uploads\/2020\/10\/Cannaregio-1-1400x700.jpg 1400w, https:\/\/www.slow-venice.com\/wp-content\/uploads\/2020\/10\/Cannaregio-1-800x400.jpg 800w\" sizes=\"auto, (max-width: 1800px) 100vw, 1800px\" \/><\/p>\n<\/div><\/div>\n<div class=\"text-box-inner-wrap\"><div class=\"none\" style=\"padding: 0 0 0;margin: 0 0 0;background-color: ;color: ;border-width:0px;border-color:;border-style:solid;\"><\/p>\n<h3>Cannaregio und das j\u00fcdische Ghetto<\/h3>\n<p class=\"textrundgaenge\">Im Nordwesten der Stadt, befindet sich der Stadtteil Cannaregio, der bis heute konnte sich seine typisch lokale Stimmung erhalten. In der Ruhe der langen \u201aFondamentas\u2019 (begehbare Ufer an den venezianischen Kan\u00e4le), die ab und zu von kleinen Gesch\u00e4ften und Restaurants unterbrochen wird, liegt etwas Entspannendes.<\/p>\n<p class=\"textrundgaenge\">Das noch authentische j\u00fcdische Ghetto, immer noch ein belebtes Viertel, bietet uns die M\u00f6glichkeit, die Geschichte der j\u00fcdischen Gemeinschaft in Venedig und ihrer Beziehung zur Republik und der italienischen Regierung nachzugehen.<\/p>\n<p><img loading=\"lazy\" decoding=\"async\" class=\"wp-image-414 aligncenter\" src=\"https:\/\/www.slow-venice.com\/wp-content\/uploads\/2021\/01\/Ghetto-1419-1024x768.jpg\" alt=\"\" width=\"1000\" height=\"750\" srcset=\"https:\/\/www.slow-venice.com\/wp-content\/uploads\/2021\/01\/Ghetto-1419-1024x768.jpg 1024w, https:\/\/www.slow-venice.com\/wp-content\/uploads\/2021\/01\/Ghetto-1419-300x225.jpg 300w, https:\/\/www.slow-venice.com\/wp-content\/uploads\/2021\/01\/Ghetto-1419-768x576.jpg 768w, https:\/\/www.slow-venice.com\/wp-content\/uploads\/2021\/01\/Ghetto-1419-1536x1152.jpg 1536w, https:\/\/www.slow-venice.com\/wp-content\/uploads\/2021\/01\/Ghetto-1419-2048x1536.jpg 2048w, https:\/\/www.slow-venice.com\/wp-content\/uploads\/2021\/01\/Ghetto-1419-16x12.jpg 16w, https:\/\/www.slow-venice.com\/wp-content\/uploads\/2021\/01\/Ghetto-1419-1400x1050.jpg 1400w, https:\/\/www.slow-venice.com\/wp-content\/uploads\/2021\/01\/Ghetto-1419-800x600.jpg 800w\" sizes=\"auto, (max-width: 1000px) 100vw, 1000px\" \/><\/p>\n<p><img loading=\"lazy\" decoding=\"async\" class=\"size-large wp-image-128 aligncenter\" src=\"https:\/\/www.slow-venice.com\/wp-content\/uploads\/2020\/09\/Cannaregio-1024x683.jpg\" alt=\"Tour of the Cannareggio District of Venice\" width=\"756\" height=\"504\" srcset=\"https:\/\/www.slow-venice.com\/wp-content\/uploads\/2020\/09\/Cannaregio-1024x683.jpg 1024w, https:\/\/www.slow-venice.com\/wp-content\/uploads\/2020\/09\/Cannaregio-300x200.jpg 300w, https:\/\/www.slow-venice.com\/wp-content\/uploads\/2020\/09\/Cannaregio-768x512.jpg 768w, https:\/\/www.slow-venice.com\/wp-content\/uploads\/2020\/09\/Cannaregio-1536x1024.jpg 1536w, https:\/\/www.slow-venice.com\/wp-content\/uploads\/2020\/09\/Cannaregio-1400x933.jpg 1400w, https:\/\/www.slow-venice.com\/wp-content\/uploads\/2020\/09\/Cannaregio-800x533.jpg 800w, https:\/\/www.slow-venice.com\/wp-content\/uploads\/2020\/09\/Cannaregio.jpg 1800w\" sizes=\"auto, (max-width: 756px) 100vw, 756px\" \/><\/p>\n<p class=\"textrundgaenge\">Nach der Besichtigung des Ghetto erreichen wir die sp\u00e4tgotische Kirche der Madonna dell\u2019Orto, wo uns Tintoretto einige seiner Meisterwerke hinterlassen hat; Sp\u00e4ter wurde er hier auch beigesetzt.<\/p>\n<p class=\"textrundgaenge\">In der N\u00e4he der Abbazia (Abtei) genie\u00dfen wir einen Blick \u00fcber die n\u00f6rdliche Lagune, mit den Inseln Murano und San Michele. Kurz danach kehren wir in das Zentrum in der Gegend von Rialto zur\u00fcck.<\/p>\n<p>\n<\/div><\/div>\n<div id=\"sidebar\" class=\"sidebar-pagebuilder\">\n<div class=\"sidebar\">\n<div class=\"sidebar-widget\">\n<aside id=\"nav_menu-2\" class=\"widget widget_nav_menu\">\n<h3>Reiserouten<\/h3>\n<div class=\"menu-itineraries-container\">\n<ul id=\"menu-itineraries\" class=\"menu\">\n<li id=\"menu-item-91\" class=\"menu-item menu-item-type-custom menu-item-object-custom menu-item-has-children menu-item-91\"><a href=\"#\">Kunst und Geschichte Venedigs<\/a>\n<ul class=\"sub-menu\">\n<li id=\"menu-item-88\" class=\"menu-item menu-item-type-post_type menu-item-object-page menu-item-88\"><a href=\"https:\/\/www.slow-venice.com\/de\/slow-venice-itineraries\/st-marks-square-the-doges-palace-and-the-basilica\/\">St. Mark\u2019s Square, the Doge\u2019s Palace and the Basilica<\/a><\/li>\n<li id=\"menu-item-87\" class=\"menu-item menu-item-type-post_type menu-item-object-page menu-item-87\"><a href=\"https:\/\/www.slow-venice.com\/de\/slow-venice-itineraries\/secret-itineraries-of-the-doges-palace\/\">Die Geheimen Wege im Dogenpalast<\/a><\/li>\n<li id=\"menu-item-99\" class=\"menu-item menu-item-type-post_type menu-item-object-page menu-item-99\"><a href=\"https:\/\/www.slow-venice.com\/de\/slow-venice-itineraries\/the-venetian-renaissance-of-bellini-titian-and-tintoretto\/\">Die K\u00fcnstler der Renaissance: Bellini, Tizian und Tintoretto in der Frari Kirche und in der Scuola di San Rocco<\/a><\/li>\n<li id=\"menu-item-110\" class=\"menu-item menu-item-type-post_type menu-item-object-page menu-item-110\"><a href=\"https:\/\/www.slow-venice.com\/de\/slow-venice-itineraries\/the-accademia-gallery-venetian-art-across-the-ages\/\">500 Jahre venezianische Malerei: die Gem\u00e4lde-Galerie Accademia<\/a><\/li>\n<li id=\"menu-item-109\" class=\"menu-item menu-item-type-post_type menu-item-object-page menu-item-109\"><a href=\"https:\/\/www.slow-venice.com\/de\/slow-venice-itineraries\/carpaccio-and-venetian-gothic-architecture\/\">Exotic influence: The fabulous eastern World of Carpaccio in the Scuola dei Dalmati and Venetian Gothic Architecture<\/a><\/li>\n<li id=\"menu-item-401\" class=\"menu-item menu-item-type-post_type menu-item-object-page menu-item-401\"><a href=\"https:\/\/www.slow-venice.com\/de\/slow-venice-itineraries\/palatial-art-architecture-grimani-querini-stampalia\/\">Palatial Art and Architecture: Grimani and Querini Stampalia<\/a><\/li>\n<li id=\"menu-item-400\" class=\"menu-item menu-item-type-post_type menu-item-object-page menu-item-400\"><a href=\"https:\/\/www.slow-venice.com\/de\/slow-venice-itineraries\/art-architecture-of-the-sacred-churches\/\">Kunst und Architektur in den Kirchen von der Renaissance zum Neuklassizismus.<\/a><\/li>\n<\/ul>\n<\/li>\n<li id=\"menu-item-124\" class=\"menu-item menu-item-type-custom menu-item-object-custom menu-item-has-children menu-item-124\"><a href=\"#\">Venedig entdecken<\/a>\n<ul class=\"sub-menu\">\n<li id=\"menu-item-125\" class=\"menu-item menu-item-type-post_type menu-item-object-page menu-item-125\"><a href=\"https:\/\/www.slow-venice.com\/de\/slow-venice-itineraries\/venice-insights-and-highlights-a-first-orientation\/\">Venedig f\u00fcr Anf\u00e4nger: eine erste Orientierung<\/a><\/li>\n<li id=\"menu-item-178\" class=\"menu-item menu-item-type-post_type menu-item-object-page menu-item-178\"><a href=\"https:\/\/www.slow-venice.com\/de\/slow-venice-itineraries\/cannaregio-and-the-jewish-ghetto\/\">Cannaregio und das j\u00fcdische Ghetto<\/a><\/li>\n<li id=\"menu-item-177\" class=\"menu-item menu-item-type-post_type menu-item-object-page menu-item-177\"><a href=\"https:\/\/www.slow-venice.com\/de\/slow-venice-itineraries\/dorsoduro\/\">Dorsoduro<\/a><\/li>\n<li id=\"menu-item-176\" class=\"menu-item menu-item-type-post_type menu-item-object-page menu-item-176\"><a href=\"https:\/\/www.slow-venice.com\/de\/slow-venice-itineraries\/castello\/\">Castello<\/a><\/li>\n<li id=\"menu-item-175\" class=\"menu-item menu-item-type-post_type menu-item-object-page menu-item-175\"><a href=\"https:\/\/www.slow-venice.com\/de\/slow-venice-itineraries\/san-polo-meander-santa-croce-strolling\/\">San Polo und Santa Croce<\/a><\/li>\n<li id=\"menu-item-174\" class=\"menu-item menu-item-type-post_type menu-item-object-page menu-item-174\"><a href=\"https:\/\/www.slow-venice.com\/de\/slow-venice-itineraries\/tour-of-the-giudecca-island\/\">Tour \u00fcber die Insel Giudecca<\/a><\/li>\n<\/ul>\n<\/li>\n<li id=\"menu-item-179\" class=\"menu-item menu-item-type-custom menu-item-object-custom menu-item-has-children menu-item-179\"><a href=\"#\">Besonderes<\/a>\n<ul class=\"sub-menu\">\n<li id=\"menu-item-606\" class=\"menu-item menu-item-type-post_type menu-item-object-page menu-item-606\"><a href=\"https:\/\/www.slow-venice.com\/de\/slow-venice-itineraries\/guided-tour-of-the-art-biennale-2024\/\">F\u00fchrungen durch die Kunstbiennale 2024<\/a><\/li>\n<li id=\"menu-item-180\" class=\"menu-item menu-item-type-post_type menu-item-object-page menu-item-180\"><a href=\"https:\/\/www.slow-venice.com\/de\/slow-venice-itineraries\/from-modern-to-contemporary-todays-art-todays-venice\/\">Wege zur Gegenwartskunst und Moderne<\/a><\/li>\n<li id=\"menu-item-185\" class=\"menu-item menu-item-type-post_type menu-item-object-page menu-item-185\"><a href=\"https:\/\/www.slow-venice.com\/de\/slow-venice-itineraries\/venetian-rococo-ca-rezzonico-and-the-carmini\/\">Venezianisches Rokoko: Ca\u2019 Rezzonico und Scuola dei Carmini<\/a><\/li>\n<li id=\"menu-item-184\" class=\"menu-item menu-item-type-post_type menu-item-object-page menu-item-184\"><a href=\"https:\/\/www.slow-venice.com\/de\/slow-venice-itineraries\/the-venice-of-theater-and-music\/\">Theater und Musik in Venedig<\/a><\/li>\n<li id=\"menu-item-183\" class=\"menu-item menu-item-type-post_type menu-item-object-page menu-item-183\"><a href=\"https:\/\/www.slow-venice.com\/de\/slow-venice-itineraries\/the-blue-green-lagoon\/\">Die Lagune<\/a><\/li>\n<li id=\"menu-item-182\" class=\"menu-item menu-item-type-post_type menu-item-object-page menu-item-182\"><a href=\"https:\/\/www.slow-venice.com\/de\/slow-venice-itineraries\/architecture-of-the-60ies-carlo-scarpa-olivetti-querini-stampalia\/\">Die Architektur der 60iger: Carlo Scarpa, Olivetti und die Fondazione Querini Stampalia<\/a><\/li>\n<li id=\"menu-item-394\" class=\"menu-item menu-item-type-post_type menu-item-object-page menu-item-394\"><a href=\"https:\/\/www.slow-venice.com\/de\/slow-venice-itineraries\/coco-chanel-in-venice\/\">Auf den Spuren von Coco Chanel in Venedig<\/a><\/li>\n<\/ul>\n<\/li>\n<\/ul>\n<\/div>\n<\/aside>\n<\/div>\n<\/div>\n<\/div>","protected":false},"excerpt":{"rendered":"<p>Itineraries Art and History St. Mark\u2019s Square, the Doge\u2019s Palace and the Basilica Secret Itineraries of the Doge\u2019s Palace The Venetian Renaissance of Bellini, Titian and Tintoretto The Accademia Gallery: Venetian Art Across the Ages Exotic influence: The fabulous eastern World of Carpaccio in the Scuola dei Dalmati and Venetian Gothic Architecture Palatial Art and Architecture: Grimani and Querini Stampalia Art &#038; Architecture of the Sacred: Churches The Six Districts Venice Insights and Highlights: a first orientation Cannaregio and the [&hellip;]<\/p>\n","protected":false},"author":1,"featured_media":0,"parent":60,"menu_order":0,"comment_status":"closed","ping_status":"open","template":"","meta":{"cybocfi_hide_featured_image":"","footnotes":""},"class_list":["post-127","page","type-page","status-publish","hentry"],"yoast_head":"<!-- This site is optimized with the Yoast SEO plugin v27.4 - https:\/\/yoast.com\/product\/yoast-seo-wordpress\/ -->\n<title>Cannaregio and the Jewish Ghetto - Slow Venice<\/title>\n<meta name=\"description\" content=\"In the Venetian Ghetto, we can trace the history of the Jewish Community of Venice and its relationship with the Republic.\" \/>\n<meta name=\"robots\" content=\"index, follow, max-snippet:-1, max-image-preview:large, max-video-preview:-1\" \/>\n<link rel=\"canonical\" href=\"https:\/\/www.slow-venice.com\/de\/slow-venice-itineraries\/cannaregio-and-the-jewish-ghetto\/\" \/>\n<meta property=\"og:locale\" content=\"de_DE\" \/>\n<meta property=\"og:type\" content=\"article\" \/>\n<meta property=\"og:title\" content=\"Cannaregio and the Jewish Ghetto - Slow Venice\" \/>\n<meta property=\"og:description\" content=\"In the Venetian Ghetto, we can trace the history of the Jewish Community of Venice and its relationship with the Republic.\" \/>\n<meta property=\"og:url\" content=\"https:\/\/www.slow-venice.com\/de\/slow-venice-itineraries\/cannaregio-and-the-jewish-ghetto\/\" \/>\n<meta property=\"og:site_name\" content=\"Slow Venice\" \/>\n<meta property=\"article:modified_time\" content=\"2023-08-22T08:21:57+00:00\" \/>\n<meta property=\"og:image\" content=\"https:\/\/www.slow-venice.com\/wp-content\/uploads\/2020\/10\/Cannaregio-1.jpg\" \/>\n<meta name=\"twitter:card\" content=\"summary_large_image\" \/>\n<meta name=\"twitter:label1\" content=\"Gesch\u00e4tzte Lesezeit\" \/>\n\t<meta name=\"twitter:data1\" content=\"3\u00a0Minuten\" \/>\n<script type=\"application\/ld+json\" class=\"yoast-schema-graph\">{\"@context\":\"https:\\\/\\\/schema.org\",\"@graph\":[{\"@type\":\"WebPage\",\"@id\":\"https:\\\/\\\/www.slow-venice.com\\\/slow-venice-itineraries\\\/cannaregio-and-the-jewish-ghetto\\\/\",\"url\":\"https:\\\/\\\/www.slow-venice.com\\\/slow-venice-itineraries\\\/cannaregio-and-the-jewish-ghetto\\\/\",\"name\":\"Cannaregio and the Jewish Ghetto - Slow Venice\",\"isPartOf\":{\"@id\":\"https:\\\/\\\/www.slow-venice.com\\\/#website\"},\"primaryImageOfPage\":{\"@id\":\"https:\\\/\\\/www.slow-venice.com\\\/slow-venice-itineraries\\\/cannaregio-and-the-jewish-ghetto\\\/#primaryimage\"},\"image\":{\"@id\":\"https:\\\/\\\/www.slow-venice.com\\\/slow-venice-itineraries\\\/cannaregio-and-the-jewish-ghetto\\\/#primaryimage\"},\"thumbnailUrl\":\"https:\\\/\\\/www.slow-venice.com\\\/wp-content\\\/uploads\\\/2020\\\/10\\\/Cannaregio-1.jpg\",\"datePublished\":\"2020-09-28T15:14:43+00:00\",\"dateModified\":\"2023-08-22T08:21:57+00:00\",\"description\":\"In the Venetian Ghetto, we can trace the history of the Jewish Community of Venice and its relationship with the Republic.\",\"breadcrumb\":{\"@id\":\"https:\\\/\\\/www.slow-venice.com\\\/slow-venice-itineraries\\\/cannaregio-and-the-jewish-ghetto\\\/#breadcrumb\"},\"inLanguage\":\"de\",\"potentialAction\":[{\"@type\":\"ReadAction\",\"target\":[\"https:\\\/\\\/www.slow-venice.com\\\/slow-venice-itineraries\\\/cannaregio-and-the-jewish-ghetto\\\/\"]}]},{\"@type\":\"ImageObject\",\"inLanguage\":\"de\",\"@id\":\"https:\\\/\\\/www.slow-venice.com\\\/slow-venice-itineraries\\\/cannaregio-and-the-jewish-ghetto\\\/#primaryimage\",\"url\":\"https:\\\/\\\/www.slow-venice.com\\\/wp-content\\\/uploads\\\/2020\\\/10\\\/Cannaregio-1.jpg\",\"contentUrl\":\"https:\\\/\\\/www.slow-venice.com\\\/wp-content\\\/uploads\\\/2020\\\/10\\\/Cannaregio-1.jpg\"},{\"@type\":\"BreadcrumbList\",\"@id\":\"https:\\\/\\\/www.slow-venice.com\\\/slow-venice-itineraries\\\/cannaregio-and-the-jewish-ghetto\\\/#breadcrumb\",\"itemListElement\":[{\"@type\":\"ListItem\",\"position\":1,\"name\":\"Home\",\"item\":\"https:\\\/\\\/www.slow-venice.com\\\/\"},{\"@type\":\"ListItem\",\"position\":2,\"name\":\"Slow Venice &#8211; itineraries\",\"item\":\"https:\\\/\\\/www.slow-venice.com\\\/slow-venice-itineraries\\\/\"},{\"@type\":\"ListItem\",\"position\":3,\"name\":\"Cannaregio and the Jewish Ghetto\"}]},{\"@type\":\"WebSite\",\"@id\":\"https:\\\/\\\/www.slow-venice.com\\\/#website\",\"url\":\"https:\\\/\\\/www.slow-venice.com\\\/\",\"name\":\"Slow Venice\",\"description\":\"Unique Venice tours for travellers who want to slow down and expereince more\",\"potentialAction\":[{\"@type\":\"SearchAction\",\"target\":{\"@type\":\"EntryPoint\",\"urlTemplate\":\"https:\\\/\\\/www.slow-venice.com\\\/?s={search_term_string}\"},\"query-input\":{\"@type\":\"PropertyValueSpecification\",\"valueRequired\":true,\"valueName\":\"search_term_string\"}}],\"inLanguage\":\"de\"}]}<\/script>\n<!-- \/ Yoast SEO plugin. -->","yoast_head_json":{"title":"Cannaregio and the Jewish Ghetto - Slow Venice","description":"In the Venetian Ghetto, we can trace the history of the Jewish Community of Venice and its relationship with the Republic.","robots":{"index":"index","follow":"follow","max-snippet":"max-snippet:-1","max-image-preview":"max-image-preview:large","max-video-preview":"max-video-preview:-1"},"canonical":"https:\/\/www.slow-venice.com\/de\/slow-venice-itineraries\/cannaregio-and-the-jewish-ghetto\/","og_locale":"de_DE","og_type":"article","og_title":"Cannaregio and the Jewish Ghetto - Slow Venice","og_description":"In the Venetian Ghetto, we can trace the history of the Jewish Community of Venice and its relationship with the Republic.","og_url":"https:\/\/www.slow-venice.com\/de\/slow-venice-itineraries\/cannaregio-and-the-jewish-ghetto\/","og_site_name":"Slow Venice","article_modified_time":"2023-08-22T08:21:57+00:00","og_image":[{"url":"https:\/\/www.slow-venice.com\/wp-content\/uploads\/2020\/10\/Cannaregio-1.jpg","type":"","width":"","height":""}],"twitter_card":"summary_large_image","twitter_misc":{"Gesch\u00e4tzte Lesezeit":"3\u00a0Minuten"},"schema":{"@context":"https:\/\/schema.org","@graph":[{"@type":"WebPage","@id":"https:\/\/www.slow-venice.com\/slow-venice-itineraries\/cannaregio-and-the-jewish-ghetto\/","url":"https:\/\/www.slow-venice.com\/slow-venice-itineraries\/cannaregio-and-the-jewish-ghetto\/","name":"Cannaregio and the Jewish Ghetto - Slow Venice","isPartOf":{"@id":"https:\/\/www.slow-venice.com\/#website"},"primaryImageOfPage":{"@id":"https:\/\/www.slow-venice.com\/slow-venice-itineraries\/cannaregio-and-the-jewish-ghetto\/#primaryimage"},"image":{"@id":"https:\/\/www.slow-venice.com\/slow-venice-itineraries\/cannaregio-and-the-jewish-ghetto\/#primaryimage"},"thumbnailUrl":"https:\/\/www.slow-venice.com\/wp-content\/uploads\/2020\/10\/Cannaregio-1.jpg","datePublished":"2020-09-28T15:14:43+00:00","dateModified":"2023-08-22T08:21:57+00:00","description":"In the Venetian Ghetto, we can trace the history of the Jewish Community of Venice and its relationship with the Republic.","breadcrumb":{"@id":"https:\/\/www.slow-venice.com\/slow-venice-itineraries\/cannaregio-and-the-jewish-ghetto\/#breadcrumb"},"inLanguage":"de","potentialAction":[{"@type":"ReadAction","target":["https:\/\/www.slow-venice.com\/slow-venice-itineraries\/cannaregio-and-the-jewish-ghetto\/"]}]},{"@type":"ImageObject","inLanguage":"de","@id":"https:\/\/www.slow-venice.com\/slow-venice-itineraries\/cannaregio-and-the-jewish-ghetto\/#primaryimage","url":"https:\/\/www.slow-venice.com\/wp-content\/uploads\/2020\/10\/Cannaregio-1.jpg","contentUrl":"https:\/\/www.slow-venice.com\/wp-content\/uploads\/2020\/10\/Cannaregio-1.jpg"},{"@type":"BreadcrumbList","@id":"https:\/\/www.slow-venice.com\/slow-venice-itineraries\/cannaregio-and-the-jewish-ghetto\/#breadcrumb","itemListElement":[{"@type":"ListItem","position":1,"name":"Home","item":"https:\/\/www.slow-venice.com\/"},{"@type":"ListItem","position":2,"name":"Slow Venice &#8211; itineraries","item":"https:\/\/www.slow-venice.com\/slow-venice-itineraries\/"},{"@type":"ListItem","position":3,"name":"Cannaregio and the Jewish Ghetto"}]},{"@type":"WebSite","@id":"https:\/\/www.slow-venice.com\/#website","url":"https:\/\/www.slow-venice.com\/","name":"Slow Venice","description":"Unique Venice tours for travellers who want to slow down and expereince more","potentialAction":[{"@type":"SearchAction","target":{"@type":"EntryPoint","urlTemplate":"https:\/\/www.slow-venice.com\/?s={search_term_string}"},"query-input":{"@type":"PropertyValueSpecification","valueRequired":true,"valueName":"search_term_string"}}],"inLanguage":"de"}]}},"_links":{"self":[{"href":"https:\/\/www.slow-venice.com\/de\/wp-json\/wp\/v2\/pages\/127","targetHints":{"allow":["GET"]}}],"collection":[{"href":"https:\/\/www.slow-venice.com\/de\/wp-json\/wp\/v2\/pages"}],"about":[{"href":"https:\/\/www.slow-venice.com\/de\/wp-json\/wp\/v2\/types\/page"}],"author":[{"embeddable":true,"href":"https:\/\/www.slow-venice.com\/de\/wp-json\/wp\/v2\/users\/1"}],"replies":[{"embeddable":true,"href":"https:\/\/www.slow-venice.com\/de\/wp-json\/wp\/v2\/comments?post=127"}],"version-history":[{"count":3,"href":"https:\/\/www.slow-venice.com\/de\/wp-json\/wp\/v2\/pages\/127\/revisions"}],"predecessor-version":[{"id":749,"href":"https:\/\/www.slow-venice.com\/de\/wp-json\/wp\/v2\/pages\/127\/revisions\/749"}],"up":[{"embeddable":true,"href":"https:\/\/www.slow-venice.com\/de\/wp-json\/wp\/v2\/pages\/60"}],"wp:attachment":[{"href":"https:\/\/www.slow-venice.com\/de\/wp-json\/wp\/v2\/media?parent=127"}],"curies":[{"name":"wp","href":"https:\/\/api.w.org\/{rel}","templated":true}]}}