{"id":114,"date":"2020-09-25T14:31:25","date_gmt":"2020-09-25T13:31:25","guid":{"rendered":"https:\/\/www.viperfish.eu\/slow-venice\/?page_id=114"},"modified":"2023-08-22T10:17:16","modified_gmt":"2023-08-22T08:17:16","slug":"palatial-art-architecture-grimani-querini-stampalia","status":"publish","type":"page","link":"https:\/\/www.slow-venice.com\/de\/slow-venice-itineraries\/palatial-art-architecture-grimani-querini-stampalia\/","title":{"rendered":"Palatial Art and Architecture: Grimani and Querini Stampalia"},"content":{"rendered":"<div class=\"text-box-inner-wrap\"><div class=\"none\" style=\"padding: 30px 0 0;margin: 0 0 0;background-color: ;color: ;border-width:0px;border-color:;border-style:solid;\"><p><img loading=\"lazy\" decoding=\"async\" class=\"wp-image-404 size-large alignleft\" title=\"Foto Credits Palgri, Wikipedia\" src=\"https:\/\/www.slow-venice.com\/wp-content\/uploads\/2021\/01\/La_Tribuna_di_Palazzo_Grimani_con_le_sculture-1024x1021.jpg\" alt=\"Palatial Art and Architecture in Venice - Palazzo Grimani\" width=\"756\" height=\"754\" srcset=\"https:\/\/www.slow-venice.com\/wp-content\/uploads\/2021\/01\/La_Tribuna_di_Palazzo_Grimani_con_le_sculture-1024x1021.jpg 1024w, https:\/\/www.slow-venice.com\/wp-content\/uploads\/2021\/01\/La_Tribuna_di_Palazzo_Grimani_con_le_sculture-300x300.jpg 300w, https:\/\/www.slow-venice.com\/wp-content\/uploads\/2021\/01\/La_Tribuna_di_Palazzo_Grimani_con_le_sculture-150x150.jpg 150w, https:\/\/www.slow-venice.com\/wp-content\/uploads\/2021\/01\/La_Tribuna_di_Palazzo_Grimani_con_le_sculture-768x765.jpg 768w, https:\/\/www.slow-venice.com\/wp-content\/uploads\/2021\/01\/La_Tribuna_di_Palazzo_Grimani_con_le_sculture-1536x1531.jpg 1536w, https:\/\/www.slow-venice.com\/wp-content\/uploads\/2021\/01\/La_Tribuna_di_Palazzo_Grimani_con_le_sculture-2048x2041.jpg 2048w, https:\/\/www.slow-venice.com\/wp-content\/uploads\/2021\/01\/La_Tribuna_di_Palazzo_Grimani_con_le_sculture-12x12.jpg 12w, https:\/\/www.slow-venice.com\/wp-content\/uploads\/2021\/01\/La_Tribuna_di_Palazzo_Grimani_con_le_sculture-160x160.jpg 160w, https:\/\/www.slow-venice.com\/wp-content\/uploads\/2021\/01\/La_Tribuna_di_Palazzo_Grimani_con_le_sculture-1400x1395.jpg 1400w, https:\/\/www.slow-venice.com\/wp-content\/uploads\/2021\/01\/La_Tribuna_di_Palazzo_Grimani_con_le_sculture-800x797.jpg 800w\" sizes=\"auto, (max-width: 756px) 100vw, 756px\" \/><\/p>\n<\/div><\/div>\n<div class=\"text-box-inner-wrap\"><div class=\"none\" style=\"padding: 0 0 0;margin: 0 0 0;background-color: ;color: ;border-width:0px;border-color:;border-style:solid;\"><\/p>\n<h3>Architektur und Kunst in den Pal\u00e4sten. \nPalazzo Grimani und Palazzo Querini Stampalia<\/h3>\n<p>In der N\u00e4he von Santa Maria Formosa baute die ber\u00fchmte Adelsfamilie Grimani im 16. Jahrhundert einen der modernsten und elegantesten Pal\u00e4ste der Renaissance. Das Geb\u00e4ude, dessen Architektur von historischen r\u00f6mischen Villen inspiriert ist, beheimatete einst eine au\u00dfergew\u00f6hnliche Antiquit\u00e4tensammlung, die sp\u00e4ter der Republik vermacht wurde und heute zum Teil im Arch\u00e4ologischen Museum zu sehen ist. \nDie Fresken, der Stuck, wie \u00fcberhaupt die ganze Innendekoration bilden ein raffiniertes Beispiel f\u00fcr einen Renaissance-Palast. Sie spiegeln noch heute die Welt und das Selbstverst\u00e4ndnis einer reichen und gebildeten venezianischen Adelsfamilie jener Zeit wider.<\/p>\n<p>Nicht weit entfernt vom Palazzo Grimani befinden sich die Bibliothek und das Museum Querini Stampalia. Der Palast wurde vom letzen Vertreter der Familie Querini der Stadt \u00fcbertragen unter der Bedingung, in ihm eine Bibliothek einzurichten, die ge\u00f6ffnet sein sollte, wenn alle andere geschlossen sind. \nDas Geb\u00e4ude ist ein typisches Beispiel f\u00fcr venezianische Architektur, eingerichtet mit M\u00f6beln, Kronleuchtern, Porzellan und Gem\u00e4lden aus dem 18. Jahrhundert. Zahlreiche Bilder repr\u00e4sentieren den Alltag der venezianischen Gesellschaft und bieten einen unterhaltsamen Einblick in das 'feierliche' und 'leichte' Venedig.<\/p>\n<p>Das Geb\u00e4ude ist ein typisches Beispiel f\u00fcr venezianische Architektur, eingerichtet mit M\u00f6beln, Kronleuchtern, Porzellan und Gem\u00e4lden aus dem 18. Jahrhundert. Zahlreiche Bilder repr\u00e4sentieren den Alltag der venezianischen Gesellschaft und bieten einen unterhaltsamen Einblick in das 'feierliche' und 'leichte' Venedig.<\/p>\n<p>Besonders erw\u00e4hnenswert sind die baulichen Erg\u00e4nzungen von Carlo Scarpa, einem der wichtigsten italienischen Architekten des 20. Jahrhunderts, der die klassische venezianische Bautradition mit einem modernen Gesp\u00fcr f\u00fcr R\u00e4ume verbunden hat.<\/p>\n<p><img loading=\"lazy\" decoding=\"async\" class=\"alignnone wp-image-405 size-large aligncenter\" src=\"https:\/\/www.slow-venice.com\/wp-content\/uploads\/2021\/01\/01.Querini-1024x768.jpg\" alt=\"Palatial Art and Architecture in Venice - Querini Stampalia\" width=\"756\" height=\"567\" srcset=\"https:\/\/www.slow-venice.com\/wp-content\/uploads\/2021\/01\/01.Querini-1024x768.jpg 1024w, https:\/\/www.slow-venice.com\/wp-content\/uploads\/2021\/01\/01.Querini-300x225.jpg 300w, https:\/\/www.slow-venice.com\/wp-content\/uploads\/2021\/01\/01.Querini-768x576.jpg 768w, https:\/\/www.slow-venice.com\/wp-content\/uploads\/2021\/01\/01.Querini-1536x1152.jpg 1536w, https:\/\/www.slow-venice.com\/wp-content\/uploads\/2021\/01\/01.Querini-2048x1536.jpg 2048w, https:\/\/www.slow-venice.com\/wp-content\/uploads\/2021\/01\/01.Querini-16x12.jpg 16w, https:\/\/www.slow-venice.com\/wp-content\/uploads\/2021\/01\/01.Querini-1400x1050.jpg 1400w, https:\/\/www.slow-venice.com\/wp-content\/uploads\/2021\/01\/01.Querini-800x600.jpg 800w\" sizes=\"auto, (max-width: 756px) 100vw, 756px\" \/><\/p>\n<p style=\"text-align: center;\"><img loading=\"lazy\" decoding=\"async\" class=\"alignnone wp-image-406 size-large\" src=\"https:\/\/www.slow-venice.com\/wp-content\/uploads\/2021\/01\/IMG_4006-1024x768.jpg\" alt=\"Palatial Art and Architecture - Querini Stampalia\" width=\"756\" height=\"567\" srcset=\"https:\/\/www.slow-venice.com\/wp-content\/uploads\/2021\/01\/IMG_4006-1024x768.jpg 1024w, https:\/\/www.slow-venice.com\/wp-content\/uploads\/2021\/01\/IMG_4006-300x225.jpg 300w, https:\/\/www.slow-venice.com\/wp-content\/uploads\/2021\/01\/IMG_4006-768x576.jpg 768w, https:\/\/www.slow-venice.com\/wp-content\/uploads\/2021\/01\/IMG_4006-1536x1152.jpg 1536w, https:\/\/www.slow-venice.com\/wp-content\/uploads\/2021\/01\/IMG_4006-2048x1536.jpg 2048w, https:\/\/www.slow-venice.com\/wp-content\/uploads\/2021\/01\/IMG_4006-16x12.jpg 16w, https:\/\/www.slow-venice.com\/wp-content\/uploads\/2021\/01\/IMG_4006-1400x1050.jpg 1400w, https:\/\/www.slow-venice.com\/wp-content\/uploads\/2021\/01\/IMG_4006-800x600.jpg 800w\" sizes=\"auto, (max-width: 756px) 100vw, 756px\" \/><\/p>\n<p><img loading=\"lazy\" decoding=\"async\" class=\"alignnone wp-image-407 size-full aligncenter\" src=\"https:\/\/www.slow-venice.com\/wp-content\/uploads\/2021\/01\/querini-giardino.jpg\" alt=\"Palatial Art and Architecture - Garden of Querini Stampalia\" width=\"1024\" height=\"768\" srcset=\"https:\/\/www.slow-venice.com\/wp-content\/uploads\/2021\/01\/querini-giardino.jpg 1024w, https:\/\/www.slow-venice.com\/wp-content\/uploads\/2021\/01\/querini-giardino-300x225.jpg 300w, https:\/\/www.slow-venice.com\/wp-content\/uploads\/2021\/01\/querini-giardino-768x576.jpg 768w, https:\/\/www.slow-venice.com\/wp-content\/uploads\/2021\/01\/querini-giardino-16x12.jpg 16w, https:\/\/www.slow-venice.com\/wp-content\/uploads\/2021\/01\/querini-giardino-800x600.jpg 800w\" sizes=\"auto, (max-width: 1024px) 100vw, 1024px\" \/><\/p>\n<\/div><\/div>\n<div id=\"sidebar\" class=\"sidebar-pagebuilder\">\n<div class=\"sidebar\">\n<div class=\"sidebar-widget\">\n<aside id=\"nav_menu-2\" class=\"widget widget_nav_menu\">\n<h3>Reiserouten<\/h3>\n<div class=\"menu-itineraries-container\">\n<ul id=\"menu-itineraries-1\" class=\"menu\">\n<li class=\"menu-item menu-item-type-custom menu-item-object-custom menu-item-has-children menu-item-91\"><a href=\"#\">Kunst und Geschichte Venedigs<\/a>\n<ul class=\"sub-menu\">\n<li class=\"menu-item menu-item-type-post_type menu-item-object-page menu-item-88\"><a href=\"https:\/\/www.slow-venice.com\/de\/slow-venice-itineraries\/st-marks-square-the-doges-palace-and-the-basilica\/\">St. Mark\u2019s Square, the Doge\u2019s Palace and the Basilica<\/a><\/li>\n<li class=\"menu-item menu-item-type-post_type menu-item-object-page menu-item-87\"><a href=\"https:\/\/www.slow-venice.com\/de\/slow-venice-itineraries\/secret-itineraries-of-the-doges-palace\/\">Die Geheimen Wege im Dogenpalast<\/a><\/li>\n<li class=\"menu-item menu-item-type-post_type menu-item-object-page menu-item-99\"><a href=\"https:\/\/www.slow-venice.com\/de\/slow-venice-itineraries\/the-venetian-renaissance-of-bellini-titian-and-tintoretto\/\">Die K\u00fcnstler der Renaissance: Bellini, Tizian und Tintoretto in der Frari Kirche und in der Scuola di San Rocco<\/a><\/li>\n<li class=\"menu-item menu-item-type-post_type menu-item-object-page menu-item-110\"><a href=\"https:\/\/www.slow-venice.com\/de\/slow-venice-itineraries\/the-accademia-gallery-venetian-art-across-the-ages\/\">500 Jahre venezianische Malerei: die Gem\u00e4lde-Galerie Accademia<\/a><\/li>\n<li class=\"menu-item menu-item-type-post_type menu-item-object-page menu-item-109\"><a href=\"https:\/\/www.slow-venice.com\/de\/slow-venice-itineraries\/carpaccio-and-venetian-gothic-architecture\/\">Exotic influence: The fabulous eastern World of Carpaccio in the Scuola dei Dalmati and Venetian Gothic Architecture<\/a><\/li>\n<li class=\"menu-item menu-item-type-post_type menu-item-object-page menu-item-401\"><a href=\"https:\/\/www.slow-venice.com\/de\/slow-venice-itineraries\/palatial-art-architecture-grimani-querini-stampalia\/\">Palatial Art and Architecture: Grimani and Querini Stampalia<\/a><\/li>\n<li class=\"menu-item menu-item-type-post_type menu-item-object-page menu-item-400\"><a href=\"https:\/\/www.slow-venice.com\/de\/slow-venice-itineraries\/art-architecture-of-the-sacred-churches\/\">Kunst und Architektur in den Kirchen von der Renaissance zum Neuklassizismus.<\/a><\/li>\n<\/ul>\n<\/li>\n<li class=\"menu-item menu-item-type-custom menu-item-object-custom menu-item-has-children menu-item-124\"><a href=\"#\">Venedig entdecken<\/a>\n<ul class=\"sub-menu\">\n<li class=\"menu-item menu-item-type-post_type menu-item-object-page menu-item-125\"><a href=\"https:\/\/www.slow-venice.com\/de\/slow-venice-itineraries\/venice-insights-and-highlights-a-first-orientation\/\">Venedig f\u00fcr Anf\u00e4nger: eine erste Orientierung<\/a><\/li>\n<li class=\"menu-item menu-item-type-post_type menu-item-object-page menu-item-178\"><a href=\"https:\/\/www.slow-venice.com\/de\/slow-venice-itineraries\/cannaregio-and-the-jewish-ghetto\/\">Cannaregio und das j\u00fcdische Ghetto<\/a><\/li>\n<li class=\"menu-item menu-item-type-post_type menu-item-object-page menu-item-177\"><a href=\"https:\/\/www.slow-venice.com\/de\/slow-venice-itineraries\/dorsoduro\/\">Dorsoduro<\/a><\/li>\n<li class=\"menu-item menu-item-type-post_type menu-item-object-page menu-item-176\"><a href=\"https:\/\/www.slow-venice.com\/de\/slow-venice-itineraries\/castello\/\">Castello<\/a><\/li>\n<li class=\"menu-item menu-item-type-post_type menu-item-object-page menu-item-175\"><a href=\"https:\/\/www.slow-venice.com\/de\/slow-venice-itineraries\/san-polo-meander-santa-croce-strolling\/\">San Polo und Santa Croce<\/a><\/li>\n<li class=\"menu-item menu-item-type-post_type menu-item-object-page menu-item-174\"><a href=\"https:\/\/www.slow-venice.com\/de\/slow-venice-itineraries\/tour-of-the-giudecca-island\/\">Tour \u00fcber die Insel Giudecca<\/a><\/li>\n<\/ul>\n<\/li>\n<li class=\"menu-item menu-item-type-custom menu-item-object-custom menu-item-has-children menu-item-179\"><a href=\"#\">Besonderes<\/a>\n<ul class=\"sub-menu\">\n<li class=\"menu-item menu-item-type-post_type menu-item-object-page menu-item-606\"><a href=\"https:\/\/www.slow-venice.com\/de\/slow-venice-itineraries\/guided-tour-of-the-art-biennale-2024\/\">F\u00fchrungen durch die Kunstbiennale 2024<\/a><\/li>\n<li class=\"menu-item menu-item-type-post_type menu-item-object-page menu-item-180\"><a href=\"https:\/\/www.slow-venice.com\/de\/slow-venice-itineraries\/from-modern-to-contemporary-todays-art-todays-venice\/\">Wege zur Gegenwartskunst und Moderne<\/a><\/li>\n<li class=\"menu-item menu-item-type-post_type menu-item-object-page menu-item-185\"><a href=\"https:\/\/www.slow-venice.com\/de\/slow-venice-itineraries\/venetian-rococo-ca-rezzonico-and-the-carmini\/\">Venezianisches Rokoko: Ca\u2019 Rezzonico und Scuola dei Carmini<\/a><\/li>\n<li class=\"menu-item menu-item-type-post_type menu-item-object-page menu-item-184\"><a href=\"https:\/\/www.slow-venice.com\/de\/slow-venice-itineraries\/the-venice-of-theater-and-music\/\">Theater und Musik in Venedig<\/a><\/li>\n<li class=\"menu-item menu-item-type-post_type menu-item-object-page menu-item-183\"><a href=\"https:\/\/www.slow-venice.com\/de\/slow-venice-itineraries\/the-blue-green-lagoon\/\">Die Lagune<\/a><\/li>\n<li class=\"menu-item menu-item-type-post_type menu-item-object-page menu-item-182\"><a href=\"https:\/\/www.slow-venice.com\/de\/slow-venice-itineraries\/architecture-of-the-60ies-carlo-scarpa-olivetti-querini-stampalia\/\">Die Architektur der 60iger: Carlo Scarpa, Olivetti und die Fondazione Querini Stampalia<\/a><\/li>\n<li class=\"menu-item menu-item-type-post_type menu-item-object-page menu-item-394\"><a href=\"https:\/\/www.slow-venice.com\/de\/slow-venice-itineraries\/coco-chanel-in-venice\/\">Auf den Spuren von Coco Chanel in Venedig<\/a><\/li>\n<\/ul>\n<\/li>\n<\/ul>\n<\/div>\n<\/aside>\n<\/div>\n<\/div>\n<\/div>","protected":false},"excerpt":{"rendered":"<p>Itineraries Art and History St. Mark\u2019s Square, the Doge\u2019s Palace and the Basilica Secret Itineraries of the Doge\u2019s Palace The Venetian Renaissance of Bellini, Titian and Tintoretto The Accademia Gallery: Venetian Art Across the Ages Exotic influence: The fabulous eastern World of Carpaccio in the Scuola dei Dalmati and Venetian Gothic Architecture Palatial Art and Architecture: Grimani and Querini Stampalia Art &#038; Architecture of the Sacred: Churches The Six Districts Venice Insights and Highlights: a first orientation Cannaregio and the [&hellip;]<\/p>\n","protected":false},"author":1,"featured_media":0,"parent":60,"menu_order":0,"comment_status":"closed","ping_status":"open","template":"","meta":{"cybocfi_hide_featured_image":"","footnotes":""},"class_list":["post-114","page","type-page","status-publish","hentry"],"yoast_head":"<!-- This site is optimized with the Yoast SEO plugin v27.4 - https:\/\/yoast.com\/product\/yoast-seo-wordpress\/ -->\n<title>Palatial Art and Architecture: Grimani and Querini Stampalia - Slow Venice<\/title>\n<meta name=\"description\" content=\"On this tour, we will explore two fascinating and unique buildings: Palazzo Grimani and Querini Stampalia.\" \/>\n<meta name=\"robots\" content=\"index, follow, max-snippet:-1, max-image-preview:large, max-video-preview:-1\" \/>\n<link rel=\"canonical\" href=\"https:\/\/www.slow-venice.com\/de\/slow-venice-itineraries\/palatial-art-architecture-grimani-querini-stampalia\/\" \/>\n<meta property=\"og:locale\" content=\"de_DE\" \/>\n<meta property=\"og:type\" content=\"article\" \/>\n<meta property=\"og:title\" content=\"Palatial Art and Architecture: Grimani and Querini Stampalia - Slow Venice\" \/>\n<meta property=\"og:description\" content=\"On this tour, we will explore two fascinating and unique buildings: Palazzo Grimani and Querini Stampalia.\" \/>\n<meta property=\"og:url\" content=\"https:\/\/www.slow-venice.com\/de\/slow-venice-itineraries\/palatial-art-architecture-grimani-querini-stampalia\/\" \/>\n<meta property=\"og:site_name\" content=\"Slow Venice\" \/>\n<meta property=\"article:modified_time\" content=\"2023-08-22T08:17:16+00:00\" \/>\n<meta property=\"og:image\" content=\"https:\/\/www.slow-venice.com\/wp-content\/uploads\/2021\/01\/La_Tribuna_di_Palazzo_Grimani_con_le_sculture-1024x1021.jpg\" \/>\n<meta name=\"twitter:card\" content=\"summary_large_image\" \/>\n<meta name=\"twitter:label1\" content=\"Gesch\u00e4tzte Lesezeit\" \/>\n\t<meta name=\"twitter:data1\" content=\"3\u00a0Minuten\" \/>\n<script type=\"application\/ld+json\" class=\"yoast-schema-graph\">{\"@context\":\"https:\\\/\\\/schema.org\",\"@graph\":[{\"@type\":\"WebPage\",\"@id\":\"https:\\\/\\\/www.slow-venice.com\\\/slow-venice-itineraries\\\/palatial-art-architecture-grimani-querini-stampalia\\\/\",\"url\":\"https:\\\/\\\/www.slow-venice.com\\\/slow-venice-itineraries\\\/palatial-art-architecture-grimani-querini-stampalia\\\/\",\"name\":\"Palatial Art and Architecture: Grimani and Querini Stampalia - Slow Venice\",\"isPartOf\":{\"@id\":\"https:\\\/\\\/www.slow-venice.com\\\/#website\"},\"primaryImageOfPage\":{\"@id\":\"https:\\\/\\\/www.slow-venice.com\\\/slow-venice-itineraries\\\/palatial-art-architecture-grimani-querini-stampalia\\\/#primaryimage\"},\"image\":{\"@id\":\"https:\\\/\\\/www.slow-venice.com\\\/slow-venice-itineraries\\\/palatial-art-architecture-grimani-querini-stampalia\\\/#primaryimage\"},\"thumbnailUrl\":\"https:\\\/\\\/www.slow-venice.com\\\/wp-content\\\/uploads\\\/2021\\\/01\\\/La_Tribuna_di_Palazzo_Grimani_con_le_sculture-1024x1021.jpg\",\"datePublished\":\"2020-09-25T13:31:25+00:00\",\"dateModified\":\"2023-08-22T08:17:16+00:00\",\"description\":\"On this tour, we will explore two fascinating and unique buildings: Palazzo Grimani and Querini Stampalia.\",\"breadcrumb\":{\"@id\":\"https:\\\/\\\/www.slow-venice.com\\\/slow-venice-itineraries\\\/palatial-art-architecture-grimani-querini-stampalia\\\/#breadcrumb\"},\"inLanguage\":\"de\",\"potentialAction\":[{\"@type\":\"ReadAction\",\"target\":[\"https:\\\/\\\/www.slow-venice.com\\\/slow-venice-itineraries\\\/palatial-art-architecture-grimani-querini-stampalia\\\/\"]}]},{\"@type\":\"ImageObject\",\"inLanguage\":\"de\",\"@id\":\"https:\\\/\\\/www.slow-venice.com\\\/slow-venice-itineraries\\\/palatial-art-architecture-grimani-querini-stampalia\\\/#primaryimage\",\"url\":\"https:\\\/\\\/www.slow-venice.com\\\/wp-content\\\/uploads\\\/2021\\\/01\\\/La_Tribuna_di_Palazzo_Grimani_con_le_sculture-1024x1021.jpg\",\"contentUrl\":\"https:\\\/\\\/www.slow-venice.com\\\/wp-content\\\/uploads\\\/2021\\\/01\\\/La_Tribuna_di_Palazzo_Grimani_con_le_sculture-1024x1021.jpg\"},{\"@type\":\"BreadcrumbList\",\"@id\":\"https:\\\/\\\/www.slow-venice.com\\\/slow-venice-itineraries\\\/palatial-art-architecture-grimani-querini-stampalia\\\/#breadcrumb\",\"itemListElement\":[{\"@type\":\"ListItem\",\"position\":1,\"name\":\"Home\",\"item\":\"https:\\\/\\\/www.slow-venice.com\\\/\"},{\"@type\":\"ListItem\",\"position\":2,\"name\":\"Slow Venice &#8211; itineraries\",\"item\":\"https:\\\/\\\/www.slow-venice.com\\\/slow-venice-itineraries\\\/\"},{\"@type\":\"ListItem\",\"position\":3,\"name\":\"Palatial Art and Architecture: Grimani and Querini Stampalia\"}]},{\"@type\":\"WebSite\",\"@id\":\"https:\\\/\\\/www.slow-venice.com\\\/#website\",\"url\":\"https:\\\/\\\/www.slow-venice.com\\\/\",\"name\":\"Slow Venice\",\"description\":\"Unique Venice tours for travellers who want to slow down and expereince more\",\"potentialAction\":[{\"@type\":\"SearchAction\",\"target\":{\"@type\":\"EntryPoint\",\"urlTemplate\":\"https:\\\/\\\/www.slow-venice.com\\\/?s={search_term_string}\"},\"query-input\":{\"@type\":\"PropertyValueSpecification\",\"valueRequired\":true,\"valueName\":\"search_term_string\"}}],\"inLanguage\":\"de\"}]}<\/script>\n<!-- \/ Yoast SEO plugin. -->","yoast_head_json":{"title":"Palatial Art and Architecture: Grimani and Querini Stampalia - Slow Venice","description":"On this tour, we will explore two fascinating and unique buildings: Palazzo Grimani and Querini Stampalia.","robots":{"index":"index","follow":"follow","max-snippet":"max-snippet:-1","max-image-preview":"max-image-preview:large","max-video-preview":"max-video-preview:-1"},"canonical":"https:\/\/www.slow-venice.com\/de\/slow-venice-itineraries\/palatial-art-architecture-grimani-querini-stampalia\/","og_locale":"de_DE","og_type":"article","og_title":"Palatial Art and Architecture: Grimani and Querini Stampalia - Slow Venice","og_description":"On this tour, we will explore two fascinating and unique buildings: Palazzo Grimani and Querini Stampalia.","og_url":"https:\/\/www.slow-venice.com\/de\/slow-venice-itineraries\/palatial-art-architecture-grimani-querini-stampalia\/","og_site_name":"Slow Venice","article_modified_time":"2023-08-22T08:17:16+00:00","og_image":[{"url":"https:\/\/www.slow-venice.com\/wp-content\/uploads\/2021\/01\/La_Tribuna_di_Palazzo_Grimani_con_le_sculture-1024x1021.jpg","type":"","width":"","height":""}],"twitter_card":"summary_large_image","twitter_misc":{"Gesch\u00e4tzte Lesezeit":"3\u00a0Minuten"},"schema":{"@context":"https:\/\/schema.org","@graph":[{"@type":"WebPage","@id":"https:\/\/www.slow-venice.com\/slow-venice-itineraries\/palatial-art-architecture-grimani-querini-stampalia\/","url":"https:\/\/www.slow-venice.com\/slow-venice-itineraries\/palatial-art-architecture-grimani-querini-stampalia\/","name":"Palatial Art and Architecture: Grimani and Querini Stampalia - Slow Venice","isPartOf":{"@id":"https:\/\/www.slow-venice.com\/#website"},"primaryImageOfPage":{"@id":"https:\/\/www.slow-venice.com\/slow-venice-itineraries\/palatial-art-architecture-grimani-querini-stampalia\/#primaryimage"},"image":{"@id":"https:\/\/www.slow-venice.com\/slow-venice-itineraries\/palatial-art-architecture-grimani-querini-stampalia\/#primaryimage"},"thumbnailUrl":"https:\/\/www.slow-venice.com\/wp-content\/uploads\/2021\/01\/La_Tribuna_di_Palazzo_Grimani_con_le_sculture-1024x1021.jpg","datePublished":"2020-09-25T13:31:25+00:00","dateModified":"2023-08-22T08:17:16+00:00","description":"On this tour, we will explore two fascinating and unique buildings: Palazzo Grimani and Querini Stampalia.","breadcrumb":{"@id":"https:\/\/www.slow-venice.com\/slow-venice-itineraries\/palatial-art-architecture-grimani-querini-stampalia\/#breadcrumb"},"inLanguage":"de","potentialAction":[{"@type":"ReadAction","target":["https:\/\/www.slow-venice.com\/slow-venice-itineraries\/palatial-art-architecture-grimani-querini-stampalia\/"]}]},{"@type":"ImageObject","inLanguage":"de","@id":"https:\/\/www.slow-venice.com\/slow-venice-itineraries\/palatial-art-architecture-grimani-querini-stampalia\/#primaryimage","url":"https:\/\/www.slow-venice.com\/wp-content\/uploads\/2021\/01\/La_Tribuna_di_Palazzo_Grimani_con_le_sculture-1024x1021.jpg","contentUrl":"https:\/\/www.slow-venice.com\/wp-content\/uploads\/2021\/01\/La_Tribuna_di_Palazzo_Grimani_con_le_sculture-1024x1021.jpg"},{"@type":"BreadcrumbList","@id":"https:\/\/www.slow-venice.com\/slow-venice-itineraries\/palatial-art-architecture-grimani-querini-stampalia\/#breadcrumb","itemListElement":[{"@type":"ListItem","position":1,"name":"Home","item":"https:\/\/www.slow-venice.com\/"},{"@type":"ListItem","position":2,"name":"Slow Venice &#8211; itineraries","item":"https:\/\/www.slow-venice.com\/slow-venice-itineraries\/"},{"@type":"ListItem","position":3,"name":"Palatial Art and Architecture: Grimani and Querini Stampalia"}]},{"@type":"WebSite","@id":"https:\/\/www.slow-venice.com\/#website","url":"https:\/\/www.slow-venice.com\/","name":"Slow Venice","description":"Unique Venice tours for travellers who want to slow down and expereince more","potentialAction":[{"@type":"SearchAction","target":{"@type":"EntryPoint","urlTemplate":"https:\/\/www.slow-venice.com\/?s={search_term_string}"},"query-input":{"@type":"PropertyValueSpecification","valueRequired":true,"valueName":"search_term_string"}}],"inLanguage":"de"}]}},"_links":{"self":[{"href":"https:\/\/www.slow-venice.com\/de\/wp-json\/wp\/v2\/pages\/114","targetHints":{"allow":["GET"]}}],"collection":[{"href":"https:\/\/www.slow-venice.com\/de\/wp-json\/wp\/v2\/pages"}],"about":[{"href":"https:\/\/www.slow-venice.com\/de\/wp-json\/wp\/v2\/types\/page"}],"author":[{"embeddable":true,"href":"https:\/\/www.slow-venice.com\/de\/wp-json\/wp\/v2\/users\/1"}],"replies":[{"embeddable":true,"href":"https:\/\/www.slow-venice.com\/de\/wp-json\/wp\/v2\/comments?post=114"}],"version-history":[{"count":15,"href":"https:\/\/www.slow-venice.com\/de\/wp-json\/wp\/v2\/pages\/114\/revisions"}],"predecessor-version":[{"id":748,"href":"https:\/\/www.slow-venice.com\/de\/wp-json\/wp\/v2\/pages\/114\/revisions\/748"}],"up":[{"embeddable":true,"href":"https:\/\/www.slow-venice.com\/de\/wp-json\/wp\/v2\/pages\/60"}],"wp:attachment":[{"href":"https:\/\/www.slow-venice.com\/de\/wp-json\/wp\/v2\/media?parent=114"}],"curies":[{"name":"wp","href":"https:\/\/api.w.org\/{rel}","templated":true}]}}