{"id":101,"date":"2020-09-22T15:44:09","date_gmt":"2020-09-22T14:44:09","guid":{"rendered":"https:\/\/www.viperfish.eu\/slow-venice\/?page_id=101"},"modified":"2025-04-23T22:32:12","modified_gmt":"2025-04-23T20:32:12","slug":"venetian-masters-at-the-accademia-galleries-light-colour-and-legacy","status":"publish","type":"page","link":"https:\/\/www.slow-venice.com\/de\/slow-venice-itineraries\/venetian-masters-at-the-accademia-galleries-light-colour-and-legacy\/","title":{"rendered":"Die Accademia-Galerie: Venezianische Kunst durch die Jahrhunderte"},"content":{"rendered":"<div class=\"text-box-inner-wrap\"><div class=\"none\" style=\"padding: 30px 0 0;margin: 0 0 0;background-color: ;color: ;border-width:0px;border-color:;border-style:solid;\"><\/p>\n<p><img loading=\"lazy\" decoding=\"async\" class=\"aligncenter wp-image-112 size-full\" src=\"https:\/\/www.slow-venice.com\/wp-content\/uploads\/2020\/09\/Carpaaccio-Miracolo-della-Croce.jpg\" alt=\"Accademia Gallery - Slow Venice\" width=\"1800\" height=\"1142\" srcset=\"https:\/\/www.slow-venice.com\/wp-content\/uploads\/2020\/09\/Carpaaccio-Miracolo-della-Croce.jpg 1800w, https:\/\/www.slow-venice.com\/wp-content\/uploads\/2020\/09\/Carpaaccio-Miracolo-della-Croce-300x190.jpg 300w, https:\/\/www.slow-venice.com\/wp-content\/uploads\/2020\/09\/Carpaaccio-Miracolo-della-Croce-1024x650.jpg 1024w, https:\/\/www.slow-venice.com\/wp-content\/uploads\/2020\/09\/Carpaaccio-Miracolo-della-Croce-768x487.jpg 768w, https:\/\/www.slow-venice.com\/wp-content\/uploads\/2020\/09\/Carpaaccio-Miracolo-della-Croce-1536x975.jpg 1536w, https:\/\/www.slow-venice.com\/wp-content\/uploads\/2020\/09\/Carpaaccio-Miracolo-della-Croce-1400x888.jpg 1400w, https:\/\/www.slow-venice.com\/wp-content\/uploads\/2020\/09\/Carpaaccio-Miracolo-della-Croce-800x508.jpg 800w\" sizes=\"auto, (max-width: 1800px) 100vw, 1800px\" \/><\/p>\n<p>\n<\/div><\/div>\n<div class=\"text-box-inner-wrap\"><div class=\"none\" style=\"padding: 0 0 0;margin: 0 0 0;background-color: ;color: ;border-width:0px;border-color:;border-style:solid;\"><\/p>\n<h3>Die Accademia-Galerie: Venezianische Kunst durch die Jahrhunderte<\/h3>\n<p class=\"textrundgaenge\">Die Accademia-Galerie beherbergt die weltweit bedeutendste Sammlung venezianischer Malerei \u2013 vom Sp\u00e4tmittelalter bis ins 18. Jahrhundert.<\/p>\n<p class=\"\" data-start=\"641\" data-end=\"951\">Auf diesem Rundgang verfolgen wir die Entwicklung der venezianischen Kunst: Wir beginnen mit den goldgrundierten Tafeln von Paolo Veneziano, in denen noch die byzantinische Welt nachhallt. Es folgen die lebendigen Erz\u00e4hlbilder von Gentile Bellini und Vittore Carpaccio, die detailreiche Einblicke in das Alltagsleben des 15. und 16. Jahrhunderts bieten.<\/p>\n<p class=\"\" data-start=\"953\" data-end=\"1136\">Dann begegnen wir den Meisterwerken der venezianischen Renaissance \u2013 leuchtend, kraftvoll und vision\u00e4r \u2013 mit Werken von Giovanni Bellini, Giorgione, Tizian, Lotto, Veronese und Tintoretto. Einige Bilder sind still und meditativ, andere gro\u00dfformatig und voller theatralischer Wirkung.<\/p>\n<p data-start=\"953\" data-end=\"1136\">Nach einer ruhigeren Phase, erwachte die venezianische Malerei im 18. Jahrhundert zu neuer Lebendigkeit: Licht, Farbe und Atmosph\u00e4re kehrten zur\u00fcck mit den schwebenden Fresken von Giambattista Tiepolo und den poetischen Veduten von Canaletto und Guardi \u2013 Bildwelten, die bis heute unsere Vorstellung von Venedig pr\u00e4gen.<\/p>\n<p>Mein Zugang zur Kunst ist immer im historischen Kontext verankert \u2013 in dem, was ein Werk in seiner Entstehungszeit bedeutete. Doch ich lade meine G\u00e4ste auch ein, sich zu fragen, was uns diese Bilder heute noch sagen k\u00f6nnen.\nKunst ist nie stumm: Sie tr\u00e4gt Fragen, Sch\u00f6nheit, Widerspr\u00fcche und Echos in sich, die auch nach Jahrhunderten noch ber\u00fchren k\u00f6nnen.<\/p>\n<p><img loading=\"lazy\" decoding=\"async\" class=\"size-large wp-image-339 aligncenter\" src=\"https:\/\/www.slow-venice.com\/wp-content\/uploads\/2020\/12\/Tempesta-Giorgione-912x1024.jpg\" alt=\"\" width=\"756\" height=\"849\" \/><\/p>\n<\/div><\/div>\n<div id=\"sidebar\" class=\"sidebar-pagebuilder\">\n<div class=\"sidebar\">\n<div class=\"sidebar-widget\">\n<aside id=\"nav_menu-2\" class=\"widget widget_nav_menu\">\n<h3>Reiserouten<\/h3>\n<div class=\"menu-itineraries-container\">\n<ul id=\"menu-itineraries\" class=\"menu\">\n<li id=\"menu-item-91\" class=\"menu-item menu-item-type-custom menu-item-object-custom menu-item-has-children menu-item-91\"><a href=\"#\">Kunst und Geschichte Venedigs<\/a>\n<ul class=\"sub-menu\">\n<li id=\"menu-item-88\" class=\"menu-item menu-item-type-post_type menu-item-object-page menu-item-88\"><a href=\"https:\/\/www.slow-venice.com\/de\/slow-venice-itineraries\/st-marks-square-the-doges-palace-and-the-basilica\/\">St. Mark\u2019s Square, the Doge\u2019s Palace and the Basilica<\/a><\/li>\n<li id=\"menu-item-87\" class=\"menu-item menu-item-type-post_type menu-item-object-page menu-item-87\"><a href=\"https:\/\/www.slow-venice.com\/de\/slow-venice-itineraries\/secret-itineraries-of-the-doges-palace\/\">Die Geheimen Wege im Dogenpalast<\/a><\/li>\n<li id=\"menu-item-99\" class=\"menu-item menu-item-type-post_type menu-item-object-page menu-item-99\"><a href=\"https:\/\/www.slow-venice.com\/de\/slow-venice-itineraries\/the-venetian-renaissance-of-bellini-titian-and-tintoretto\/\">Die K\u00fcnstler der Renaissance: Bellini, Tizian und Tintoretto in der Frari Kirche und in der Scuola di San Rocco<\/a><\/li>\n<li id=\"menu-item-110\" class=\"menu-item menu-item-type-post_type menu-item-object-page menu-item-110\"><a href=\"https:\/\/www.slow-venice.com\/de\/slow-venice-itineraries\/venetian-masters-at-the-accademia-galleries-light-colour-and-legacy\/\">Die Accademia-Galerie: Venezianische Kunst durch die Jahrhunderte<\/a><\/li>\n<li id=\"menu-item-109\" class=\"menu-item menu-item-type-post_type menu-item-object-page menu-item-109\"><a href=\"https:\/\/www.slow-venice.com\/de\/slow-venice-itineraries\/carpaccio-and-venetian-gothic-architecture\/\">Exotic influence: The fabulous eastern World of Carpaccio in the Scuola dei Dalmati and Venetian Gothic Architecture<\/a><\/li>\n<li id=\"menu-item-401\" class=\"menu-item menu-item-type-post_type menu-item-object-page menu-item-401\"><a href=\"https:\/\/www.slow-venice.com\/de\/slow-venice-itineraries\/palatial-art-architecture-grimani-querini-stampalia\/\">Palatial Art and Architecture: Grimani and Querini Stampalia<\/a><\/li>\n<li id=\"menu-item-400\" class=\"menu-item menu-item-type-post_type menu-item-object-page menu-item-400\"><a href=\"https:\/\/www.slow-venice.com\/de\/slow-venice-itineraries\/art-architecture-of-the-sacred-churches\/\">Kunst und Architektur in den Kirchen von der Renaissance zum Neuklassizismus.<\/a><\/li>\n<\/ul>\n<\/li>\n<li id=\"menu-item-124\" class=\"menu-item menu-item-type-custom menu-item-object-custom menu-item-has-children menu-item-124\"><a href=\"#\">Venedig entdecken<\/a>\n<ul class=\"sub-menu\">\n<li id=\"menu-item-125\" class=\"menu-item menu-item-type-post_type menu-item-object-page menu-item-125\"><a href=\"https:\/\/www.slow-venice.com\/de\/slow-venice-itineraries\/venice-insights-and-highlights-a-first-orientation\/\">Venedig f\u00fcr Anf\u00e4nger: eine erste Orientierung<\/a><\/li>\n<li id=\"menu-item-178\" class=\"menu-item menu-item-type-post_type menu-item-object-page menu-item-178\"><a href=\"https:\/\/www.slow-venice.com\/de\/slow-venice-itineraries\/cannaregio-and-the-jewish-ghetto\/\">Cannaregio und das j\u00fcdische Ghetto<\/a><\/li>\n<li id=\"menu-item-177\" class=\"menu-item menu-item-type-post_type menu-item-object-page menu-item-177\"><a href=\"https:\/\/www.slow-venice.com\/de\/slow-venice-itineraries\/dorsoduro\/\">Dorsoduro<\/a><\/li>\n<li id=\"menu-item-176\" class=\"menu-item menu-item-type-post_type menu-item-object-page menu-item-176\"><a href=\"https:\/\/www.slow-venice.com\/de\/slow-venice-itineraries\/castello\/\">Castello<\/a><\/li>\n<li id=\"menu-item-175\" class=\"menu-item menu-item-type-post_type menu-item-object-page menu-item-175\"><a href=\"https:\/\/www.slow-venice.com\/de\/slow-venice-itineraries\/san-polo-meander-santa-croce-strolling\/\">San Polo und Santa Croce<\/a><\/li>\n<li id=\"menu-item-174\" class=\"menu-item menu-item-type-post_type menu-item-object-page menu-item-174\"><a href=\"https:\/\/www.slow-venice.com\/de\/slow-venice-itineraries\/tour-of-the-giudecca-island\/\">Tour \u00fcber die Insel Giudecca<\/a><\/li>\n<\/ul>\n<\/li>\n<li id=\"menu-item-179\" class=\"menu-item menu-item-type-custom menu-item-object-custom menu-item-has-children menu-item-179\"><a href=\"#\">Besonderes<\/a>\n<ul class=\"sub-menu\">\n<li id=\"menu-item-606\" class=\"menu-item menu-item-type-post_type menu-item-object-page menu-item-606\"><a href=\"https:\/\/www.slow-venice.com\/de\/slow-venice-itineraries\/architecture-biennale-2025\/\">Architektur-Biennale 2025<\/a><\/li>\n<li id=\"menu-item-180\" class=\"menu-item menu-item-type-post_type menu-item-object-page menu-item-180\"><a href=\"https:\/\/www.slow-venice.com\/de\/slow-venice-itineraries\/from-modern-to-contemporary-todays-art-todays-venice\/\">Wege zur Gegenwartskunst und Moderne<\/a><\/li>\n<li id=\"menu-item-185\" class=\"menu-item menu-item-type-post_type menu-item-object-page menu-item-185\"><a href=\"https:\/\/www.slow-venice.com\/de\/slow-venice-itineraries\/venetian-rococo-ca-rezzonico-and-the-carmini\/\">Venezianisches Rokoko: Ca\u2019 Rezzonico und Scuola dei Carmini<\/a><\/li>\n<li id=\"menu-item-184\" class=\"menu-item menu-item-type-post_type menu-item-object-page menu-item-184\"><a href=\"https:\/\/www.slow-venice.com\/de\/slow-venice-itineraries\/the-venice-of-theater-and-music\/\">Theater und Musik in Venedig<\/a><\/li>\n<li id=\"menu-item-183\" class=\"menu-item menu-item-type-post_type menu-item-object-page menu-item-183\"><a href=\"https:\/\/www.slow-venice.com\/de\/slow-venice-itineraries\/the-blue-green-lagoon\/\">Die Lagune<\/a><\/li>\n<li id=\"menu-item-182\" class=\"menu-item menu-item-type-post_type menu-item-object-page menu-item-182\"><a href=\"https:\/\/www.slow-venice.com\/de\/slow-venice-itineraries\/architecture-of-the-60ies-carlo-scarpa-olivetti-querini-stampalia\/\">Die Architektur der 60iger: Carlo Scarpa, Olivetti und die Fondazione Querini Stampalia<\/a><\/li>\n<li id=\"menu-item-394\" class=\"menu-item menu-item-type-post_type menu-item-object-page menu-item-394\"><a href=\"https:\/\/www.slow-venice.com\/de\/slow-venice-itineraries\/coco-chanel-in-venice\/\">Auf den Spuren von Coco Chanel in Venedig<\/a><\/li>\n<\/ul>\n<\/li>\n<\/ul>\n<\/div>\n<\/aside>\n<\/div>\n<\/div>\n<\/div>","protected":false},"excerpt":{"rendered":"<p>Itineraries Art and History St. Mark\u2019s Square, the Doge\u2019s Palace and the Basilica Secret Itineraries of the Doge\u2019s Palace The Venetian Renaissance of Bellini, Titian and Tintoretto Venetian Masters at the Accademia Galleries: Light, Colour, and Legacy Exotic influence: The fabulous eastern World of Carpaccio in the Scuola dei Dalmati and Venetian Gothic Architecture Palatial Art and Architecture: Grimani and Querini Stampalia Art &#038; Architecture of the Sacred: Churches The Six Districts Venice Insights and Highlights: a first orientation Cannaregio [&hellip;]<\/p>\n","protected":false},"author":1,"featured_media":0,"parent":60,"menu_order":0,"comment_status":"closed","ping_status":"open","template":"","meta":{"cybocfi_hide_featured_image":"","footnotes":""},"class_list":["post-101","page","type-page","status-publish","hentry"],"yoast_head":"<!-- This site is optimized with the Yoast SEO plugin v27.4 - https:\/\/yoast.com\/product\/yoast-seo-wordpress\/ -->\n<title>Venetian Masters at the Accademia Galleries: Light, Colour, and Legacy - Slow Venice<\/title>\n<meta name=\"description\" content=\"The Accademia Gallery hosts the world\u2019s richest collection of Venetian paintings, ranging from the 14th to the 18th century.\" \/>\n<meta name=\"robots\" content=\"index, follow, max-snippet:-1, max-image-preview:large, max-video-preview:-1\" \/>\n<link rel=\"canonical\" href=\"https:\/\/www.slow-venice.com\/de\/slow-venice-itineraries\/venetian-masters-at-the-accademia-galleries-light-colour-and-legacy\/\" \/>\n<meta property=\"og:locale\" content=\"de_DE\" \/>\n<meta property=\"og:type\" content=\"article\" \/>\n<meta property=\"og:title\" content=\"Venetian Masters at the Accademia Galleries: Light, Colour, and Legacy - Slow Venice\" \/>\n<meta property=\"og:description\" content=\"The Accademia Gallery hosts the world\u2019s richest collection of Venetian paintings, ranging from the 14th to the 18th century.\" \/>\n<meta property=\"og:url\" content=\"https:\/\/www.slow-venice.com\/de\/slow-venice-itineraries\/venetian-masters-at-the-accademia-galleries-light-colour-and-legacy\/\" \/>\n<meta property=\"og:site_name\" content=\"Slow Venice\" \/>\n<meta property=\"article:modified_time\" content=\"2025-04-23T20:32:12+00:00\" \/>\n<meta property=\"og:image\" content=\"https:\/\/www.slow-venice.com\/wp-content\/uploads\/2020\/09\/Carpaaccio-Miracolo-della-Croce.jpg\" \/>\n\t<meta property=\"og:image:width\" content=\"1800\" \/>\n\t<meta property=\"og:image:height\" content=\"1142\" \/>\n\t<meta property=\"og:image:type\" content=\"image\/jpeg\" \/>\n<meta name=\"twitter:card\" content=\"summary_large_image\" \/>\n<meta name=\"twitter:label1\" content=\"Gesch\u00e4tzte Lesezeit\" \/>\n\t<meta name=\"twitter:data1\" content=\"3\u00a0Minuten\" \/>\n<script type=\"application\/ld+json\" class=\"yoast-schema-graph\">{\"@context\":\"https:\\\/\\\/schema.org\",\"@graph\":[{\"@type\":\"WebPage\",\"@id\":\"https:\\\/\\\/www.slow-venice.com\\\/slow-venice-itineraries\\\/venetian-masters-at-the-accademia-galleries-light-colour-and-legacy\\\/\",\"url\":\"https:\\\/\\\/www.slow-venice.com\\\/slow-venice-itineraries\\\/venetian-masters-at-the-accademia-galleries-light-colour-and-legacy\\\/\",\"name\":\"Venetian Masters at the Accademia Galleries: Light, Colour, and Legacy - Slow Venice\",\"isPartOf\":{\"@id\":\"https:\\\/\\\/www.slow-venice.com\\\/#website\"},\"primaryImageOfPage\":{\"@id\":\"https:\\\/\\\/www.slow-venice.com\\\/slow-venice-itineraries\\\/venetian-masters-at-the-accademia-galleries-light-colour-and-legacy\\\/#primaryimage\"},\"image\":{\"@id\":\"https:\\\/\\\/www.slow-venice.com\\\/slow-venice-itineraries\\\/venetian-masters-at-the-accademia-galleries-light-colour-and-legacy\\\/#primaryimage\"},\"thumbnailUrl\":\"https:\\\/\\\/www.slow-venice.com\\\/wp-content\\\/uploads\\\/2020\\\/09\\\/Carpaaccio-Miracolo-della-Croce.jpg\",\"datePublished\":\"2020-09-22T14:44:09+00:00\",\"dateModified\":\"2025-04-23T20:32:12+00:00\",\"description\":\"The Accademia Gallery hosts the world\u2019s richest collection of Venetian paintings, ranging from the 14th to the 18th century.\",\"breadcrumb\":{\"@id\":\"https:\\\/\\\/www.slow-venice.com\\\/slow-venice-itineraries\\\/venetian-masters-at-the-accademia-galleries-light-colour-and-legacy\\\/#breadcrumb\"},\"inLanguage\":\"de\",\"potentialAction\":[{\"@type\":\"ReadAction\",\"target\":[\"https:\\\/\\\/www.slow-venice.com\\\/slow-venice-itineraries\\\/venetian-masters-at-the-accademia-galleries-light-colour-and-legacy\\\/\"]}]},{\"@type\":\"ImageObject\",\"inLanguage\":\"de\",\"@id\":\"https:\\\/\\\/www.slow-venice.com\\\/slow-venice-itineraries\\\/venetian-masters-at-the-accademia-galleries-light-colour-and-legacy\\\/#primaryimage\",\"url\":\"https:\\\/\\\/www.slow-venice.com\\\/wp-content\\\/uploads\\\/2020\\\/09\\\/Carpaaccio-Miracolo-della-Croce.jpg\",\"contentUrl\":\"https:\\\/\\\/www.slow-venice.com\\\/wp-content\\\/uploads\\\/2020\\\/09\\\/Carpaaccio-Miracolo-della-Croce.jpg\"},{\"@type\":\"BreadcrumbList\",\"@id\":\"https:\\\/\\\/www.slow-venice.com\\\/slow-venice-itineraries\\\/venetian-masters-at-the-accademia-galleries-light-colour-and-legacy\\\/#breadcrumb\",\"itemListElement\":[{\"@type\":\"ListItem\",\"position\":1,\"name\":\"Home\",\"item\":\"https:\\\/\\\/www.slow-venice.com\\\/\"},{\"@type\":\"ListItem\",\"position\":2,\"name\":\"Slow Venice &#8211; itineraries\",\"item\":\"https:\\\/\\\/www.slow-venice.com\\\/slow-venice-itineraries\\\/\"},{\"@type\":\"ListItem\",\"position\":3,\"name\":\"Venetian Masters at the Accademia Galleries: Light, Colour, and Legacy\"}]},{\"@type\":\"WebSite\",\"@id\":\"https:\\\/\\\/www.slow-venice.com\\\/#website\",\"url\":\"https:\\\/\\\/www.slow-venice.com\\\/\",\"name\":\"Slow Venice\",\"description\":\"Unique Venice tours for travellers who want to slow down and expereince more\",\"potentialAction\":[{\"@type\":\"SearchAction\",\"target\":{\"@type\":\"EntryPoint\",\"urlTemplate\":\"https:\\\/\\\/www.slow-venice.com\\\/?s={search_term_string}\"},\"query-input\":{\"@type\":\"PropertyValueSpecification\",\"valueRequired\":true,\"valueName\":\"search_term_string\"}}],\"inLanguage\":\"de\"}]}<\/script>\n<!-- \/ Yoast SEO plugin. -->","yoast_head_json":{"title":"Venetian Masters at the Accademia Galleries: Light, Colour, and Legacy - Slow Venice","description":"The Accademia Gallery hosts the world\u2019s richest collection of Venetian paintings, ranging from the 14th to the 18th century.","robots":{"index":"index","follow":"follow","max-snippet":"max-snippet:-1","max-image-preview":"max-image-preview:large","max-video-preview":"max-video-preview:-1"},"canonical":"https:\/\/www.slow-venice.com\/de\/slow-venice-itineraries\/venetian-masters-at-the-accademia-galleries-light-colour-and-legacy\/","og_locale":"de_DE","og_type":"article","og_title":"Venetian Masters at the Accademia Galleries: Light, Colour, and Legacy - Slow Venice","og_description":"The Accademia Gallery hosts the world\u2019s richest collection of Venetian paintings, ranging from the 14th to the 18th century.","og_url":"https:\/\/www.slow-venice.com\/de\/slow-venice-itineraries\/venetian-masters-at-the-accademia-galleries-light-colour-and-legacy\/","og_site_name":"Slow Venice","article_modified_time":"2025-04-23T20:32:12+00:00","og_image":[{"width":1800,"height":1142,"url":"https:\/\/www.slow-venice.com\/wp-content\/uploads\/2020\/09\/Carpaaccio-Miracolo-della-Croce.jpg","type":"image\/jpeg"}],"twitter_card":"summary_large_image","twitter_misc":{"Gesch\u00e4tzte Lesezeit":"3\u00a0Minuten"},"schema":{"@context":"https:\/\/schema.org","@graph":[{"@type":"WebPage","@id":"https:\/\/www.slow-venice.com\/slow-venice-itineraries\/venetian-masters-at-the-accademia-galleries-light-colour-and-legacy\/","url":"https:\/\/www.slow-venice.com\/slow-venice-itineraries\/venetian-masters-at-the-accademia-galleries-light-colour-and-legacy\/","name":"Venetian Masters at the Accademia Galleries: Light, Colour, and Legacy - Slow Venice","isPartOf":{"@id":"https:\/\/www.slow-venice.com\/#website"},"primaryImageOfPage":{"@id":"https:\/\/www.slow-venice.com\/slow-venice-itineraries\/venetian-masters-at-the-accademia-galleries-light-colour-and-legacy\/#primaryimage"},"image":{"@id":"https:\/\/www.slow-venice.com\/slow-venice-itineraries\/venetian-masters-at-the-accademia-galleries-light-colour-and-legacy\/#primaryimage"},"thumbnailUrl":"https:\/\/www.slow-venice.com\/wp-content\/uploads\/2020\/09\/Carpaaccio-Miracolo-della-Croce.jpg","datePublished":"2020-09-22T14:44:09+00:00","dateModified":"2025-04-23T20:32:12+00:00","description":"The Accademia Gallery hosts the world\u2019s richest collection of Venetian paintings, ranging from the 14th to the 18th century.","breadcrumb":{"@id":"https:\/\/www.slow-venice.com\/slow-venice-itineraries\/venetian-masters-at-the-accademia-galleries-light-colour-and-legacy\/#breadcrumb"},"inLanguage":"de","potentialAction":[{"@type":"ReadAction","target":["https:\/\/www.slow-venice.com\/slow-venice-itineraries\/venetian-masters-at-the-accademia-galleries-light-colour-and-legacy\/"]}]},{"@type":"ImageObject","inLanguage":"de","@id":"https:\/\/www.slow-venice.com\/slow-venice-itineraries\/venetian-masters-at-the-accademia-galleries-light-colour-and-legacy\/#primaryimage","url":"https:\/\/www.slow-venice.com\/wp-content\/uploads\/2020\/09\/Carpaaccio-Miracolo-della-Croce.jpg","contentUrl":"https:\/\/www.slow-venice.com\/wp-content\/uploads\/2020\/09\/Carpaaccio-Miracolo-della-Croce.jpg"},{"@type":"BreadcrumbList","@id":"https:\/\/www.slow-venice.com\/slow-venice-itineraries\/venetian-masters-at-the-accademia-galleries-light-colour-and-legacy\/#breadcrumb","itemListElement":[{"@type":"ListItem","position":1,"name":"Home","item":"https:\/\/www.slow-venice.com\/"},{"@type":"ListItem","position":2,"name":"Slow Venice &#8211; itineraries","item":"https:\/\/www.slow-venice.com\/slow-venice-itineraries\/"},{"@type":"ListItem","position":3,"name":"Venetian Masters at the Accademia Galleries: Light, Colour, and Legacy"}]},{"@type":"WebSite","@id":"https:\/\/www.slow-venice.com\/#website","url":"https:\/\/www.slow-venice.com\/","name":"Slow Venice","description":"Unique Venice tours for travellers who want to slow down and expereince more","potentialAction":[{"@type":"SearchAction","target":{"@type":"EntryPoint","urlTemplate":"https:\/\/www.slow-venice.com\/?s={search_term_string}"},"query-input":{"@type":"PropertyValueSpecification","valueRequired":true,"valueName":"search_term_string"}}],"inLanguage":"de"}]}},"_links":{"self":[{"href":"https:\/\/www.slow-venice.com\/de\/wp-json\/wp\/v2\/pages\/101","targetHints":{"allow":["GET"]}}],"collection":[{"href":"https:\/\/www.slow-venice.com\/de\/wp-json\/wp\/v2\/pages"}],"about":[{"href":"https:\/\/www.slow-venice.com\/de\/wp-json\/wp\/v2\/types\/page"}],"author":[{"embeddable":true,"href":"https:\/\/www.slow-venice.com\/de\/wp-json\/wp\/v2\/users\/1"}],"replies":[{"embeddable":true,"href":"https:\/\/www.slow-venice.com\/de\/wp-json\/wp\/v2\/comments?post=101"}],"version-history":[{"count":12,"href":"https:\/\/www.slow-venice.com\/de\/wp-json\/wp\/v2\/pages\/101\/revisions"}],"predecessor-version":[{"id":995,"href":"https:\/\/www.slow-venice.com\/de\/wp-json\/wp\/v2\/pages\/101\/revisions\/995"}],"up":[{"embeddable":true,"href":"https:\/\/www.slow-venice.com\/de\/wp-json\/wp\/v2\/pages\/60"}],"wp:attachment":[{"href":"https:\/\/www.slow-venice.com\/de\/wp-json\/wp\/v2\/media?parent=101"}],"curies":[{"name":"wp","href":"https:\/\/api.w.org\/{rel}","templated":true}]}}